{"id":2770,"date":"2017-09-12T21:08:06","date_gmt":"2017-09-12T21:08:06","guid":{"rendered":"https:\/\/www.divephukettoday.com\/?page_id=2770\/"},"modified":"2017-10-07T10:18:52","modified_gmt":"2017-10-07T10:18:52","slug":"magic-night-dive","status":"publish","type":"page","link":"https:\/\/www.divephukettoday.com\/it\/magic-night-dive\/","title":{"rendered":"Immersioni notturne magiche in Phuket"},"content":{"rendered":"<p>[et_pb_section bb_built=&#8221;1&#8243; transparent_background_fb=&#8221;default&#8221; _builder_version=&#8221;3.0.69&#8243; custom_padding=&#8221;1px||1px|&#8221; background_color=&#8221;rgba(255,255,255,0)&#8221;][et_pb_row _builder_version=&#8221;3.0.47&#8243; background_size=&#8221;initial&#8221; background_position=&#8221;top_left&#8221; background_repeat=&#8221;repeat&#8221;][et_pb_column type=&#8221;1_3&#8243;][et_pb_image src=&#8221;https:\/\/www.divephukettoday.com\/wp-content\/uploads\/2017\/08\/200307nightskills_342A.jpg&#8221; _builder_version=&#8221;3.0.69&#8243; animation_style=&#8221;slide&#8221; animation_duration=&#8221;500ms&#8221; animation_intensity_slide=&#8221;10%&#8221; animation_direction=&#8221;left&#8221; \/][\/et_pb_column][et_pb_column type=&#8221;2_3&#8243;][et_pb_text _builder_version=&#8221;3.0.69&#8243;]<\/p>\n<p style=\"text-align: justify;\">Siamo i soli in grado di offrirti delle stupende e avventurose immersioni notturne.<\/p>\n<p style=\"text-align: justify;\">Le immersioni notturne sono una delle pi\u00f9 affascinanti attivit\u00e0 subacquee.<\/p>\n<p>[\/et_pb_text][\/et_pb_column][\/et_pb_row][et_pb_row _builder_version=&#8221;3.0.47&#8243; background_size=&#8221;initial&#8221; background_position=&#8221;top_left&#8221; background_repeat=&#8221;repeat&#8221;][et_pb_column type=&#8221;4_4&#8243;][et_pb_text _builder_version=&#8221;3.0.69&#8243;]<\/p>\n<p style=\"text-align: justify;\">Infatti le immersioni notturne sono famose per la qualit\u00e0 e la quantit\u00e0 di vita attiva di notte, anche in acque poco profonde e sui fondali sabbiosi; i colori sono molto pi\u00f9 vivi rispetto a quelli che si possono ammirare durante il giorno grazie alla luce prodotta da speciali lampade subacquee.<\/p>\n<p style=\"text-align: justify;\">Le immersioni notturne offrono un&#8217;immensa carica emotiva e le luce delle lampade dei subacquei riescono a creare un&#8217;atmosfera magica.<\/p>\n<p style=\"text-align: justify;\">Non aver timore a dirci cosa vuoi: verremo a trovarti presso la tua sistemazione per studiare insieme a te qualcosa di veramente speciale.<\/p>\n<p>[\/et_pb_text][et_pb_text _builder_version=&#8221;3.0.69&#8243;]<\/p>\n<p style=\"text-align: center;\">_________________________________________<\/p>\n<p>[\/et_pb_text][et_pb_text _builder_version=&#8221;3.0.69&#8243;]<\/p>\n<p style=\"text-align: center;\">Contattaci utilizzando il seguente modulo<\/p>\n<p>[\/et_pb_text][\/et_pb_column][\/et_pb_row][et_pb_row _builder_version=&#8221;3.0.47&#8243; background_size=&#8221;initial&#8221; background_position=&#8221;top_left&#8221; background_repeat=&#8221;repeat&#8221;][et_pb_column type=&#8221;4_4&#8243;][et_pb_text _builder_version=&#8221;3.0.77&#8243; background_layout=&#8221;light&#8221; border_style=&#8221;solid&#8221;]<\/p>\n<p>[gravityform id=&#8221;29&#8243; title=&#8221;true&#8221; description=&#8221;true&#8221;]<\/p>\n<p>[\/et_pb_text][et_pb_text _builder_version=&#8221;3.0.69&#8243;]<\/p>\n<p style=\"text-align: center;\">_________________________________________<\/p>\n<p>[\/et_pb_text][\/et_pb_column][\/et_pb_row][\/et_pb_section]<\/p>\n","protected":false},"excerpt":{"rendered":"<p>Siamo i soli in grado di&#8230;<\/p>\n","protected":false},"author":4,"featured_media":0,"parent":0,"menu_order":0,"comment_status":"closed","ping_status":"closed","template":"","meta":{"_et_pb_use_builder":"on","_et_pb_old_content":"<div class=\"breadcrumbs\"><p><a href=\"https:\/\/www.divephukettoday.com\">Home<\/a> \/ <span class=\"current\">Private and night dives<\/span><\/p><\/div><div id=\"content\"><h1 class=\"title title-large\">Private and night dives<\/h1><p class=\"postmetadata\"><a class=\"post-edit-link\" href=\"https:\/\/www.divephukettoday.com\/wp-admin\/post.php?post=2449&action=edit&lang=en\">Edit page<\/a><\/p><div class=\"post-content\"><div id=\"et_builder_outer_content\" class=\"et_builder_outer_content\"><div class=\"et_builder_inner_content et_pb_gutters3\"><div class=\"et_pb_section  et_pb_section_0 et_section_regular et_section_transparent\"><div class=\" et_pb_row et_pb_row_0\"><div class=\"et_pb_column et_pb_column_2_3  et_pb_column_0\"><div class=\"et_pb_text et_pb_module et_pb_bg_layout_light et_pb_text_align_left  et_pb_text_0\"><div class=\"et_pb_text_inner\"><p>Would you like a special and exclusive diving experience? Our private packages will permit you to optimize your time, to wake up when you want, to visit new dive sites. Our special packages are for Minimun 2 \u2013 Maximun 4 persons. <span id=\"result_box\" class=\"\" lang=\"en\"><span class=\"\">We will choose the Dive sites according to your experience, your requests, weather, sea and tides conditions. <\/span><\/span>We want to offer you the most beautiful Diving experience in the most safety condition.<\/p><p>\u00a0<\/p><\/div><\/div><\/div><div class=\"et_pb_column et_pb_column_1_3  et_pb_column_1\"><div class=\"et_pb_module et-waypoint et_pb_image et_pb_animation_left et_pb_image_0 et_always_center_on_mobile et-animated\"><img src=\"https:\/\/www.divephukettoday.com\/wp-content\/uploads\/2017\/08\/remote-area-dive.jpg\" alt=\"\" \/><\/div><\/div><\/div><div class=\" et_pb_row et_pb_row_1\"><div class=\"et_pb_column et_pb_column_1_3  et_pb_column_2\"><div class=\"et_pb_module et-waypoint et_pb_image et_pb_animation_left et_pb_image_1 et_always_center_on_mobile et-animated\"><img src=\"https:\/\/www.divephukettoday.com\/wp-content\/uploads\/2017\/08\/200307nightskills_342A.jpg\" alt=\"\" \/><\/div><\/div><div class=\"et_pb_column et_pb_column_2_3  et_pb_column_3\"><div class=\"et_pb_text et_pb_module et_pb_bg_layout_light et_pb_text_align_left  et_pb_text_1\"><div class=\"et_pb_text_inner\"><p>We are the only one who can offer you very beautiful night dives. Night diving is one of the most fascinating underwater activities. The reason for this is the quality and quantity of life that is active at night, even in shallow water and on the sand; the colors are much clearer with the light of the flashlights compared to daytime natural light. The emotional charge that the night offers, along with the divers flashlights create a magical environment.<\/p><\/div><\/div><\/div><\/div><\/div><\/div><\/div><\/div><\/div>","_et_gb_content_width":"","content-type":"","footnotes":""},"class_list":["post-2770","page","type-page","status-publish","hentry"],"yoast_head":"<!-- This site is optimized with the Yoast SEO plugin v25.1 - https:\/\/yoast.com\/wordpress\/plugins\/seo\/ -->\n<title>Immersioni notturne magiche in Phuket - Dive Phuket Today<\/title>\n<meta name=\"robots\" content=\"index, follow, max-snippet:-1, max-image-preview:large, max-video-preview:-1\" \/>\n<link rel=\"canonical\" href=\"https:\/\/www.divephukettoday.com\/it\/magic-night-dive\/\" \/>\n<meta property=\"og:locale\" content=\"it_IT\" \/>\n<meta property=\"og:type\" content=\"article\" \/>\n<meta property=\"og:title\" content=\"Immersioni notturne magiche in Phuket - Dive Phuket Today\" \/>\n<meta property=\"og:description\" content=\"Siamo i soli in grado di...\" \/>\n<meta property=\"og:url\" content=\"https:\/\/www.divephukettoday.com\/it\/magic-night-dive\/\" \/>\n<meta property=\"og:site_name\" content=\"Dive Phuket Today\" \/>\n<meta property=\"article:modified_time\" content=\"2017-10-07T10:18:52+00:00\" \/>\n<meta name=\"twitter:label1\" content=\"Tempo di lettura stimato\" \/>\n\t<meta name=\"twitter:data1\" content=\"2 minuti\" \/>\n<script type=\"application\/ld+json\" class=\"yoast-schema-graph\">{\"@context\":\"https:\/\/schema.org\",\"@graph\":[{\"@type\":\"WebPage\",\"@id\":\"https:\/\/www.divephukettoday.com\/it\/magic-night-dive\/\",\"url\":\"https:\/\/www.divephukettoday.com\/it\/magic-night-dive\/\",\"name\":\"Immersioni notturne magiche in Phuket - Dive Phuket Today\",\"isPartOf\":{\"@id\":\"https:\/\/www.divephukettoday.com\/#website\"},\"datePublished\":\"2017-09-12T21:08:06+00:00\",\"dateModified\":\"2017-10-07T10:18:52+00:00\",\"breadcrumb\":{\"@id\":\"https:\/\/www.divephukettoday.com\/it\/magic-night-dive\/#breadcrumb\"},\"inLanguage\":\"it-IT\",\"potentialAction\":[{\"@type\":\"ReadAction\",\"target\":[\"https:\/\/www.divephukettoday.com\/it\/magic-night-dive\/\"]}]},{\"@type\":\"BreadcrumbList\",\"@id\":\"https:\/\/www.divephukettoday.com\/it\/magic-night-dive\/#breadcrumb\",\"itemListElement\":[{\"@type\":\"ListItem\",\"position\":1,\"name\":\"Home\",\"item\":\"https:\/\/www.divephukettoday.com\/it\/\"},{\"@type\":\"ListItem\",\"position\":2,\"name\":\"Immersioni notturne magiche in Phuket\"}]},{\"@type\":\"WebSite\",\"@id\":\"https:\/\/www.divephukettoday.com\/#website\",\"url\":\"https:\/\/www.divephukettoday.com\/\",\"name\":\"Dive Phuket Today\",\"description\":\"Dive Phuket Today - Scuba Diving in Phuket Thailand\",\"publisher\":{\"@id\":\"https:\/\/www.divephukettoday.com\/#organization\"},\"potentialAction\":[{\"@type\":\"SearchAction\",\"target\":{\"@type\":\"EntryPoint\",\"urlTemplate\":\"https:\/\/www.divephukettoday.com\/?s={search_term_string}\"},\"query-input\":{\"@type\":\"PropertyValueSpecification\",\"valueRequired\":true,\"valueName\":\"search_term_string\"}}],\"inLanguage\":\"it-IT\"},{\"@type\":\"Organization\",\"@id\":\"https:\/\/www.divephukettoday.com\/#organization\",\"name\":\"Easy Day Thailand (ED1 Part. Ltd.)\",\"url\":\"https:\/\/www.divephukettoday.com\/\",\"logo\":{\"@type\":\"ImageObject\",\"inLanguage\":\"it-IT\",\"@id\":\"https:\/\/www.divephukettoday.com\/#\/schema\/logo\/image\/\",\"url\":\"https:\/\/www.divephukettoday.com\/wp-content\/uploads\/2017\/09\/Documento1-2.jpg\",\"contentUrl\":\"https:\/\/www.divephukettoday.com\/wp-content\/uploads\/2017\/09\/Documento1-2.jpg\",\"width\":332,\"height\":332,\"caption\":\"Easy Day Thailand (ED1 Part. Ltd.)\"},\"image\":{\"@id\":\"https:\/\/www.divephukettoday.com\/#\/schema\/logo\/image\/\"}}]}<\/script>\n<!-- \/ Yoast SEO plugin. -->","yoast_head_json":{"title":"Immersioni notturne magiche in Phuket - Dive Phuket Today","robots":{"index":"index","follow":"follow","max-snippet":"max-snippet:-1","max-image-preview":"max-image-preview:large","max-video-preview":"max-video-preview:-1"},"canonical":"https:\/\/www.divephukettoday.com\/it\/magic-night-dive\/","og_locale":"it_IT","og_type":"article","og_title":"Immersioni notturne magiche in Phuket - Dive Phuket Today","og_description":"Siamo i soli in grado di...","og_url":"https:\/\/www.divephukettoday.com\/it\/magic-night-dive\/","og_site_name":"Dive Phuket Today","article_modified_time":"2017-10-07T10:18:52+00:00","twitter_misc":{"Tempo di lettura stimato":"2 minuti"},"schema":{"@context":"https:\/\/schema.org","@graph":[{"@type":"WebPage","@id":"https:\/\/www.divephukettoday.com\/it\/magic-night-dive\/","url":"https:\/\/www.divephukettoday.com\/it\/magic-night-dive\/","name":"Immersioni notturne magiche in Phuket - Dive Phuket Today","isPartOf":{"@id":"https:\/\/www.divephukettoday.com\/#website"},"datePublished":"2017-09-12T21:08:06+00:00","dateModified":"2017-10-07T10:18:52+00:00","breadcrumb":{"@id":"https:\/\/www.divephukettoday.com\/it\/magic-night-dive\/#breadcrumb"},"inLanguage":"it-IT","potentialAction":[{"@type":"ReadAction","target":["https:\/\/www.divephukettoday.com\/it\/magic-night-dive\/"]}]},{"@type":"BreadcrumbList","@id":"https:\/\/www.divephukettoday.com\/it\/magic-night-dive\/#breadcrumb","itemListElement":[{"@type":"ListItem","position":1,"name":"Home","item":"https:\/\/www.divephukettoday.com\/it\/"},{"@type":"ListItem","position":2,"name":"Immersioni notturne magiche in Phuket"}]},{"@type":"WebSite","@id":"https:\/\/www.divephukettoday.com\/#website","url":"https:\/\/www.divephukettoday.com\/","name":"Dive Phuket Today","description":"Dive Phuket Today - Scuba Diving in Phuket Thailand","publisher":{"@id":"https:\/\/www.divephukettoday.com\/#organization"},"potentialAction":[{"@type":"SearchAction","target":{"@type":"EntryPoint","urlTemplate":"https:\/\/www.divephukettoday.com\/?s={search_term_string}"},"query-input":{"@type":"PropertyValueSpecification","valueRequired":true,"valueName":"search_term_string"}}],"inLanguage":"it-IT"},{"@type":"Organization","@id":"https:\/\/www.divephukettoday.com\/#organization","name":"Easy Day Thailand (ED1 Part. Ltd.)","url":"https:\/\/www.divephukettoday.com\/","logo":{"@type":"ImageObject","inLanguage":"it-IT","@id":"https:\/\/www.divephukettoday.com\/#\/schema\/logo\/image\/","url":"https:\/\/www.divephukettoday.com\/wp-content\/uploads\/2017\/09\/Documento1-2.jpg","contentUrl":"https:\/\/www.divephukettoday.com\/wp-content\/uploads\/2017\/09\/Documento1-2.jpg","width":332,"height":332,"caption":"Easy Day Thailand (ED1 Part. Ltd.)"},"image":{"@id":"https:\/\/www.divephukettoday.com\/#\/schema\/logo\/image\/"}}]}},"jetpack_sharing_enabled":true,"jetpack_shortlink":"https:\/\/wp.me\/P5RDHs-IG","_links":{"self":[{"href":"https:\/\/www.divephukettoday.com\/it\/wp-json\/wp\/v2\/pages\/2770","targetHints":{"allow":["GET"]}}],"collection":[{"href":"https:\/\/www.divephukettoday.com\/it\/wp-json\/wp\/v2\/pages"}],"about":[{"href":"https:\/\/www.divephukettoday.com\/it\/wp-json\/wp\/v2\/types\/page"}],"author":[{"embeddable":true,"href":"https:\/\/www.divephukettoday.com\/it\/wp-json\/wp\/v2\/users\/4"}],"replies":[{"embeddable":true,"href":"https:\/\/www.divephukettoday.com\/it\/wp-json\/wp\/v2\/comments?post=2770"}],"version-history":[{"count":0,"href":"https:\/\/www.divephukettoday.com\/it\/wp-json\/wp\/v2\/pages\/2770\/revisions"}],"wp:attachment":[{"href":"https:\/\/www.divephukettoday.com\/it\/wp-json\/wp\/v2\/media?parent=2770"}],"curies":[{"name":"wp","href":"https:\/\/api.w.org\/{rel}","templated":true}]}}