{"id":2871,"date":"2017-07-16T10:00:31","date_gmt":"2017-07-16T10:00:31","guid":{"rendered":"https:\/\/www.divephukettoday.com\/?page_id=2871\/"},"modified":"2020-08-04T06:33:22","modified_gmt":"2020-08-04T06:33:22","slug":"discover-scuba-diving","status":"publish","type":"page","link":"https:\/\/www.divephukettoday.com\/it\/corsi\/discover-scuba-diving\/","title":{"rendered":"Discover Scuba Diving"},"content":{"rendered":"<p>[et_pb_section bb_built=&#8221;1&#8243;][et_pb_row][et_pb_column type=&#8221;4_4&#8243;][et_pb_text _builder_version=&#8221;3.0.77&#8243; background_layout=&#8221;light&#8221; text_orientation=&#8221;justified&#8221; border_style=&#8221;solid&#8221;]<\/p>\n<figure id=\"attachment_590\" aria-describedby=\"caption-attachment-590\" style=\"width: 260px\" class=\"wp-caption alignright\"><img loading=\"lazy\" decoding=\"async\" class=\"wp-image-590\" src=\"https:\/\/www.divephukettoday.com\/wp-content\/uploads\/2014\/05\/Discover-Scuba-Diving-Dive-Phuket-Today1-e1400490391649.jpg\" alt=\"Discover Scuba Diving - Dive Phuket Today\" width=\"260\" height=\"385\" \/><figcaption id=\"caption-attachment-590\" class=\"wp-caption-text\">Discover Scuba Diving &#8211; Dive Phuket Today<\/figcaption><\/figure>\n<p>Discover Scuba Diving \u00e8 un corso di una giornata dedicato a chi non ha mai provato a immergersi o per coloro che non hanno il tempo sufficiente per completare un corso <a href=\"https:\/\/www.divephukettoday.com\/it\/corsi\/corso-open-water\/\">Open Water<\/a>, ma vorrebbero esplorare lo spettacolare mondo subacqueo.<\/p>\n<p>Il corso DSD consiste in una sessione in acque confinate (una piscina o in mare in acquee poche profonde) oltre a 2 immersioni in acque aperte. Ti immergerai a una profondit\u00e0 massima di 12 metri \/ 40 piedi e sarai accompagnato per tutta la durata del corso da un istruttore PADI.<\/p>\n<p>Alla fine di questo corso riceverai un certificato della durata di un anno che ti permetter\u00e0 di immergerti ancora accompagnato da una guida <a href=\"https:\/\/www.divephukettoday.com\/it\/corsi\/corso-divemaster\/\">Divemaster<\/a> fino alla profondit\u00e0 massima di 12 metri\/39 piedi.<\/p>\n<p><strong>La tua esperienza Discover Scuba Diving<br \/>\n<\/strong><\/p>\n<p>Sono molte le persone che vengono a Phuket con questo sogno: capire cosa si prova a respirare sotto acqua. Si tratta di un&#8217;esperienza che non pu\u00f2 essere descritta in un solo modo perch\u00e9 ognuno prova sensazioni diverse. Quello che ti possiamo dire \u00e8 che \u00e8 qualcosa di straordinario che non si pu\u00f2 provare in altri modi.<\/p>\n<div class=\"divider\"><\/div>\n<p><b>Prezzi del nostro corso Discover Scuba Diving (a Phuket, alle Isole Phi Phi, a Khao Lak)<\/b><\/p>\n<div class=\"divider\"><\/div>\n<p><b>A Phuket<\/b><\/p>\n<p><strong>Opzione di mezza giornata dalla spiaggia 2,900 THB<br \/>\n<\/strong><\/p>\n<p><b>Opzione a bordo di una barca<\/b> che include piscina e due immersioni<b> 6,500 THB<br \/>\n<\/b><br \/>\n<strong>Il prezzo comprende:<\/strong><\/p>\n<ul>\n<li>I trasferimenti da e per il tuo hotel o diversa sistemazione (nelle principali aree turistiche)<\/li>\n<li>Istruttori subacqueo.<\/li>\n<li>Escursioni in barca con due immersioni.<\/li>\n<li>Noleggio attrezzatura subacquea.<\/li>\n<li>Bombole e pesi.<\/li>\n<\/ul>\n<div class=\"divider\"><\/div>\n<p><b>Alle Isole Similan<\/b><\/p>\n<p><strong>Opzione mezza giornata 3,400 THB<br \/>\n<\/strong><\/p>\n<p>Il prezzo comprende:<\/p>\n<ul>\n<li>Istruttore subacqueo<\/li>\n<li>Attrezzatura subacquea<\/li>\n<li>Due immersioni da barca<\/li>\n<\/ul>\n<div class=\"divider\"><\/div>\n<p><b>A Khao Lak<\/b><\/p>\n<p>Escursione di un giorno alle <strong>Isole Similan 8,000 THB<br \/>\n<\/strong><\/p>\n<p><strong>Il prezzo del corso comprende:<\/strong><\/p>\n<ul>\n<li>Istruttore subacqueo.<\/li>\n<li>Trasferimenti da e per gli Hotel di Khao Lak.<\/li>\n<li>Esercitazioni in piscina il giorno precedente.<\/li>\n<li>1 giorno di immersioni alle Isole Similan<\/li>\n<li>Noleggio attrezzatura subacquea.<\/li>\n<\/ul>\n<p><strong>Il prezzo non comprende:<\/strong><\/p>\n<ul>\n<li>Tassa per l&#8217;accesso al Parco Marino delle Similan di 500 Baht Thailandesi per persona al giorno<\/li>\n<li>Tassa per i subacquei per le Isole Similan di 200 Baht Thailandesi per persona al giorno<\/li>\n<\/ul>\n<div class=\"divider\"><\/div>\n<p><span id=\"result_box\" class=\"\" lang=\"it\" tabindex=\"-1\">\u00c8 surreale, il tuo cervello ti dir\u00e0: &#8220;No, non puoi respirare in questo modo&#8221;, ma il tuo corpo si soprender\u00e0 vedendo le meraviglie che ci circondano. Te lo promettiamo<span class=\"\">, non dimenticherai mai la tua prima volta sott&#8217;acqua.<\/span> \u00c8 semplicemente meraviglioso.<\/span><\/p>\n<p><span class=\"\">Respirare sott&#8217;acqua per la prima volta \u00e8 un&#8217;esperienza unica.<\/span> <span class=\"\">Ci vuole un po&#8217; di pratica &#8211; dopo tutto, gli esseri umani non sono stati fatti per vivere sotto acqua &#8211; ma solo dopo pochi minuti, la maggior parte delle persone si rende immediatamente conto di quanto sia semplice immergersi.<\/span><\/p>\n<p><strong>Che cosa imparerai<\/strong><\/p>\n<p>Imparerai tutte le tecniche base per immergerti sotto il costante e diretto monitoraggio di un istruttore professionista <span id=\"result_box\" class=\"\" lang=\"it\" tabindex=\"-1\"><span class=\"\">qualificato PADI.<\/span> La prima cosa che comprenderai \u00e8 come il tuo corpo si comporta e come \u00e8 facile respirare sottoacqua. <span class=\"\">Una cosa \u00e8 certa che non dimenticherai mai questa stupenda incredibile sensazione.<\/span><\/span><\/p>\n<p><span class=\"\">Ti stupirai di quanto sia semplice indossare l&#8217;attrezzattura subacquea e come, una volta in acqua, ti sentirai lievitare libero dai vincoli della gravit\u00e0 terrestre.<\/span><\/p>\n<figure id=\"attachment_386\" aria-describedby=\"caption-attachment-386\" style=\"width: 300px\" class=\"wp-caption alignright\"><img loading=\"lazy\" decoding=\"async\" class=\"size-medium wp-image-386\" src=\"https:\/\/www.divephukettoday.com\/wp-content\/uploads\/2014\/05\/Ribbon-Eel-Lucys-Reef-300x235.jpg\" alt=\"Ribbon Eel - Lucy's Reef\" width=\"300\" height=\"235\" \/><figcaption id=\"caption-attachment-386\" class=\"wp-caption-text\">Rhinomuraena quaesita &#8211; Lucy&#8217;s Reef<\/figcaption><\/figure>\n<p><span id=\"result_box\" class=\"\" lang=\"it\" tabindex=\"-1\">Imparerai le abilit\u00e0 di base e le principali regole di sicurezza: ti serviranno quando deciderai di iscriverti al corso per ottenere il tuo primo brevetto completo. Vedrai la bellissima fauna marina selvatica che avrai gi\u00e0 sicuramente visto in televisione o in qualche acquario, e questo breve corso sar\u00e0 un&#8217;esperienza meravigliosa e ricca di stupore.<\/span><\/p>\n<p><strong>L&#8217;attrezzatura subacquea che utilizzerai<\/strong><\/p>\n<p>Ti forniremo t<span id=\"result_box\" class=\"\" lang=\"it\" tabindex=\"-1\"><span class=\"\">utte le attrezzature necessarie per immergerti, infatti sono comprese nel corso Discover Scuba Diving.<\/span> <span class=\"\">Utilizzerai le attrezzature di base, tra cui<\/span><\/span>:<\/p>\n<ul>\n<li>MaskMaschera<\/li>\n<li>Boccaglio e Pinne<\/li>\n<li>Giubbotto ad assetto variabile (GAV)<\/li>\n<li>Un erogatore<\/li>\n<li>Profondimetro e Manometro<\/li>\n<li>Muta<\/li>\n<li>Cintura e pesi<\/li>\n<\/ul>\n<p><strong>Materiali didattici che utilizzerai<br \/>\n<\/strong><\/p>\n<p>per questo corso tutto quello di cui hai bisogno \u00e8 un bel sorriso sul tuo viso e una gran voglia di <span id=\"result_box\" class=\"\" lang=\"it\" tabindex=\"-1\"><span class=\"\">provare qualcosa di veramente nuovo che arriccher\u00e0 la tua vita<\/span><\/span>.<\/p>\n<figure id=\"attachment_379\" aria-describedby=\"caption-attachment-379\" style=\"width: 284px\" class=\"wp-caption alignright\"><img loading=\"lazy\" decoding=\"async\" class=\"size-full wp-image-379\" src=\"https:\/\/www.divephukettoday.com\/wp-content\/uploads\/2014\/05\/Turtle-Racha-Yai1.jpg\" alt=\"Turtle - Racha Yai\" width=\"284\" height=\"177\" \/><figcaption id=\"caption-attachment-379\" class=\"wp-caption-text\">Turtle &#8211; Racha Yai<\/figcaption><\/figure>\n<p><strong>Guadagna crediti per il prossimo corso<br \/>\n<\/strong><\/p>\n<p>Iscrivendoti a questo corso potrai ottenere dei crediti per il futuro<span id=\"result_box\" class=\"\" lang=\"it\" tabindex=\"-1\"><span class=\"\">.<\/span> <span class=\"\">Se durante il tuo Discover Scuba Diving ti immergerai in acqua aperta, questa esperienza verr\u00e0 tenuta in considerazione quando deciderai di partecipare al corso PADI <a href=\"https:\/\/www.divephukettoday.com\/it\/corsi\/corso-scuba-diver\/\">Scuba Diver<\/a> o al corso PADI <a href=\"https:\/\/www.divephukettoday.com\/it\/corsi\/corso-open-water\/\">Open Water Diver<\/a>, permettendoti di stare a un passo avanti e di ridurre i tempi per concludere la tua formazione<\/span><\/span>.<\/p>\n<p><strong>Requisiti<\/strong><\/p>\n<p>Per iscriverti al corso Discover Scuba Diving, desi:<\/p>\n<ul>\n<li>Avere almeno 10 anni di et\u00e0 compiuti<\/li>\n<\/ul>\n<p><strong>La tua prossima avventura<br \/>\n<\/strong><\/p>\n<p><span id=\"result_box\" class=\"\" lang=\"it\" tabindex=\"-1\"><span class=\"\">Una volta che avrai completato il programma Discover Scuba Diving, potresti volerti iscriverti anche ai corsi di <a href=\"https:\/\/www.divephukettoday.com\/it\/corsi\/corso-scuba-diver\/\">Scuba Diver<\/a> e <a href=\"https:\/\/www.divephukettoday.com\/it\/corsi\/corso-open-water\/\">Open Water Diver<\/a>. Questi corsi sono studiati per riportarti in acqua e per farti imparare esattamente tutto quello che devi sapere sul mondo delle immersioni.<\/span><\/span><\/p>\n<p><span class=\"\">Il tuo primo respiro subacqueo \u00e8 un&#8217;esperienza che non dimenticherai mai!<\/span><\/p>\n<p>[\/et_pb_text][et_pb_text _builder_version=&#8221;3.0.77&#8243; background_layout=&#8221;light&#8221; border_style=&#8221;solid&#8221;]<\/p>\n<p>[gravityform id=&#8221;31&#8243; title=&#8221;true&#8221; description=&#8221;true&#8221;]<\/p>\n<p>[\/et_pb_text][\/et_pb_column][\/et_pb_row][\/et_pb_section]<\/p>\n","protected":false},"excerpt":{"rendered":"<p>Discover Scuba Diving \u00e8 un&#8230;<\/p>\n","protected":false},"author":4,"featured_media":0,"parent":2775,"menu_order":1,"comment_status":"closed","ping_status":"closed","template":"","meta":{"_et_pb_use_builder":"on","_et_pb_old_content":"[caption id=\"attachment_590\" align=\"alignright\" width=\"260\"]<img class=\"wp-image-590\" src=\"https:\/\/www.divephukettoday.com\/wp-content\/uploads\/2014\/05\/Discover-Scuba-Diving-Dive-Phuket-Today1-e1400490391649.jpg\" alt=\"Discover Scuba Diving - Dive Phuket Today\" width=\"260\" height=\"385\" \/> Discover Scuba Diving - Dive Phuket Today[\/caption]<p>Discover Scuba Diving Course is an ideal one day beginner course for those who have never tried diving or for those who just don\u2019t have the time to complete the Open Water course and would like to see the underwater world in all its glory.<\/p><p>The DSD consists of a confined water session (where you will be in a swimming pool or shallow water) and 2 open water dives.\u00a0 You will go to a maximum depth of 12 metres\/ 40 ft and will be accompanied by a PADI instructor throughout.<\/p><p>On completion of this course you will receive a certificate which will last for a year and enable you to dive accompanied by a dive master to a maximum depth of 12 metres\/ 39 ft.<\/p><p><strong>Your Discover Scuba Diving Experience<\/strong><\/p><p>Many people come to Phuket with a similar dream; just what is it like to be able to breath underwater. The actual experience itself cannot be truly described accurately as everyone feels slightly different. What I can tell you is this: it is an inspiring experience that you have never nor will again feel.<\/p><p>[tabs title=\"Prices for our Discover Scuba Diving program\"] [tab title=\"Phuket\"]<\/p><p><strong>Half Day Beach Dive Option THB\u00a0[002]<\/strong><\/p><p><b>Boat Diving option<\/b>\u00a0incl. pool & 2 boat dives:\u00a0<b>THB [003]<br \/> <\/b><br \/> <strong>The price includes:<\/strong><\/p><p>[unordered_list style=\"tick\"]<\/p><ul><li>All transfers to and from the boat from your specified hotel or accommodations. (Main tourist areas only)<\/li><li>Diving Instructor.<\/li><li>Boat trip with 2 dives.<\/li><li>Scuba Equipment rental.<\/li><li>Tanks and weights.<\/li><\/ul><p>[\/unordered_list]<\/p><p style=\"text-align: right;\">[button size=\"small\" color=\"green\" window=\"yes\" link=\"https:\/\/www.divephukettoday.com\/contact-scuba-diving-courses\/?where=Phuket&course=Discover%20Scuba\"]Sign Up Now[\/button]<\/p><p>[\/tab] [tab title=\"Phi Phi Island\"]Discover Scuba Diving in Phi Phi Island<\/p><p><strong>Half Day Trip THB\u00a0[004]<\/strong><\/p><p>Included in the Price:<\/p><p>[unordered_list style=\"tick\"]<\/p><ul><li>Experienced Scuba Diving Instructor<\/li><li>Scuba gear.<\/li><li>Boat Dives<\/li><\/ul><p>[\/unordered_list]<\/p><p style=\"text-align: right;\">[button size=\"small\" color=\"green\" window=\"yes\" link=\"https:\/\/www.divephukettoday.com\/contact-scuba-diving-courses\/?where=Phi%20Phi%20Islands&course=Discover%20Scuba\"]Sign Up Now[\/button]<\/p><p>[\/tab]<\/p><p>[tab title=\"Khao Lak\"]PADI Discover Scuba Diving<\/p><p>1-day trip to <strong>Similan Islands THB\u00a0[005]<\/strong><\/p><p><strong>The Dive Course price includes:<\/strong><\/p><p>[unordered_list style=\"tick\"]<\/p><ul><li>Experienced dive instructor.<\/li><li>Transfers from \/ to Khao Lak Hotels.<\/li><li>Pool Training the day before.<\/li><li>1 day diving in Similan Islands<\/li><li>Scuba diving equipment.<\/li><\/ul><p>[\/unordered_list]<\/p><p><strong>Not Included:<\/strong><\/p><p>[unordered_list style=\"red-x\"]<\/p><ul><li><a title=\"Similan Islands National Park\" href=\"https:\/\/www.divephukettoday.com\/similan-islands-national-park\/\" target=\"_blank\" rel=\"noopener\">Similan Marine National Park<\/a> fee of Thai Baht [006] per person \/ per day<\/li><li>Similan diving fee of Thai Baht [007] per person \/ per day<\/li><\/ul><p>[\/unordered_list]<\/p><p style=\"text-align: right;\">[button size=\"small\" color=\"green\" window=\"yes\" link=\"https:\/\/www.divephukettoday.com\/contact-scuba-diving-courses\/?where=Khao%20Lak&course=Discover%20Scuba\"]Sign Up Now[\/button]<\/p><p>[\/tab] [\/tabs]<\/p><p>It is surreal, your brain is saying: \u2018no we cannot breathe this way,\u2019 yet the rest of your body is marveling at the wonders around you. I promise this, you will never forget your first time breathing underwater. It is quite simply marvelous.<\/p><p>There is nothing like breathing underwater for the very first time. It takes a little getting used to \u2013after all, human beings weren't designed to do that \u2013 but after a few minutes of awestruck wonder, most participants realize how easy scuba diving really is.<\/p><p><strong>What You Learn<\/strong><\/p><p>You will learn all the basics you will need to dive whilst under the direct tutorage of a qualified PADI Professional. And the first thing that you will come to learn is how your body reacts to breathing underwater for the first time. One thing is for sure you will never forget this most amazing and surreal feeling.<\/p><p>You will be surprised to learn just how easy it is to wear scuba gear and how weightless you have become underwater, also just how easy it is to feel totally free from the constraints of gravity.<\/p>[caption id=\"attachment_386\" align=\"alignright\" width=\"300\"]<img class=\"size-medium wp-image-386\" src=\"https:\/\/www.divephukettoday.com\/wp-content\/uploads\/2014\/05\/Ribbon-Eel-Lucys-Reef-300x235.jpg\" alt=\"Ribbon Eel - Lucy's Reef\" width=\"300\" height=\"235\" \/> Ribbon Eel - Lucy's Reef[\/caption]<p>Learn some basic skills and safety rules that will carry over to your full scuba certification course when you take the next step.\u00a0You will also see some beautiful wildlife that you will have only seen on TV or in an aquarium, even on this course you can just to and take in the whole experience with wonder and awe<\/p><p><strong>The Scuba Gear You Will Use<\/strong><\/p><p>All the equipment you need will be supplied by the dive shop and comes as part of the whole Discover Scuba Diving Package.\u00a0 You\u2019ll use all the basic scuba gear including:<\/p><ul><li>Mask<\/li><li>Snorkel and Fins<\/li><li>Buoyancy Compensating Jacket (BCD)<\/li><li>A Regulator<\/li><li>Depth and Air Gauges<\/li><li>Wetsuit<\/li><li>Weight system<\/li><\/ul><p><strong>The Learning Materials You Need<\/strong><\/p><p>For this course all you need is a smile on your face and a willingness to try something new and enriching to your life.<\/p>[caption id=\"attachment_379\" align=\"alignright\" width=\"284\"]<img class=\"size-full wp-image-379\" src=\"https:\/\/www.divephukettoday.com\/wp-content\/uploads\/2014\/05\/Turtle-Racha-Yai1.jpg\" alt=\"Turtle - Racha Yai\" width=\"284\" height=\"177\" \/> Turtle - Racha Yai[\/caption]<p><strong>Earn College Credits<\/strong><\/p><p>Plus, you can get credit. If your Discover Scuba Diving program includes an actual scuba dive in open water, your experience may count toward PADI Scuba Diver or Open Water Diver certification, putting you a step ahead of the game when you decide to go for it.<\/p><p><strong>Prerequisites<\/strong><\/p><p>To take Discover Scuba Diving, you must be:<\/p><ul><li>At least 10 years old<\/li><\/ul><p><strong>Your Next Adventure<\/strong><\/p><p>Once you have completed and enjoyed the Discover Scuba Diving program, you may want to check out: Scuba Diver and Open Water Diver courses too, these courses are designed to get you back into the water and to learn just exactly how everything works.<\/p><p>Your first breath underwater is an experience you will never forget -an everlasting memory!<\/p><h3>Contact Us Now for your Scuba Diving Course in Phuket<\/h3><p>[vfb id=4]<\/p>","_et_gb_content_width":"","content-type":"","footnotes":""},"class_list":["post-2871","page","type-page","status-publish","hentry"],"yoast_head":"<!-- This site is optimized with the Yoast SEO plugin v25.1 - https:\/\/yoast.com\/wordpress\/plugins\/seo\/ -->\n<title>Discover Scuba Diving - Dive Phuket Today<\/title>\n<meta name=\"robots\" content=\"index, follow, max-snippet:-1, max-image-preview:large, max-video-preview:-1\" \/>\n<link rel=\"canonical\" href=\"https:\/\/www.divephukettoday.com\/it\/corsi\/discover-scuba-diving\/\" \/>\n<meta property=\"og:locale\" content=\"it_IT\" \/>\n<meta property=\"og:type\" content=\"article\" \/>\n<meta property=\"og:title\" content=\"Discover Scuba Diving - Dive Phuket Today\" \/>\n<meta property=\"og:description\" content=\"Discover Scuba Diving \u00e8 un...\" \/>\n<meta property=\"og:url\" content=\"https:\/\/www.divephukettoday.com\/it\/corsi\/discover-scuba-diving\/\" \/>\n<meta property=\"og:site_name\" content=\"Dive Phuket Today\" \/>\n<meta property=\"article:modified_time\" content=\"2020-08-04T06:33:22+00:00\" \/>\n<meta property=\"og:image\" content=\"https:\/\/www.divephukettoday.com\/wp-content\/uploads\/2014\/05\/Discover-Scuba-Diving-Dive-Phuket-Today1-e1400490391649.jpg\" \/>\n<meta name=\"twitter:label1\" content=\"Tempo di lettura stimato\" \/>\n\t<meta name=\"twitter:data1\" content=\"4 minuti\" \/>\n<script type=\"application\/ld+json\" class=\"yoast-schema-graph\">{\"@context\":\"https:\/\/schema.org\",\"@graph\":[{\"@type\":\"WebPage\",\"@id\":\"https:\/\/www.divephukettoday.com\/it\/corsi\/discover-scuba-diving\/\",\"url\":\"https:\/\/www.divephukettoday.com\/it\/corsi\/discover-scuba-diving\/\",\"name\":\"Discover Scuba Diving - Dive Phuket Today\",\"isPartOf\":{\"@id\":\"https:\/\/www.divephukettoday.com\/#website\"},\"primaryImageOfPage\":{\"@id\":\"https:\/\/www.divephukettoday.com\/it\/corsi\/discover-scuba-diving\/#primaryimage\"},\"image\":{\"@id\":\"https:\/\/www.divephukettoday.com\/it\/corsi\/discover-scuba-diving\/#primaryimage\"},\"thumbnailUrl\":\"https:\/\/www.divephukettoday.com\/wp-content\/uploads\/2014\/05\/Discover-Scuba-Diving-Dive-Phuket-Today1-e1400490391649.jpg\",\"datePublished\":\"2017-07-16T10:00:31+00:00\",\"dateModified\":\"2020-08-04T06:33:22+00:00\",\"breadcrumb\":{\"@id\":\"https:\/\/www.divephukettoday.com\/it\/corsi\/discover-scuba-diving\/#breadcrumb\"},\"inLanguage\":\"it-IT\",\"potentialAction\":[{\"@type\":\"ReadAction\",\"target\":[\"https:\/\/www.divephukettoday.com\/it\/corsi\/discover-scuba-diving\/\"]}]},{\"@type\":\"ImageObject\",\"inLanguage\":\"it-IT\",\"@id\":\"https:\/\/www.divephukettoday.com\/it\/corsi\/discover-scuba-diving\/#primaryimage\",\"url\":\"https:\/\/www.divephukettoday.com\/wp-content\/uploads\/2014\/05\/Discover-Scuba-Diving-Dive-Phuket-Today1-e1400490391649.jpg\",\"contentUrl\":\"https:\/\/www.divephukettoday.com\/wp-content\/uploads\/2014\/05\/Discover-Scuba-Diving-Dive-Phuket-Today1-e1400490391649.jpg\"},{\"@type\":\"BreadcrumbList\",\"@id\":\"https:\/\/www.divephukettoday.com\/it\/corsi\/discover-scuba-diving\/#breadcrumb\",\"itemListElement\":[{\"@type\":\"ListItem\",\"position\":1,\"name\":\"Home\",\"item\":\"https:\/\/www.divephukettoday.com\/it\/\"},{\"@type\":\"ListItem\",\"position\":2,\"name\":\"Corsi di immersione a Phuket\",\"item\":\"https:\/\/www.divephukettoday.com\/it\/corsi\/\"},{\"@type\":\"ListItem\",\"position\":3,\"name\":\"Discover Scuba Diving\"}]},{\"@type\":\"WebSite\",\"@id\":\"https:\/\/www.divephukettoday.com\/#website\",\"url\":\"https:\/\/www.divephukettoday.com\/\",\"name\":\"Dive Phuket Today\",\"description\":\"Dive Phuket Today - Scuba Diving in Phuket Thailand\",\"publisher\":{\"@id\":\"https:\/\/www.divephukettoday.com\/#organization\"},\"potentialAction\":[{\"@type\":\"SearchAction\",\"target\":{\"@type\":\"EntryPoint\",\"urlTemplate\":\"https:\/\/www.divephukettoday.com\/?s={search_term_string}\"},\"query-input\":{\"@type\":\"PropertyValueSpecification\",\"valueRequired\":true,\"valueName\":\"search_term_string\"}}],\"inLanguage\":\"it-IT\"},{\"@type\":\"Organization\",\"@id\":\"https:\/\/www.divephukettoday.com\/#organization\",\"name\":\"Easy Day Thailand (ED1 Part. Ltd.)\",\"url\":\"https:\/\/www.divephukettoday.com\/\",\"logo\":{\"@type\":\"ImageObject\",\"inLanguage\":\"it-IT\",\"@id\":\"https:\/\/www.divephukettoday.com\/#\/schema\/logo\/image\/\",\"url\":\"https:\/\/www.divephukettoday.com\/wp-content\/uploads\/2017\/09\/Documento1-2.jpg\",\"contentUrl\":\"https:\/\/www.divephukettoday.com\/wp-content\/uploads\/2017\/09\/Documento1-2.jpg\",\"width\":332,\"height\":332,\"caption\":\"Easy Day Thailand (ED1 Part. Ltd.)\"},\"image\":{\"@id\":\"https:\/\/www.divephukettoday.com\/#\/schema\/logo\/image\/\"}}]}<\/script>\n<!-- \/ Yoast SEO plugin. -->","yoast_head_json":{"title":"Discover Scuba Diving - Dive Phuket Today","robots":{"index":"index","follow":"follow","max-snippet":"max-snippet:-1","max-image-preview":"max-image-preview:large","max-video-preview":"max-video-preview:-1"},"canonical":"https:\/\/www.divephukettoday.com\/it\/corsi\/discover-scuba-diving\/","og_locale":"it_IT","og_type":"article","og_title":"Discover Scuba Diving - Dive Phuket Today","og_description":"Discover Scuba Diving \u00e8 un...","og_url":"https:\/\/www.divephukettoday.com\/it\/corsi\/discover-scuba-diving\/","og_site_name":"Dive Phuket Today","article_modified_time":"2020-08-04T06:33:22+00:00","og_image":[{"url":"https:\/\/www.divephukettoday.com\/wp-content\/uploads\/2014\/05\/Discover-Scuba-Diving-Dive-Phuket-Today1-e1400490391649.jpg","type":"","width":"","height":""}],"twitter_misc":{"Tempo di lettura stimato":"4 minuti"},"schema":{"@context":"https:\/\/schema.org","@graph":[{"@type":"WebPage","@id":"https:\/\/www.divephukettoday.com\/it\/corsi\/discover-scuba-diving\/","url":"https:\/\/www.divephukettoday.com\/it\/corsi\/discover-scuba-diving\/","name":"Discover Scuba Diving - Dive Phuket Today","isPartOf":{"@id":"https:\/\/www.divephukettoday.com\/#website"},"primaryImageOfPage":{"@id":"https:\/\/www.divephukettoday.com\/it\/corsi\/discover-scuba-diving\/#primaryimage"},"image":{"@id":"https:\/\/www.divephukettoday.com\/it\/corsi\/discover-scuba-diving\/#primaryimage"},"thumbnailUrl":"https:\/\/www.divephukettoday.com\/wp-content\/uploads\/2014\/05\/Discover-Scuba-Diving-Dive-Phuket-Today1-e1400490391649.jpg","datePublished":"2017-07-16T10:00:31+00:00","dateModified":"2020-08-04T06:33:22+00:00","breadcrumb":{"@id":"https:\/\/www.divephukettoday.com\/it\/corsi\/discover-scuba-diving\/#breadcrumb"},"inLanguage":"it-IT","potentialAction":[{"@type":"ReadAction","target":["https:\/\/www.divephukettoday.com\/it\/corsi\/discover-scuba-diving\/"]}]},{"@type":"ImageObject","inLanguage":"it-IT","@id":"https:\/\/www.divephukettoday.com\/it\/corsi\/discover-scuba-diving\/#primaryimage","url":"https:\/\/www.divephukettoday.com\/wp-content\/uploads\/2014\/05\/Discover-Scuba-Diving-Dive-Phuket-Today1-e1400490391649.jpg","contentUrl":"https:\/\/www.divephukettoday.com\/wp-content\/uploads\/2014\/05\/Discover-Scuba-Diving-Dive-Phuket-Today1-e1400490391649.jpg"},{"@type":"BreadcrumbList","@id":"https:\/\/www.divephukettoday.com\/it\/corsi\/discover-scuba-diving\/#breadcrumb","itemListElement":[{"@type":"ListItem","position":1,"name":"Home","item":"https:\/\/www.divephukettoday.com\/it\/"},{"@type":"ListItem","position":2,"name":"Corsi di immersione a Phuket","item":"https:\/\/www.divephukettoday.com\/it\/corsi\/"},{"@type":"ListItem","position":3,"name":"Discover Scuba Diving"}]},{"@type":"WebSite","@id":"https:\/\/www.divephukettoday.com\/#website","url":"https:\/\/www.divephukettoday.com\/","name":"Dive Phuket Today","description":"Dive Phuket Today - Scuba Diving in Phuket Thailand","publisher":{"@id":"https:\/\/www.divephukettoday.com\/#organization"},"potentialAction":[{"@type":"SearchAction","target":{"@type":"EntryPoint","urlTemplate":"https:\/\/www.divephukettoday.com\/?s={search_term_string}"},"query-input":{"@type":"PropertyValueSpecification","valueRequired":true,"valueName":"search_term_string"}}],"inLanguage":"it-IT"},{"@type":"Organization","@id":"https:\/\/www.divephukettoday.com\/#organization","name":"Easy Day Thailand (ED1 Part. Ltd.)","url":"https:\/\/www.divephukettoday.com\/","logo":{"@type":"ImageObject","inLanguage":"it-IT","@id":"https:\/\/www.divephukettoday.com\/#\/schema\/logo\/image\/","url":"https:\/\/www.divephukettoday.com\/wp-content\/uploads\/2017\/09\/Documento1-2.jpg","contentUrl":"https:\/\/www.divephukettoday.com\/wp-content\/uploads\/2017\/09\/Documento1-2.jpg","width":332,"height":332,"caption":"Easy Day Thailand (ED1 Part. Ltd.)"},"image":{"@id":"https:\/\/www.divephukettoday.com\/#\/schema\/logo\/image\/"}}]}},"jetpack_sharing_enabled":true,"jetpack_shortlink":"https:\/\/wp.me\/P5RDHs-Kj","_links":{"self":[{"href":"https:\/\/www.divephukettoday.com\/it\/wp-json\/wp\/v2\/pages\/2871","targetHints":{"allow":["GET"]}}],"collection":[{"href":"https:\/\/www.divephukettoday.com\/it\/wp-json\/wp\/v2\/pages"}],"about":[{"href":"https:\/\/www.divephukettoday.com\/it\/wp-json\/wp\/v2\/types\/page"}],"author":[{"embeddable":true,"href":"https:\/\/www.divephukettoday.com\/it\/wp-json\/wp\/v2\/users\/4"}],"replies":[{"embeddable":true,"href":"https:\/\/www.divephukettoday.com\/it\/wp-json\/wp\/v2\/comments?post=2871"}],"version-history":[{"count":1,"href":"https:\/\/www.divephukettoday.com\/it\/wp-json\/wp\/v2\/pages\/2871\/revisions"}],"predecessor-version":[{"id":5097,"href":"https:\/\/www.divephukettoday.com\/it\/wp-json\/wp\/v2\/pages\/2871\/revisions\/5097"}],"up":[{"embeddable":true,"href":"https:\/\/www.divephukettoday.com\/it\/wp-json\/wp\/v2\/pages\/2775"}],"wp:attachment":[{"href":"https:\/\/www.divephukettoday.com\/it\/wp-json\/wp\/v2\/media?parent=2871"}],"curies":[{"name":"wp","href":"https:\/\/api.w.org\/{rel}","templated":true}]}}