{"id":2883,"date":"2017-09-16T20:54:17","date_gmt":"2017-09-16T20:54:17","guid":{"rendered":"https:\/\/www.divephukettoday.com\/?page_id=2883\/"},"modified":"2020-08-04T06:33:23","modified_gmt":"2020-08-04T06:33:23","slug":"corso-scuba-review","status":"publish","type":"page","link":"https:\/\/www.divephukettoday.com\/it\/corsi\/corso-scuba-review\/","title":{"rendered":"Corso Scuba Review"},"content":{"rendered":"<p>[et_pb_section bb_built=&#8221;1&#8243;][et_pb_row][et_pb_column type=&#8221;4_4&#8243;][et_pb_text _builder_version=&#8221;3.0.77&#8243; background_layout=&#8221;light&#8221; border_style=&#8221;solid&#8221;]<\/p>\n<p>&nbsp;<\/p>\n<figure id=\"attachment_629\" aria-describedby=\"caption-attachment-629\" style=\"width: 300px\" class=\"wp-caption alignright\"><img loading=\"lazy\" decoding=\"async\" class=\"wp-image-629 size-medium\" src=\"https:\/\/www.divephukettoday.com\/wp-content\/uploads\/2014\/05\/Dive-Phuket-Today1-300x160.jpg\" alt=\"Scuba Review with Dive Phuket Today\" width=\"300\" height=\"160\" srcset=\"https:\/\/www.divephukettoday.com\/wp-content\/uploads\/2014\/05\/Dive-Phuket-Today1-300x160.jpg 300w, https:\/\/www.divephukettoday.com\/wp-content\/uploads\/2014\/05\/Dive-Phuket-Today1.jpg 307w\" sizes=\"(max-width: 300px) 100vw, 300px\" \/><figcaption id=\"caption-attachment-629\" class=\"wp-caption-text\">Dive Phuket Today<\/figcaption><\/figure>\n<p>Il Corso Scuba Review \u00e8 dedicato a coloro che non si immergono da qualche tempo; in genere quando non ci si immerge da pi\u00f9 di 6 mesi un corso di aggiornamento \u00e8 fortemente raccomandato.<\/p>\n<p>E&#8217; <span id=\"result_box\" class=\"\" lang=\"it\" tabindex=\"-1\"><span class=\"\">passato un po&#8217; dalla tua ultima immersione?<\/span> <span class=\"\">Hai la sensazione che le tue capacit\u00e0 di subacqueo e le tue conoscenze si siano un po&#8217; arrugginite? <\/span><span class=\"\">Stai andando in vacanza, vorresti immergerti, ma senti di aver bisogno di un veloce ripasso<\/span><\/span>?<\/p>\n<div class=\"divider\"><\/div>\n<p><b>Prezzi del nostro corso Scuba Review (a Phuket, alle Isole Phi Phi, a Khao Lak)<\/b><\/p>\n<div class=\"divider\"><\/div>\n<p><strong>A Phuket<\/strong><\/p>\n<p><strong>Opzione di mezza giornata dalla spiaggia\u00a02,900 THB<br \/>\n<\/strong><\/p>\n<p><b>Opzione a bordo di una barca<\/b> che include piscina e due immersioni<b> 6,500 THB<br \/>\n<\/b><br \/>\n<strong>Il prezzo comprende:<\/strong><\/p>\n<ul>\n<li>I trasferimenti da e per il tuo hotel o diversa sistemazione (nelle principali aree turistiche)<\/li>\n<li>Istruttori subacqueo.<\/li>\n<li>Escursioni in barca con due immersioni.<\/li>\n<li>Noleggio attrezzatura subacquea.<\/li>\n<li>Bombole e pesi.<\/li>\n<\/ul>\n<p>&nbsp;<\/p>\n<div class=\"divider\"><\/div>\n<p><b>Alle Isole Similan<\/b><\/p>\n<p><strong>Opzione mezza giornata <\/strong><strong>6,500 THB<br \/>\n<\/strong><\/p>\n<p>Included in the Price:<\/p>\n<p>Il prezzo comprende:<\/p>\n<ul>\n<li>Istruttore subacqueo<\/li>\n<li>Attrezzatura subacquea<\/li>\n<li>Due immersioni da barca<\/li>\n<\/ul>\n<p>&nbsp;<\/p>\n<div class=\"divider\"><\/div>\n<p><b>A Khao Lak<\/b><\/p>\n<p>Escursione di un giorno alle <strong>Isole Similan 6,000<\/strong><strong> THB<\/strong><\/p>\n<p><strong>The Dive Course price includes:<\/strong><\/p>\n<p><strong>Il prezzo del corso comprende:<\/strong><\/p>\n<ul>\n<li>Istruttore subacqueo.<\/li>\n<li>Trasferimenti da e per gli Hotel di Khao Lak.<\/li>\n<li>1 giorno di immersioni alle Isole Similan<\/li>\n<li>Noleggio attrezzatura subacquea.<\/li>\n<\/ul>\n<p><strong>Il prezzo non comprende:<\/strong><\/p>\n<ul>\n<li>Tassa per l\u2019accesso al Parco Marino delle Similan di\u00a0500 Baht Thailandesi per persona al giorno<\/li>\n<li>Tassa per i subacquei per le Isole Similan di 200 Baht Thailandesi per persona al giorno<\/li>\n<\/ul>\n<p>&nbsp;<\/p>\n<div class=\"divider\"><\/div>\n<p><span id=\"result_box\" class=\"\" lang=\"it\" tabindex=\"-1\">I subacquei professionisti si immergono ogni giorno e non hanno bisogno di corsi di aggiornamento, tuttavia, se non lavori nel settore, un ripasso ti permetter\u00e0 di riprendere a immergerti in sicurezza e di tornare a sentirti a tuo agio nell&#8217;acqua per goderti ogni tua immersione.<\/span><\/p>\n<p><span class=\"\">Iniziare a immergersi \u00e8 come quando si comincia ad andare in bicicletta, una volta che hai imparato non lo dimenticherai mai e, a volte, serve solo un piccolo aiuto per rimettersi in sella.<\/span><\/p>\n<p><strong>La tua esperienza Scuba Review<\/strong><\/p>\n<p>Durante il Corso Scuba Review potrai ripassare le <span id=\"result_box\" class=\"\" lang=\"it\" tabindex=\"-1\"><span class=\"\">conoscenze che hai imparato durante la tua formazione iniziale.<\/span><\/span><\/p>\n<p><span class=\"\">Quindi, eserciterai le tecniche apprese in piscina o in un&#8217;area limitata d&#8217;acqua.<\/span> Ripasserai<span class=\"\">:<\/span><\/p>\n<ul>\n<li><span id=\"result_box\" class=\"\" lang=\"it\" tabindex=\"-1\">Le tecniche per una immersione sicura<\/span><\/li>\n<li><span id=\"result_box\" class=\"\" lang=\"it\" tabindex=\"-1\"><span class=\"\">I fondamenti di pianificazione delle immersioni<\/span><\/span><\/li>\n<li><span id=\"result_box\" class=\"\" lang=\"it\" tabindex=\"-1\">La gestione dei problemi<\/span><\/li>\n<li><span id=\"result_box\" class=\"\" lang=\"it\" tabindex=\"-1\">La respirazione e gli effetti dell&#8217;aria in profondit\u00e0<\/span><\/li>\n<li><span id=\"result_box\" class=\"\" lang=\"it\" tabindex=\"-1\">La conoscenza delle tavole da immersione nelle immersioni ricreative<\/span><\/li>\n<li><span id=\"result_box\" class=\"\" lang=\"it\" tabindex=\"-1\"><span class=\"\">La pianificazione delle immersioni ricreative<br \/>\n<\/span><\/span><\/li>\n<\/ul>\n<figure id=\"attachment_576\" aria-describedby=\"caption-attachment-576\" style=\"width: 300px\" class=\"wp-caption alignright\"><img loading=\"lazy\" decoding=\"async\" class=\"size-medium wp-image-576\" src=\"https:\/\/www.divephukettoday.com\/wp-content\/uploads\/2014\/05\/Open-Water-Course-Dive-Phuket-Today-300x225.jpg\" alt=\"Open Water Course - Dive Phuket Today\" width=\"300\" height=\"225\" \/><figcaption id=\"caption-attachment-576\" class=\"wp-caption-text\">Corso Open Water &#8211; Dive Phuket Today<\/figcaption><\/figure>\n<p><span id=\"result_box\" class=\"\" lang=\"it\" tabindex=\"-1\"><span class=\"\">Dopo aver completato la valutazione delle conoscenze teoriche, passerai al ripasso delle abilit\u00e0 pratice in acque confinate.<\/span> Ripasserai <span class=\"\">ogni tecnica analizzando le cose importanti da ricordare e visionando un breve filmato.<\/span><\/span><\/p>\n<p><span class=\"\">Completare questa corso poco prima di inizare nuovamente a immergersi \u00e8 un ottimo modo per rinfrescare le tue conoscenze e verificare l&#8217;esecuzione di ogni tecnica.<\/span><\/p>\n<p><strong>L\u2019attrezzatura subacquea che utilizzerai<\/strong><\/p>\n<p>Ti forniremo t<span id=\"result_box\" class=\"\" lang=\"it\" tabindex=\"-1\"><span class=\"\">utte le attrezzature necessarie per immergerti, infatti sono comprese nel corso Scuba Review.<\/span> <span class=\"\">Utilizzerai le attrezzature di base, tra cui<\/span><\/span>:<\/p>\n<ul>\n<li>Maschera<\/li>\n<li>Boccaglio e Pinne<\/li>\n<li>Giubbotto ad assetto variabile (GAV)<\/li>\n<li>Un erogatore<\/li>\n<li>Profondimetro e Manometro<\/li>\n<li>Muta<\/li>\n<li>Cintura e pesi<\/li>\n<\/ul>\n<p><strong>Che cosa imparerai<\/strong><\/p>\n<p><span id=\"result_box\" class=\"\" lang=\"it\" tabindex=\"-1\"><span class=\"\">Rivedrai rapidamente ed efficacemente le basi della subacquea con il libro Scuba Tune-Up.<\/span> I<span class=\"\">niziarai rispondendo a qualche semplice domanda relativa alla sicurezza dell&#8217;immersione, nonch\u00e9 alla gestione dei problemi e alla pianificazione delle immersioni.<\/span> Per esempio<\/span>:<\/p>\n<ol>\n<li>Quali sono le cinque fasi del controllo che si effettua prima della immersione?<\/li>\n<li>Quale \u00e8 la profondit\u00e0 massiam per una immersione ricreativa?<\/li>\n<li>Quali sono i segnali e i sintomo che indicano una malattia da decompressione?<\/li>\n<li>A 12 metri\/40 piedi un subacqueo rimane senza aria. Il suo compagno si trova a pi\u00f9 di 18 metri\/60 piedi di distanza, che cosa deve fare?<\/li>\n<\/ol>\n<p><span id=\"result_box\" class=\"\" lang=\"it\" tabindex=\"-1\">Le risposte corrette ti consentiranno di completare rapidamente la parte teorica. Per le risposte non corrette, dovrai leggere una breve spiegazione e il tuo istruttore ti aiuter\u00e0 per aiutarti a capire meglio tutto ci\u00f2 che hai imparato<\/span>.<\/p>\n<figure id=\"attachment_387\" aria-describedby=\"caption-attachment-387\" style=\"width: 300px\" class=\"wp-caption alignright\"><img loading=\"lazy\" decoding=\"async\" class=\"wp-image-387\" src=\"https:\/\/www.divephukettoday.com\/wp-content\/uploads\/2014\/05\/Titan-Triggerfish-Racha-Yai.jpg\" alt=\"Titan Triggerfish - Racha Yai\" width=\"300\" height=\"225\" \/><figcaption id=\"caption-attachment-387\" class=\"wp-caption-text\">Pesce Balestra Titano &#8211; Racha Yai<\/figcaption><\/figure>\n<p><strong>Guadagna crediti per il prossimo corso<\/strong><\/p>\n<p>Per questo corso \u00e8 possibile ottenere crediti formativi per i tuoi prossimi corsi: per maggiori informazioni ti preghiamo di contattarci.<\/p>\n<p><strong>Requisiti<\/strong><\/p>\n<ul>\n<li>Essere in possesso di un brevetto PADI o di un&#8217;altra organizzazione subacquea o essere iscritto a un corto per conseguire una certificazione subacquea<\/li>\n<li>Avere almento 10 anni di et\u00e0<\/li>\n<\/ul>\n<p><strong>La tua prossima avventura<\/strong><\/p>\n<p>In base al tuo livello di preparazione, <span id=\"result_box\" class=\"\" lang=\"it\" tabindex=\"-1\"><span class=\"\">potrai voler completare il <a href=\"https:\/\/www.divephukettoday.com\/it\/corsi\/corso-advanced-open-water\/\">Corso Advance Open Water<\/a> o, se sei gi\u00e0 in possesso di questo brevetto, allora il <a href=\"https:\/\/www.divephukettoday.com\/it\/corsi\/corso-rescue-diver\/\">Corso Rescue Diver<\/a> potrebbe essere passo successivo che potresti decidere di affrontare.<\/span> <span class=\"\">Qualunque sia la tua qualificazione, c&#8217;\u00e8 sempre un altro corso a cui ci si pu\u00f2 iscriverse per salire il tuo livello nella scala formativa della PADI.<\/span><\/span><\/p>\n<p>[\/et_pb_text][et_pb_text _builder_version=&#8221;3.0.77&#8243; background_layout=&#8221;light&#8221; border_style=&#8221;solid&#8221;]<\/p>\n<p>[gravityform id=&#8221;34&#8243; title=&#8221;true&#8221; description=&#8221;true&#8221;]<\/p>\n<p>[\/et_pb_text][\/et_pb_column][\/et_pb_row][\/et_pb_section]<\/p>\n","protected":false},"excerpt":{"rendered":"<p>&nbsp; Il Corso Scuba Review&#8230;<\/p>\n","protected":false},"author":4,"featured_media":0,"parent":2775,"menu_order":8,"comment_status":"closed","ping_status":"closed","template":"","meta":{"_et_pb_use_builder":"on","_et_pb_old_content":"[caption id=\"attachment_629\" align=\"alignright\" width=\"300\"]<img class=\"wp-image-629 size-medium\" src=\"https:\/\/www.divephukettoday.com\/wp-content\/uploads\/2014\/05\/Dive-Phuket-Today1-300x160.jpg\" alt=\"Scuba Review with Dive Phuket Today\" width=\"300\" height=\"160\" \/> Dive Phuket Today[\/caption]<p>Scuba Review Course is for those that may have not dived in a while; more typically, any duration longer than 6 months out of the water, then a refresher course is recommended.<\/p><p>So has it been a while since you\u2019ve been scuba diving, when was your last dive anyhow? Do you feel like your scuba skills and knowledge are getting a little bit rusty?<\/p><p>Are you heading away on holiday and will be diving and you feel a little tune up is required?<\/p><p>[tabs title=\"Prices for our Scuba Review Course\"] [tab title=\"Phuket\"]<\/p><p><strong>Half Day Beach Dive Option THB\u00a0[017]<\/strong><\/p><p><b>Boat Diving option<\/b>\u00a0incl. pool &amp; 2 boat dives:\u00a0<b>THB [018]<br \/> <\/b><br \/> <strong>The price includes:<\/strong><\/p><p>[unordered_list style=\"tick\"]<\/p><ul><li>All transfers to and from the boat from your specified hotel or accommodations. (Main tourist areas only)<\/li><li>Diving Instructor.<\/li><li>Boat trip with 2 dives.<\/li><li>Scuba Gear\u00a0rental.<\/li><li>Tanks and weights.<\/li><\/ul><p>[\/unordered_list]<\/p><p style=\"text-align: right;\">[button size=\"small\" color=\"green\" window=\"yes\" link=\"https:\/\/www.divephukettoday.com\/contact-scuba-diving-courses\/?where=Phuket&amp;course=Scuba%20Review\"]Sign Up Now[\/button]<\/p><p>[\/tab] [tab title=\"Phi Phi Island\"]<\/p><p><strong>Half Day Trip THB\u00a0[018]<\/strong><\/p><p>Included in the Price:<\/p><p>[unordered_list style=\"tick\"]<\/p><ul><li>Experienced Scuba Diving Instructor<\/li><li>Scuba gear.<\/li><li>Boat Dives<\/li><\/ul><p>[\/unordered_list]<\/p><p style=\"text-align: right;\">[button size=\"small\" color=\"green\" window=\"yes\" link=\"https:\/\/www.divephukettoday.com\/contact-scuba-diving-courses\/?where=Phi%20Phi%20Islands&amp;course=Scuba%20Review\"]Sign Up Now[\/button]<\/p><p>[\/tab]<\/p><p>[tab title=\"Khao Lak\"]<\/p><p>1-day trip to <strong>Similan Islands THB\u00a0[020]<\/strong><\/p><p><strong>The Dive Course price includes:<\/strong><\/p><p>[unordered_list style=\"tick\"]<\/p><ul><li>Experienced dive instructor.<\/li><li>Transfers from \/ to Hotels in Khao Lak.<\/li><li>1 day diving in Similan Islands<\/li><li>Scuba diving equipment.<\/li><\/ul><p>[\/unordered_list]<\/p><p><strong>Not Included:<\/strong><\/p><p>[unordered_list style=\"red-x\"]<\/p><ul><li><a title=\"Similan Islands National Park\" href=\"\/?p=1025\" target=\"_blank\" rel=\"noopener\">Similan Marine National Park<\/a> fee of Thai Baht [006] per person \/ per day<\/li><li>Similan diving fee of Thai Baht [007] per person \/ per day<\/li><\/ul><p>[\/unordered_list]<\/p><p style=\"text-align: right;\">[button size=\"small\" color=\"green\" window=\"yes\" link=\"https:\/\/www.divephukettoday.com\/contact-scuba-diving-courses\/?where=Khao%20Lak&amp;course=Scuba%20Review\"]Sign Up Now[\/button]<\/p><p>[\/tab] [\/tabs]<\/p><p>Dive professionals dive every day and are don\u2019t need refresher courses, however, if you do not work in the industry, then a refresher course reacquaints you with diving, so that you will be back feeling comfortable in the water in time for your next dive.<\/p><p>Diving is like learning to ride a bike, once you have learned you never forget, just a little help to get back on the bike is sometime all that is required.<\/p><p><strong>Experience<\/strong> You will go over the scuba knowledge that you learned during your initial training.<\/p><p>Then, you can practice the skills learnt in a swimming pool or a confined water area. You should review:<\/p><ul><li>Safe diving practices<\/li><li>Dive planning fundamentals<\/li><li>Problem management<\/li><li>Breathing air at depth<\/li><li>Recreational diving and dive tables: basic knowledge<\/li><li>Recreational diving and dive tables: dive planning<\/li><\/ul>[caption id=\"attachment_576\" align=\"alignright\" width=\"300\"]<img class=\"size-medium wp-image-576\" src=\"https:\/\/www.divephukettoday.com\/wp-content\/uploads\/2014\/05\/Open-Water-Course-Dive-Phuket-Today-300x225.jpg\" alt=\"Open Water Course - Dive Phuket Today\" width=\"300\" height=\"225\" \/> Open Water Course - Dive Phuket Today[\/caption]<p>After you complete the knowledge assessment, you go through the Confined Water Skills Preview. You review information about each skill, why it\u2019s important, points to remember when performing the skill and a short video clip.<\/p><p>Completing this section just before practicing is a great way to refresh your knowledge of how each skill is performed.<\/p><p><strong>Scuba Gear<\/strong> All the equipment you need will be supplied by the dive shop and comes as part of the whole Discover Scuba Diving Package.\u00a0 You\u2019ll use all the basic scuba gear including:<\/p><ul><li>Mask<\/li><li>Snorkel and Fins<\/li><li>Buoyancy Compensating Jacket (BCD)<\/li><li>A Regulator<\/li><li>Depth and Air Gauges<\/li><li>Wetsuit<\/li><li>Weight system<\/li><\/ul><p><strong>You Will Learn<\/strong> Speedily and efficiently review scuba diving basics with the Scuba Tune-Up book. You can begin with answering a few simple questions which is related to dive safety as well as problem management and dive planning. Like so:<\/p><ol><li>What are the five steps in a pre-dive safety check?<\/li><li>What is the maximum depth limit for all recreational diving?<\/li><li>What are the signs and symptoms of decompression sickness?<\/li><li>At 12 metres \/ 40 feet a diver runs out of air. Her buddy is more than 60 feet away, what should she do?<\/li><\/ol><p>Correct answers will allow you to complete the book quickly. For incorrect answers, you will read a brief explanation and your instructor will run through everything with you in order to help you understand everything you have learned.<\/p>[caption id=\"attachment_387\" align=\"alignright\" width=\"300\"]<img class=\"wp-image-387\" src=\"https:\/\/www.divephukettoday.com\/wp-content\/uploads\/2014\/05\/Titan-Triggerfish-Racha-Yai.jpg\" alt=\"Titan Triggerfish - Racha Yai\" width=\"300\" height=\"225\" \/> Titan Triggerfish - Racha Yai[\/caption]<p><strong>Earn College Credits<\/strong> It is possible to earn college credits for your dive courses please contact us<\/p><p><strong>Prerequisites<\/strong><\/p><ul><li>Have a scuba diver certification from Padi or another similar organization or be enrolled in a scuba certification course<\/li><li>Be at least 10 years old<\/li><\/ul><p><strong>The Next Big Adventure<\/strong> Depending on your skill level now, you may want to complete the Advance Course or if you already have that qualification then the rescue course might the next step for you. Whatever your qualification, there is always another step to take on the Padi Ladder<\/p><p>\u00a0<\/p><p>[vfb id='22']<\/p>","_et_gb_content_width":"","content-type":"","footnotes":""},"class_list":["post-2883","page","type-page","status-publish","hentry"],"yoast_head":"<!-- This site is optimized with the Yoast SEO plugin v25.1 - https:\/\/yoast.com\/wordpress\/plugins\/seo\/ -->\n<title>Corso Scuba Review - Dive Phuket Today<\/title>\n<meta name=\"robots\" content=\"index, follow, max-snippet:-1, max-image-preview:large, max-video-preview:-1\" \/>\n<link rel=\"canonical\" href=\"https:\/\/www.divephukettoday.com\/it\/corsi\/corso-scuba-review\/\" \/>\n<meta property=\"og:locale\" content=\"it_IT\" \/>\n<meta property=\"og:type\" content=\"article\" \/>\n<meta property=\"og:title\" content=\"Corso Scuba Review - Dive Phuket Today\" \/>\n<meta property=\"og:description\" content=\"&nbsp; Il Corso Scuba Review...\" \/>\n<meta property=\"og:url\" content=\"https:\/\/www.divephukettoday.com\/it\/corsi\/corso-scuba-review\/\" \/>\n<meta property=\"og:site_name\" content=\"Dive Phuket Today\" \/>\n<meta property=\"article:modified_time\" content=\"2020-08-04T06:33:23+00:00\" \/>\n<meta property=\"og:image\" content=\"https:\/\/www.divephukettoday.com\/wp-content\/uploads\/2014\/05\/Dive-Phuket-Today1-300x160.jpg\" \/>\n<meta name=\"twitter:label1\" content=\"Tempo di lettura stimato\" \/>\n\t<meta name=\"twitter:data1\" content=\"4 minuti\" \/>\n<script type=\"application\/ld+json\" class=\"yoast-schema-graph\">{\"@context\":\"https:\/\/schema.org\",\"@graph\":[{\"@type\":\"WebPage\",\"@id\":\"https:\/\/www.divephukettoday.com\/it\/corsi\/corso-scuba-review\/\",\"url\":\"https:\/\/www.divephukettoday.com\/it\/corsi\/corso-scuba-review\/\",\"name\":\"Corso Scuba Review - Dive Phuket Today\",\"isPartOf\":{\"@id\":\"https:\/\/www.divephukettoday.com\/#website\"},\"primaryImageOfPage\":{\"@id\":\"https:\/\/www.divephukettoday.com\/it\/corsi\/corso-scuba-review\/#primaryimage\"},\"image\":{\"@id\":\"https:\/\/www.divephukettoday.com\/it\/corsi\/corso-scuba-review\/#primaryimage\"},\"thumbnailUrl\":\"https:\/\/www.divephukettoday.com\/wp-content\/uploads\/2014\/05\/Dive-Phuket-Today1-300x160.jpg\",\"datePublished\":\"2017-09-16T20:54:17+00:00\",\"dateModified\":\"2020-08-04T06:33:23+00:00\",\"breadcrumb\":{\"@id\":\"https:\/\/www.divephukettoday.com\/it\/corsi\/corso-scuba-review\/#breadcrumb\"},\"inLanguage\":\"it-IT\",\"potentialAction\":[{\"@type\":\"ReadAction\",\"target\":[\"https:\/\/www.divephukettoday.com\/it\/corsi\/corso-scuba-review\/\"]}]},{\"@type\":\"ImageObject\",\"inLanguage\":\"it-IT\",\"@id\":\"https:\/\/www.divephukettoday.com\/it\/corsi\/corso-scuba-review\/#primaryimage\",\"url\":\"https:\/\/www.divephukettoday.com\/wp-content\/uploads\/2014\/05\/Dive-Phuket-Today1-300x160.jpg\",\"contentUrl\":\"https:\/\/www.divephukettoday.com\/wp-content\/uploads\/2014\/05\/Dive-Phuket-Today1-300x160.jpg\"},{\"@type\":\"BreadcrumbList\",\"@id\":\"https:\/\/www.divephukettoday.com\/it\/corsi\/corso-scuba-review\/#breadcrumb\",\"itemListElement\":[{\"@type\":\"ListItem\",\"position\":1,\"name\":\"Home\",\"item\":\"https:\/\/www.divephukettoday.com\/it\/\"},{\"@type\":\"ListItem\",\"position\":2,\"name\":\"Corsi di immersione a Phuket\",\"item\":\"https:\/\/www.divephukettoday.com\/it\/corsi\/\"},{\"@type\":\"ListItem\",\"position\":3,\"name\":\"Corso Scuba Review\"}]},{\"@type\":\"WebSite\",\"@id\":\"https:\/\/www.divephukettoday.com\/#website\",\"url\":\"https:\/\/www.divephukettoday.com\/\",\"name\":\"Dive Phuket Today\",\"description\":\"Dive Phuket Today - Scuba Diving in Phuket Thailand\",\"publisher\":{\"@id\":\"https:\/\/www.divephukettoday.com\/#organization\"},\"potentialAction\":[{\"@type\":\"SearchAction\",\"target\":{\"@type\":\"EntryPoint\",\"urlTemplate\":\"https:\/\/www.divephukettoday.com\/?s={search_term_string}\"},\"query-input\":{\"@type\":\"PropertyValueSpecification\",\"valueRequired\":true,\"valueName\":\"search_term_string\"}}],\"inLanguage\":\"it-IT\"},{\"@type\":\"Organization\",\"@id\":\"https:\/\/www.divephukettoday.com\/#organization\",\"name\":\"Easy Day Thailand (ED1 Part. Ltd.)\",\"url\":\"https:\/\/www.divephukettoday.com\/\",\"logo\":{\"@type\":\"ImageObject\",\"inLanguage\":\"it-IT\",\"@id\":\"https:\/\/www.divephukettoday.com\/#\/schema\/logo\/image\/\",\"url\":\"https:\/\/www.divephukettoday.com\/wp-content\/uploads\/2017\/09\/Documento1-2.jpg\",\"contentUrl\":\"https:\/\/www.divephukettoday.com\/wp-content\/uploads\/2017\/09\/Documento1-2.jpg\",\"width\":332,\"height\":332,\"caption\":\"Easy Day Thailand (ED1 Part. Ltd.)\"},\"image\":{\"@id\":\"https:\/\/www.divephukettoday.com\/#\/schema\/logo\/image\/\"}}]}<\/script>\n<!-- \/ Yoast SEO plugin. -->","yoast_head_json":{"title":"Corso Scuba Review - Dive Phuket Today","robots":{"index":"index","follow":"follow","max-snippet":"max-snippet:-1","max-image-preview":"max-image-preview:large","max-video-preview":"max-video-preview:-1"},"canonical":"https:\/\/www.divephukettoday.com\/it\/corsi\/corso-scuba-review\/","og_locale":"it_IT","og_type":"article","og_title":"Corso Scuba Review - Dive Phuket Today","og_description":"&nbsp; Il Corso Scuba Review...","og_url":"https:\/\/www.divephukettoday.com\/it\/corsi\/corso-scuba-review\/","og_site_name":"Dive Phuket Today","article_modified_time":"2020-08-04T06:33:23+00:00","og_image":[{"url":"https:\/\/www.divephukettoday.com\/wp-content\/uploads\/2014\/05\/Dive-Phuket-Today1-300x160.jpg","type":"","width":"","height":""}],"twitter_misc":{"Tempo di lettura stimato":"4 minuti"},"schema":{"@context":"https:\/\/schema.org","@graph":[{"@type":"WebPage","@id":"https:\/\/www.divephukettoday.com\/it\/corsi\/corso-scuba-review\/","url":"https:\/\/www.divephukettoday.com\/it\/corsi\/corso-scuba-review\/","name":"Corso Scuba Review - Dive Phuket Today","isPartOf":{"@id":"https:\/\/www.divephukettoday.com\/#website"},"primaryImageOfPage":{"@id":"https:\/\/www.divephukettoday.com\/it\/corsi\/corso-scuba-review\/#primaryimage"},"image":{"@id":"https:\/\/www.divephukettoday.com\/it\/corsi\/corso-scuba-review\/#primaryimage"},"thumbnailUrl":"https:\/\/www.divephukettoday.com\/wp-content\/uploads\/2014\/05\/Dive-Phuket-Today1-300x160.jpg","datePublished":"2017-09-16T20:54:17+00:00","dateModified":"2020-08-04T06:33:23+00:00","breadcrumb":{"@id":"https:\/\/www.divephukettoday.com\/it\/corsi\/corso-scuba-review\/#breadcrumb"},"inLanguage":"it-IT","potentialAction":[{"@type":"ReadAction","target":["https:\/\/www.divephukettoday.com\/it\/corsi\/corso-scuba-review\/"]}]},{"@type":"ImageObject","inLanguage":"it-IT","@id":"https:\/\/www.divephukettoday.com\/it\/corsi\/corso-scuba-review\/#primaryimage","url":"https:\/\/www.divephukettoday.com\/wp-content\/uploads\/2014\/05\/Dive-Phuket-Today1-300x160.jpg","contentUrl":"https:\/\/www.divephukettoday.com\/wp-content\/uploads\/2014\/05\/Dive-Phuket-Today1-300x160.jpg"},{"@type":"BreadcrumbList","@id":"https:\/\/www.divephukettoday.com\/it\/corsi\/corso-scuba-review\/#breadcrumb","itemListElement":[{"@type":"ListItem","position":1,"name":"Home","item":"https:\/\/www.divephukettoday.com\/it\/"},{"@type":"ListItem","position":2,"name":"Corsi di immersione a Phuket","item":"https:\/\/www.divephukettoday.com\/it\/corsi\/"},{"@type":"ListItem","position":3,"name":"Corso Scuba Review"}]},{"@type":"WebSite","@id":"https:\/\/www.divephukettoday.com\/#website","url":"https:\/\/www.divephukettoday.com\/","name":"Dive Phuket Today","description":"Dive Phuket Today - Scuba Diving in Phuket Thailand","publisher":{"@id":"https:\/\/www.divephukettoday.com\/#organization"},"potentialAction":[{"@type":"SearchAction","target":{"@type":"EntryPoint","urlTemplate":"https:\/\/www.divephukettoday.com\/?s={search_term_string}"},"query-input":{"@type":"PropertyValueSpecification","valueRequired":true,"valueName":"search_term_string"}}],"inLanguage":"it-IT"},{"@type":"Organization","@id":"https:\/\/www.divephukettoday.com\/#organization","name":"Easy Day Thailand (ED1 Part. Ltd.)","url":"https:\/\/www.divephukettoday.com\/","logo":{"@type":"ImageObject","inLanguage":"it-IT","@id":"https:\/\/www.divephukettoday.com\/#\/schema\/logo\/image\/","url":"https:\/\/www.divephukettoday.com\/wp-content\/uploads\/2017\/09\/Documento1-2.jpg","contentUrl":"https:\/\/www.divephukettoday.com\/wp-content\/uploads\/2017\/09\/Documento1-2.jpg","width":332,"height":332,"caption":"Easy Day Thailand (ED1 Part. Ltd.)"},"image":{"@id":"https:\/\/www.divephukettoday.com\/#\/schema\/logo\/image\/"}}]}},"jetpack_sharing_enabled":true,"jetpack_shortlink":"https:\/\/wp.me\/P5RDHs-Kv","_links":{"self":[{"href":"https:\/\/www.divephukettoday.com\/it\/wp-json\/wp\/v2\/pages\/2883","targetHints":{"allow":["GET"]}}],"collection":[{"href":"https:\/\/www.divephukettoday.com\/it\/wp-json\/wp\/v2\/pages"}],"about":[{"href":"https:\/\/www.divephukettoday.com\/it\/wp-json\/wp\/v2\/types\/page"}],"author":[{"embeddable":true,"href":"https:\/\/www.divephukettoday.com\/it\/wp-json\/wp\/v2\/users\/4"}],"replies":[{"embeddable":true,"href":"https:\/\/www.divephukettoday.com\/it\/wp-json\/wp\/v2\/comments?post=2883"}],"version-history":[{"count":1,"href":"https:\/\/www.divephukettoday.com\/it\/wp-json\/wp\/v2\/pages\/2883\/revisions"}],"predecessor-version":[{"id":5098,"href":"https:\/\/www.divephukettoday.com\/it\/wp-json\/wp\/v2\/pages\/2883\/revisions\/5098"}],"up":[{"embeddable":true,"href":"https:\/\/www.divephukettoday.com\/it\/wp-json\/wp\/v2\/pages\/2775"}],"wp:attachment":[{"href":"https:\/\/www.divephukettoday.com\/it\/wp-json\/wp\/v2\/media?parent=2883"}],"curies":[{"name":"wp","href":"https:\/\/api.w.org\/{rel}","templated":true}]}}