{"id":3038,"date":"2017-09-22T10:35:47","date_gmt":"2017-09-22T10:35:47","guid":{"rendered":"https:\/\/www.divephukettoday.com\/?page_id=3038"},"modified":"2020-08-04T06:37:23","modified_gmt":"2020-08-04T06:37:23","slug":"koh-doc-mai","status":"publish","type":"page","link":"https:\/\/www.divephukettoday.com\/it\/punti-di-immersione-phuket\/koh-doc-mai\/","title":{"rendered":"Koh Doc Mai"},"content":{"rendered":"<p>[et_pb_section bb_built=&#8221;1&#8243;][et_pb_row][et_pb_column type=&#8221;4_4&#8243;][et_pb_text _builder_version=&#8221;3.0.76&#8243; background_layout=&#8221;light&#8221; border_style=&#8221;solid&#8221;]<\/p>\n<p>&nbsp;<\/p>\n<figure id=\"attachment_301\" aria-describedby=\"caption-attachment-301\" style=\"width: 300px\" class=\"wp-caption alignright\"><img loading=\"lazy\" decoding=\"async\" class=\"size-medium wp-image-301\" src=\"https:\/\/www.divephukettoday.com\/wp-content\/uploads\/2014\/05\/Turtle-Away-300x200.jpg\" alt=\"Turtle Away\" width=\"300\" height=\"200\" \/><figcaption id=\"caption-attachment-301\" class=\"wp-caption-text\">Tartaruga<\/figcaption><\/figure>\n<p><span id=\"result_box\" class=\"\" lang=\"it\" tabindex=\"-1\">Koh Doc Mai \u00e8 una piccola isola con meravigliose pareti in pietra calcarea che non potrai fare a meno di notare durante la tua immersione. Si trova sulla rotta per l&#8217;isola di Phi Phi e gli altri punti di immersione che si trovano in zona. Dista poco pi\u00f9 di un&#8217;ora dal porto di Chalong, Phuket.<\/span><\/p>\n<p>Questo sito \u00e8 ideale per lo svolgimento delle immersioni previste per i corsi <a title=\"Adventure Diver Course\" href=\"https:\/\/www.divephukettoday.com\/it\/corsi\/corso-adventure-diver\/\" target=\"_blank\" rel=\"noopener noreferrer\">Adventure<\/a> e <a title=\"Advanced Open Water Course\" href=\"https:\/\/www.divephukettoday.com\/it\/corsi\/corso-advanced-open-water\/\" target=\"_blank\" rel=\"noopener noreferrer\">Advanced<\/a>.<\/p>\n<p><span id=\"result_box\" class=\"\" lang=\"it\" tabindex=\"-1\">Koh Doc Mai (Isola del fiore) \u00e8 di solito la prima immersione o l&#8217;ultima immersione della giornata a seconda della barca su cui si \u00e8 saliti a bordo ed \u00e8 una met\u00e0 abituale soprattutto quando le barche visitano la zona triangolare dei punti chiamati Shark Point, King Cruiser e Anemone Reef.<\/span><\/p>\n<p><span id=\"result_box\" class=\"\" lang=\"it\" tabindex=\"-1\">La parte orientale di Koh Doc Mai \u00e8 la pi\u00f9 soleggiata durante la mattinata, mentre nel pomeriggio \u00e8 quella occidentale, ed entrambe offrono un diverso tipo di immersione. A est di Koh Doc Mai, le pareti verticali che scendono oltre 25 i metri sono colme di vita.<\/span><\/p>\n<p><span id=\"result_box\" class=\"\" lang=\"it\" tabindex=\"-1\"><span class=\"\">Ci sono un paio di caverne molto semplici e sicure da esplorare, il lato ovest offre scogliere dolcemente inclinate caratterizzate da alcuni enormi massi dove puoi guardare se trovi qualche squalo nutrice che dorme serenamente &#8211; se vedi una coda sporgere sul fondo da sotto una roccia, potrebbe essere proprio uno di loro<\/span><span class=\"\">.<\/span><\/span><\/p>\n<p><span class=\"\">E&#8217; possibile fare due immersioni qui senza la preoccupazione di vedere la stessa cosa due volte.<\/span> Se c&#8217;\u00e8 un po&#8217; di corrente, allora vivrai l&#8217;esperienza di una immersione lasciandoti comodamente trasportare dalla corrente. <span class=\"\">A seconda del ciclo lunare, potrebbero esserci forti correnti e i subacquei potrebbero avere l&#8217;emozionante sensazione di volare.<\/span><\/p>\n<p><span class=\"\">Guarda lungo la parete, all&#8217;interno delle crepe e dei fori: troverai murene bianche, gialle, g<span class=\"wikibase-labelview-text\">ymnothorax fimbriatus. <\/span><\/span><span class=\"\">Ci sono molto nudibranchi e se ne vedrai uno sar\u00e0 il primo di molti altri.<\/span><\/p>\n<figure id=\"attachment_302\" aria-describedby=\"caption-attachment-302\" style=\"width: 300px\" class=\"wp-caption alignright\"><img loading=\"lazy\" decoding=\"async\" class=\"size-medium wp-image-302\" src=\"https:\/\/www.divephukettoday.com\/wp-content\/uploads\/2014\/05\/Tigertail-Seahorse-300x194.jpg\" alt=\"Tigertail Seahorse\" width=\"300\" height=\"194\" \/><figcaption id=\"caption-attachment-302\" class=\"wp-caption-text\">Cavalluccio marino<\/figcaption><\/figure>\n<p><span id=\"result_box\" class=\"\" lang=\"it\" tabindex=\"-1\"><span class=\"\">Ci sono diverse emozionanti caverne da esplorare, le caverne sono entrambe abbastanza grandi da ospitare diversi subacquei contemporaneamente e la luce \u00e8 presente in tutta la zona.<\/span><\/span><\/p>\n<p><span class=\"\">Questi luoghi di immersione, come puoi gi\u00e0 immaginare, \u00e8 fantastica per gli amanti di tutte le cose Macro, e l&#8217;ingresso alla caverna pi\u00f9 grande \u00e8 la casa di diversi cavallucci marini.<\/span><\/p>\n<p><span class=\"\">Un po&#8217; pi\u00f9 avanti troverai un gruppo di diversi pesci pipa fantasma, che sono una vera delizia per la macchina fotografica, sono creature speciali cos\u00ec come i pesci rana (code di rospo) e tra le cose pi\u00f9 difficili da individuare in un punto di immersione.<\/span><\/p>\n<p><span id=\"result_box\" class=\"\" lang=\"it\" tabindex=\"-1\"><span class=\"\">Vicino alla parete non \u00e8 troppo difficile trovare gamberi cammello e gamberi pulitori a bande di solito accompagnati da pesci ago, lunghi circa 12 cm e dai colori rosso, arancione e blu, difficili da trovare, ma uno spettacolo da vedere<\/span>.<\/span><\/p>\n<p><span class=\"\">E&#8217; sempre una buona idea prendere una torcia in qualsiasi immersione e questo sito non \u00e8 un&#8217;eccezione, ci sono molti angoli e crepe da esplorare, devi arrivare abbastanza vicino alla parete e una torcia \u00e8 ideale per illuminare questo sito, inoltre se hai una<\/span> <span class=\"\">piccola lente d&#8217;ingrandimento \u00e8 ancora meglio.<\/span><\/p>\n<figure id=\"attachment_298\" aria-describedby=\"caption-attachment-298\" style=\"width: 300px\" class=\"wp-caption alignright\"><img loading=\"lazy\" decoding=\"async\" class=\"size-medium wp-image-298\" src=\"https:\/\/www.divephukettoday.com\/wp-content\/uploads\/2014\/05\/Nudibranch-300x200.jpg\" alt=\"Nudibranch\" width=\"300\" height=\"200\" \/><figcaption id=\"caption-attachment-298\" class=\"wp-caption-text\">Nudibranchi<\/figcaption><\/figure>\n<p><span id=\"result_box\" class=\"\" lang=\"it\" tabindex=\"-1\"><span class=\"\">La vita marina comprende: gamberetti cammello, gamberi pulitori, nudibranchi, molte specie di pesc balestra, picasso, pipa, scatola, pietra, ecc.. Ci sono molti pesci diversi su questa scogliera e vale sempre la pena di immergersi almeno un paio di volte<\/span><\/span> se ne hai la possibilit\u00e0.<\/p>\n<p><strong>Caratteristiche del punto di immersione<br \/>\n<\/strong><\/p>\n<ul>\n<li>Profondit\u00e0 massima: 40 metri<\/li>\n<li>Livello di difficolt\u00e0: da Open Water<\/li>\n<li>Visibilit\u00e0: da 5 a 20m<\/li>\n<li>Corrente: debole, occasionalmente forte<\/li>\n<li><span id=\"result_box\" class=\"\" lang=\"it\" tabindex=\"-1\">Caratteristiche particolari: perfetta immersione in parete. Per gli appassionati il sito \u00e8 ricco di gorgogne e di crinoidi<\/span>\u00a0<span id=\"result_box\" class=\"\" lang=\"it\" tabindex=\"-1\"><\/span><\/li>\n<li>Consigli utili: b<span id=\"result_box\" class=\"\" lang=\"it\" tabindex=\"-1\">uona idea \u00e8 quella di portare una piccola torcia soprattutto quando si cerca la vita marina pi\u00f9 piccola. <span class=\"\">L&#8217;immersione in grotta richiede una formazione speciale * questo non \u00e8 un sito di immersione in grotta *<\/span><\/span><\/li>\n<li>Stagione consigliata: tutto l&#8217;anno<\/li>\n<\/ul>\n<p><strong>Altri punti di immersione a Phuket<\/strong><\/p>\n<ul>\n<li><strong><a title=\"Anemone Reef\" href=\"https:\/\/www.divephukettoday.com\/it\/punti-di-immersione-phuket\/anemone-reef\/\" target=\"_blank\" rel=\"noopener noreferrer\">Anemone Reef<\/a><\/strong><\/li>\n<li><strong><a title=\"Koh Doc Mai\" href=\"https:\/\/www.divephukettoday.com\/it\/punti-di-immersione-phuket\/koh-doc-mai\/\" target=\"_blank\" rel=\"noopener noreferrer\">Koh Doc Mai<\/a><\/strong><\/li>\n<li><strong><a href=\"https:\/\/www.divephukettoday.com\/it\/punti-di-immersione-phuket\/phuket-shark-point\/\">Phuket Shark Point<\/a><\/strong><\/li>\n<li><strong><a title=\"The King Cruiser\" href=\"https:\/\/www.divephukettoday.com\/it\/punti-di-immersione-phuket\/the-king-cruiser\/\" target=\"_blank\" rel=\"noopener noreferrer\">King Cruiser<\/a><\/strong><\/li>\n<li><strong><a title=\"Phi Phi Islands\" href=\"https:\/\/www.divephukettoday.com\/it\/punti-di-immersione-phuket\/phi-phi-islands\/\" target=\"_blank\" rel=\"noopener noreferrer\">Isole Phi Phi<\/a><\/strong><\/li>\n<li><strong><a title=\"Racha Yai\" href=\"https:\/\/www.divephukettoday.com\/it\/punti-di-immersione-phuket\/isola-racha-yai\/\" target=\"_blank\" rel=\"noopener noreferrer\">Racha Yai\u00a0<\/a><\/strong><\/li>\n<li><strong><a title=\"Racha Noi\" href=\"https:\/\/www.divephukettoday.com\/it\/punti-di-immersione-phuket\/isola-racha-noi\/\" target=\"_blank\" rel=\"noopener noreferrer\">Racha Noi<\/a><\/strong><\/li>\n<\/ul>\n<p>&nbsp;<\/p>\n<p>[\/et_pb_text][\/et_pb_column][\/et_pb_row][\/et_pb_section]<\/p>\n","protected":false},"excerpt":{"rendered":"<p>[et_pb_section bb_built=&#8221;1&#8243;][et_pb_row][et_pb_column type=&#8221;4_4&#8243;][et_pb_text _builder_version=&#8221;3.0.76&#8243; background_layout=&#8221;light&#8221; border_style=&#8221;solid&#8221;] &nbsp; Koh Doc Mai \u00e8 una piccola isola con meravigliose pareti in pietra calcarea che non potrai fare a meno di notare durante la [&hellip;]<\/p>\n","protected":false},"author":4,"featured_media":0,"parent":3034,"menu_order":0,"comment_status":"closed","ping_status":"open","template":"","meta":{"_et_pb_use_builder":"","_et_pb_old_content":"","_et_gb_content_width":"","content-type":"","footnotes":""},"class_list":["post-3038","page","type-page","status-publish","hentry"],"yoast_head":"<!-- This site is optimized with the Yoast SEO plugin v25.1 - https:\/\/yoast.com\/wordpress\/plugins\/seo\/ -->\n<title>Koh Doc Mai - Dive Phuket Today<\/title>\n<meta name=\"robots\" content=\"index, follow, max-snippet:-1, max-image-preview:large, max-video-preview:-1\" \/>\n<link rel=\"canonical\" href=\"https:\/\/www.divephukettoday.com\/it\/punti-di-immersione-phuket\/koh-doc-mai\/\" \/>\n<meta property=\"og:locale\" content=\"it_IT\" \/>\n<meta property=\"og:type\" content=\"article\" \/>\n<meta property=\"og:title\" content=\"Koh Doc Mai - Dive Phuket Today\" \/>\n<meta property=\"og:description\" content=\"[et_pb_section bb_built=&#8221;1&#8243;][et_pb_row][et_pb_column type=&#8221;4_4&#8243;][et_pb_text _builder_version=&#8221;3.0.76&#8243; background_layout=&#8221;light&#8221; border_style=&#8221;solid&#8221;] &nbsp; Koh Doc Mai \u00e8 una piccola isola con meravigliose pareti in pietra calcarea che non potrai fare a meno di notare durante la [&hellip;]\" \/>\n<meta property=\"og:url\" content=\"https:\/\/www.divephukettoday.com\/it\/punti-di-immersione-phuket\/koh-doc-mai\/\" \/>\n<meta property=\"og:site_name\" content=\"Dive Phuket Today\" \/>\n<meta property=\"article:modified_time\" content=\"2020-08-04T06:37:23+00:00\" \/>\n<meta property=\"og:image\" content=\"https:\/\/www.divephukettoday.com\/wp-content\/uploads\/2014\/05\/Turtle-Away-300x200.jpg\" \/>\n<meta name=\"twitter:label1\" content=\"Tempo di lettura stimato\" \/>\n\t<meta name=\"twitter:data1\" content=\"3 minuti\" \/>\n<script type=\"application\/ld+json\" class=\"yoast-schema-graph\">{\"@context\":\"https:\/\/schema.org\",\"@graph\":[{\"@type\":\"WebPage\",\"@id\":\"https:\/\/www.divephukettoday.com\/it\/punti-di-immersione-phuket\/koh-doc-mai\/\",\"url\":\"https:\/\/www.divephukettoday.com\/it\/punti-di-immersione-phuket\/koh-doc-mai\/\",\"name\":\"Koh Doc Mai - Dive Phuket Today\",\"isPartOf\":{\"@id\":\"https:\/\/www.divephukettoday.com\/#website\"},\"primaryImageOfPage\":{\"@id\":\"https:\/\/www.divephukettoday.com\/it\/punti-di-immersione-phuket\/koh-doc-mai\/#primaryimage\"},\"image\":{\"@id\":\"https:\/\/www.divephukettoday.com\/it\/punti-di-immersione-phuket\/koh-doc-mai\/#primaryimage\"},\"thumbnailUrl\":\"https:\/\/www.divephukettoday.com\/wp-content\/uploads\/2014\/05\/Turtle-Away-300x200.jpg\",\"datePublished\":\"2017-09-22T10:35:47+00:00\",\"dateModified\":\"2020-08-04T06:37:23+00:00\",\"breadcrumb\":{\"@id\":\"https:\/\/www.divephukettoday.com\/it\/punti-di-immersione-phuket\/koh-doc-mai\/#breadcrumb\"},\"inLanguage\":\"it-IT\",\"potentialAction\":[{\"@type\":\"ReadAction\",\"target\":[\"https:\/\/www.divephukettoday.com\/it\/punti-di-immersione-phuket\/koh-doc-mai\/\"]}]},{\"@type\":\"ImageObject\",\"inLanguage\":\"it-IT\",\"@id\":\"https:\/\/www.divephukettoday.com\/it\/punti-di-immersione-phuket\/koh-doc-mai\/#primaryimage\",\"url\":\"https:\/\/www.divephukettoday.com\/wp-content\/uploads\/2014\/05\/Turtle-Away-300x200.jpg\",\"contentUrl\":\"https:\/\/www.divephukettoday.com\/wp-content\/uploads\/2014\/05\/Turtle-Away-300x200.jpg\"},{\"@type\":\"BreadcrumbList\",\"@id\":\"https:\/\/www.divephukettoday.com\/it\/punti-di-immersione-phuket\/koh-doc-mai\/#breadcrumb\",\"itemListElement\":[{\"@type\":\"ListItem\",\"position\":1,\"name\":\"Home\",\"item\":\"https:\/\/www.divephukettoday.com\/it\/\"},{\"@type\":\"ListItem\",\"position\":2,\"name\":\"Phuket\",\"item\":\"https:\/\/www.divephukettoday.com\/it\/punti-di-immersione-phuket\/\"},{\"@type\":\"ListItem\",\"position\":3,\"name\":\"Koh Doc Mai\"}]},{\"@type\":\"WebSite\",\"@id\":\"https:\/\/www.divephukettoday.com\/#website\",\"url\":\"https:\/\/www.divephukettoday.com\/\",\"name\":\"Dive Phuket Today\",\"description\":\"Dive Phuket Today - Scuba Diving in Phuket Thailand\",\"publisher\":{\"@id\":\"https:\/\/www.divephukettoday.com\/#organization\"},\"potentialAction\":[{\"@type\":\"SearchAction\",\"target\":{\"@type\":\"EntryPoint\",\"urlTemplate\":\"https:\/\/www.divephukettoday.com\/?s={search_term_string}\"},\"query-input\":{\"@type\":\"PropertyValueSpecification\",\"valueRequired\":true,\"valueName\":\"search_term_string\"}}],\"inLanguage\":\"it-IT\"},{\"@type\":\"Organization\",\"@id\":\"https:\/\/www.divephukettoday.com\/#organization\",\"name\":\"Easy Day Thailand (ED1 Part. Ltd.)\",\"url\":\"https:\/\/www.divephukettoday.com\/\",\"logo\":{\"@type\":\"ImageObject\",\"inLanguage\":\"it-IT\",\"@id\":\"https:\/\/www.divephukettoday.com\/#\/schema\/logo\/image\/\",\"url\":\"https:\/\/www.divephukettoday.com\/wp-content\/uploads\/2017\/09\/Documento1-2.jpg\",\"contentUrl\":\"https:\/\/www.divephukettoday.com\/wp-content\/uploads\/2017\/09\/Documento1-2.jpg\",\"width\":332,\"height\":332,\"caption\":\"Easy Day Thailand (ED1 Part. Ltd.)\"},\"image\":{\"@id\":\"https:\/\/www.divephukettoday.com\/#\/schema\/logo\/image\/\"}}]}<\/script>\n<!-- \/ Yoast SEO plugin. -->","yoast_head_json":{"title":"Koh Doc Mai - Dive Phuket Today","robots":{"index":"index","follow":"follow","max-snippet":"max-snippet:-1","max-image-preview":"max-image-preview:large","max-video-preview":"max-video-preview:-1"},"canonical":"https:\/\/www.divephukettoday.com\/it\/punti-di-immersione-phuket\/koh-doc-mai\/","og_locale":"it_IT","og_type":"article","og_title":"Koh Doc Mai - Dive Phuket Today","og_description":"[et_pb_section bb_built=&#8221;1&#8243;][et_pb_row][et_pb_column type=&#8221;4_4&#8243;][et_pb_text _builder_version=&#8221;3.0.76&#8243; background_layout=&#8221;light&#8221; border_style=&#8221;solid&#8221;] &nbsp; Koh Doc Mai \u00e8 una piccola isola con meravigliose pareti in pietra calcarea che non potrai fare a meno di notare durante la [&hellip;]","og_url":"https:\/\/www.divephukettoday.com\/it\/punti-di-immersione-phuket\/koh-doc-mai\/","og_site_name":"Dive Phuket Today","article_modified_time":"2020-08-04T06:37:23+00:00","og_image":[{"url":"https:\/\/www.divephukettoday.com\/wp-content\/uploads\/2014\/05\/Turtle-Away-300x200.jpg","type":"","width":"","height":""}],"twitter_misc":{"Tempo di lettura stimato":"3 minuti"},"schema":{"@context":"https:\/\/schema.org","@graph":[{"@type":"WebPage","@id":"https:\/\/www.divephukettoday.com\/it\/punti-di-immersione-phuket\/koh-doc-mai\/","url":"https:\/\/www.divephukettoday.com\/it\/punti-di-immersione-phuket\/koh-doc-mai\/","name":"Koh Doc Mai - Dive Phuket Today","isPartOf":{"@id":"https:\/\/www.divephukettoday.com\/#website"},"primaryImageOfPage":{"@id":"https:\/\/www.divephukettoday.com\/it\/punti-di-immersione-phuket\/koh-doc-mai\/#primaryimage"},"image":{"@id":"https:\/\/www.divephukettoday.com\/it\/punti-di-immersione-phuket\/koh-doc-mai\/#primaryimage"},"thumbnailUrl":"https:\/\/www.divephukettoday.com\/wp-content\/uploads\/2014\/05\/Turtle-Away-300x200.jpg","datePublished":"2017-09-22T10:35:47+00:00","dateModified":"2020-08-04T06:37:23+00:00","breadcrumb":{"@id":"https:\/\/www.divephukettoday.com\/it\/punti-di-immersione-phuket\/koh-doc-mai\/#breadcrumb"},"inLanguage":"it-IT","potentialAction":[{"@type":"ReadAction","target":["https:\/\/www.divephukettoday.com\/it\/punti-di-immersione-phuket\/koh-doc-mai\/"]}]},{"@type":"ImageObject","inLanguage":"it-IT","@id":"https:\/\/www.divephukettoday.com\/it\/punti-di-immersione-phuket\/koh-doc-mai\/#primaryimage","url":"https:\/\/www.divephukettoday.com\/wp-content\/uploads\/2014\/05\/Turtle-Away-300x200.jpg","contentUrl":"https:\/\/www.divephukettoday.com\/wp-content\/uploads\/2014\/05\/Turtle-Away-300x200.jpg"},{"@type":"BreadcrumbList","@id":"https:\/\/www.divephukettoday.com\/it\/punti-di-immersione-phuket\/koh-doc-mai\/#breadcrumb","itemListElement":[{"@type":"ListItem","position":1,"name":"Home","item":"https:\/\/www.divephukettoday.com\/it\/"},{"@type":"ListItem","position":2,"name":"Phuket","item":"https:\/\/www.divephukettoday.com\/it\/punti-di-immersione-phuket\/"},{"@type":"ListItem","position":3,"name":"Koh Doc Mai"}]},{"@type":"WebSite","@id":"https:\/\/www.divephukettoday.com\/#website","url":"https:\/\/www.divephukettoday.com\/","name":"Dive Phuket Today","description":"Dive Phuket Today - Scuba Diving in Phuket Thailand","publisher":{"@id":"https:\/\/www.divephukettoday.com\/#organization"},"potentialAction":[{"@type":"SearchAction","target":{"@type":"EntryPoint","urlTemplate":"https:\/\/www.divephukettoday.com\/?s={search_term_string}"},"query-input":{"@type":"PropertyValueSpecification","valueRequired":true,"valueName":"search_term_string"}}],"inLanguage":"it-IT"},{"@type":"Organization","@id":"https:\/\/www.divephukettoday.com\/#organization","name":"Easy Day Thailand (ED1 Part. Ltd.)","url":"https:\/\/www.divephukettoday.com\/","logo":{"@type":"ImageObject","inLanguage":"it-IT","@id":"https:\/\/www.divephukettoday.com\/#\/schema\/logo\/image\/","url":"https:\/\/www.divephukettoday.com\/wp-content\/uploads\/2017\/09\/Documento1-2.jpg","contentUrl":"https:\/\/www.divephukettoday.com\/wp-content\/uploads\/2017\/09\/Documento1-2.jpg","width":332,"height":332,"caption":"Easy Day Thailand (ED1 Part. Ltd.)"},"image":{"@id":"https:\/\/www.divephukettoday.com\/#\/schema\/logo\/image\/"}}]}},"jetpack_sharing_enabled":true,"jetpack_shortlink":"https:\/\/wp.me\/P5RDHs-N0","_links":{"self":[{"href":"https:\/\/www.divephukettoday.com\/it\/wp-json\/wp\/v2\/pages\/3038","targetHints":{"allow":["GET"]}}],"collection":[{"href":"https:\/\/www.divephukettoday.com\/it\/wp-json\/wp\/v2\/pages"}],"about":[{"href":"https:\/\/www.divephukettoday.com\/it\/wp-json\/wp\/v2\/types\/page"}],"author":[{"embeddable":true,"href":"https:\/\/www.divephukettoday.com\/it\/wp-json\/wp\/v2\/users\/4"}],"replies":[{"embeddable":true,"href":"https:\/\/www.divephukettoday.com\/it\/wp-json\/wp\/v2\/comments?post=3038"}],"version-history":[{"count":1,"href":"https:\/\/www.divephukettoday.com\/it\/wp-json\/wp\/v2\/pages\/3038\/revisions"}],"predecessor-version":[{"id":5106,"href":"https:\/\/www.divephukettoday.com\/it\/wp-json\/wp\/v2\/pages\/3038\/revisions\/5106"}],"up":[{"embeddable":true,"href":"https:\/\/www.divephukettoday.com\/it\/wp-json\/wp\/v2\/pages\/3034"}],"wp:attachment":[{"href":"https:\/\/www.divephukettoday.com\/it\/wp-json\/wp\/v2\/media?parent=3038"}],"curies":[{"name":"wp","href":"https:\/\/api.w.org\/{rel}","templated":true}]}}