{"id":3078,"date":"2017-09-22T19:22:40","date_gmt":"2017-09-22T19:22:40","guid":{"rendered":"https:\/\/www.divephukettoday.com\/?page_id=3078"},"modified":"2020-08-04T06:37:31","modified_gmt":"2020-08-04T06:37:31","slug":"phi-phi-islands","status":"publish","type":"page","link":"https:\/\/www.divephukettoday.com\/it\/punti-di-immersione-phuket\/phi-phi-islands\/","title":{"rendered":"Isole Phi Phi"},"content":{"rendered":"<figure id=\"attachment_338\" aria-describedby=\"caption-attachment-338\" style=\"width: 300px\" class=\"wp-caption alignright\"><a href=\"https:\/\/www.divephukettoday.com\/wp-content\/uploads\/2014\/05\/Phi-Phi-Island-Beach-Life-e1400057868410.jpg\"><img loading=\"lazy\" decoding=\"async\" class=\"size-medium wp-image-338\" src=\"https:\/\/www.divephukettoday.com\/wp-content\/uploads\/2014\/05\/Phi-Phi-Island-Beach-Life-300x199.jpg\" alt=\"Phi Phi Island - Beach Life\" width=\"300\" height=\"199\" \/><\/a><figcaption id=\"caption-attachment-338\" class=\"wp-caption-text\">Phi Phi Island &#8211; La spiaggia<\/figcaption><\/figure>\n<p><span id=\"result_box\" class=\"\" lang=\"it\" tabindex=\"-1\"><span class=\"\">Per comprendere la bellezza delle sei isole che compongono il famoso gruppo di isole di Koh Phi Phi devi assolutamente vederle.<\/span><\/span><\/p>\n<p><span class=\"\">Tutti i punti di immersione alle Isole Phi Phi sono l&#8217;ideale per effettuare il programma previsto da tutti i corsi PADI: dal <a href=\"https:\/\/www.divephukettoday.com\/it\/corsi\/discover-scuba-diving\/\">Discover Scuba Diving<\/a> all&#8217;<a href=\"https:\/\/www.divephukettoday.com\/it\/corsi\/corso-advanced-open-water\/\">Advance Open Water<\/a>, ecc. <a href=\"https:\/\/www.divephukettoday.com\/it\/corsi\/\">Continua a leggere&#8230;<\/a><\/span><\/p>\n<p><span class=\"\">Molte persone hanno immagini della loro spiaggia idilliaca sepolte da qualche parte nella loro mente, e ogni tanto sognano di visitarla, soprattutto nei giorni bagnati e ventosi.<\/span> <span class=\"\">Quel posto dove avresti voluto spesso trovarti non \u00e8 pi\u00f9 un sogno: Phi Phi \u00e8 proprio quel posto.<\/span><\/p>\n<p>&nbsp;<\/p>\n<p><span id=\"result_box\" class=\"\" lang=\"it\" tabindex=\"-1\">Phi Phi \u00e8 un&#8217;isola paradisiaca, non \u00e8 possibile pensare diversamente. <span class=\"\">Queste isole sono costituite da pareti in pietra calcaree ricoperta da una foresta tropicale verde lussureggiante.<\/span> Ci sono anche molte spiagge incontaminate e belle tra cui scegliere.<\/span><\/p>\n<p><span class=\"\">Quindi, anche tu troverai il tuo piccolo pezzo di paradiso proprio sulle Isole Phi Phi.<\/span> Phi Phi \u00e8 uno di quei luoghi dove, quando finalmente riuscirai a visitarlo, lascerai un piccolo pezzo di te.<\/p>\n<p><span class=\"\">Queste isole diventarono molto famose nel 2000 quando nelle sale cinematografiche fece il suo debutto il film interpretato da Leonardo DiCaprio e Robert Carlyle, il film, naturalmente, \u00e8 &#8220;The Beach&#8221;.<\/span> <span class=\"\">Il film \u00e8 stato girato in diverse localit\u00e0 della Thailandia.<\/span> <span class=\"\">Le scene pi\u00f9 belle sono comunque state riprese nelle idilliache Phi Phi e in particolare sulla spiagga di <\/span>Maya Bay.<\/p>\n<figure id=\"attachment_278\" aria-describedby=\"caption-attachment-278\" style=\"width: 252px\" class=\"wp-caption alignright\"><img loading=\"lazy\" decoding=\"async\" class=\"wp-image-278 size-medium\" src=\"https:\/\/www.divephukettoday.com\/wp-content\/uploads\/2014\/05\/Sea-Fan-Phi-Phi-Island1-252x300.jpg\" alt=\"Sea Fan - Phi Phi Island\" width=\"252\" height=\"300\" \/><figcaption id=\"caption-attachment-278\" class=\"wp-caption-text\">Gorgonia &#8211; Phi Phi Island<\/figcaption><\/figure>\n<p><span id=\"result_box\" class=\"\" lang=\"it\" tabindex=\"-1\"><span class=\"\">Il film racconta la storia di droghe e sesso piuttosto controversa di alcuni turisti che viaggiano zaino in spalla circa backpackers.<\/span> <span class=\"\">Diversi sono stati i politici che si sono lamentati e hanno cercato di vietare la proiezione di questo film: temevano potesse dare una immagine negativa della Thailandia.<\/span><\/span><\/p>\n<p><span class=\"\">Sono state avviate anche diverse cause legali contro la produzione per il modo in cui Maya Bay \u00e8 stata ridotta durante le riprese.<\/span> <span class=\"\">Molti ambientalisti locali si sono lamentati per lo stato in cui Maya Bay \u00e8 stata lasciata e citato in giudizio in tribunale la Fox Movies.<\/span><\/p>\n<p>Gli ambientalisti hanno denunciato che <span id=\"result_box\" class=\"\" lang=\"it\" tabindex=\"-1\"><span class=\"\">la registrazione del film ha danneggiato l&#8217;ambiente naturale della baia sostenendo che non sarebbe mai pi\u00f9 stato possibile riportarla al suo fascino naturale.<\/span> La Fox ha dovuto pagare i lavori per ripristinare le condizioni della spiaggia e riportarla al suo stato originario naturale.<\/span><\/p>\n<p><span id=\"result_box\" class=\"\" lang=\"it\" tabindex=\"-1\"><span title=\"All this and being the ideal back packer movie, naturally made it an instant hit, especially in Thailand, where backpackers have a wonderful time journeying through the Thai country and all it has to offer. \">Tutto questo e il messaggio lanciato dal film che parla di una Thailandia ideale per chi viaggia zaino in spalla ha generato una crescita di questo tipo di turismo: viaggiare in questo paese, per tutto quello che ha da offrire, \u00e8 una splendidata avventura.<\/span><\/span><\/p>\n<p><span title=\"If the movie was not enough publicity for a little group of islands in southern Thailand, then what followed in December 2004 would be.\">Se questo film non \u00e8 stato sufficinete per pubblicizzare questo bellissimo piccolo gruppo di isole, quello che \u00e8 successo nel dicembre del 2004 ha fatto parlare della Thailandia in tutto il mondo. <\/span><span title=\"Phi Phi became famous on a global scale, and all for the wrong reasons.\">Phi Phi \u00e8 diventata famosa per lo <\/span><span title=\"The Boxing Day Tsunami, which decimated the coasts of many Indian Ocean countries, would go down in history as the worst natural disaster in living memory. \">tsunami chiamato Boxing Day, che decim\u00f2 le coste di molti paesi dell&#8217;Oceano Indiano e che \u00e8 ricordato come il disastro naturale pi\u00f9 grave nella storia recente.<\/span><\/p>\n<p><span title=\"being only small Islands they took a massive hit from the big waves that day and left many many scars.\">Essendo piccole isole, quel giorno, le Phi Phi sono state colpite da grandi onde che hanno lasciato molte molte cicatrici. Quel<\/span><span title=\"The kind of scars that don\u2019t always heal fully and many hearts that were broken will never truly be mended.\"> tipo di cicatrice che non sempre guarisce completamente e molti cuori spezzati non verranno mai pi\u00f9 curati. <\/span><span title=\"However, the locals that who survived that day and still live and work on Phi Phi have made the best of a very bad situation. \">Tuttavia, i residenti che sono sopravvissuti vivono ancora e lavorano su Phi Phi e hanno fatto del loro meglio per riprendersi da una condizione decisamente non facile.<\/span><\/p>\n<p><span title=\"Today you would not recognise the place, from that fateful day back in 2004. There is so much to do and see here these days.\">Rispetto a quel fatidico giorno del 2004 il posto \u00e8 irriconoscibile. Oggi c&#8217;\u00e8 molto da fare e da vedere su queste splendide isole. <\/span><span title=\"Come and see for yourself just what it is that Phi Phi has to offer you.\">Vieni a vedere da solo ci\u00f2 che Phi Phi ha da offrire. <\/span><span title=\"Come and find your piece of paradise, it really is waiting for you.\">Vieni a trovare il tuo pezzo di paradiso: ti sta aspettando.<\/span><\/p>\n<p>Le isole si chiamano:<\/p>\n<figure id=\"attachment_289\" aria-describedby=\"caption-attachment-289\" style=\"width: 340px\" class=\"wp-caption alignright\"><a href=\"https:\/\/www.divephukettoday.com\/wp-content\/uploads\/2014\/05\/Leopard-Shark-Bida-Nok-e1399972781364.jpg\"><img loading=\"lazy\" decoding=\"async\" class=\" wp-image-289\" src=\"https:\/\/www.divephukettoday.com\/wp-content\/uploads\/2014\/05\/Leopard-Shark-Bida-Nok-e1399972781364.jpg\" alt=\"Leopard Shark - Bida Nok\" width=\"340\" height=\"195\" \/><\/a><figcaption id=\"caption-attachment-289\" class=\"wp-caption-text\">Squalo leopardo &#8211; Bida Nok<\/figcaption><\/figure>\n<p>Bamboo, Mosquito, Bida Nai, Bida Nok, Phi Phi Leh e l&#8217;isola principale Phi Phi Don.\u00a0 Phi Phi Don \u00e8 la pi\u00f9 grande di questo gruppo di isole e la sola a essere abitata. Qui potrai trovare una sistemazione adatta alle tue esigenze, ristoranti, supermercati, internet, bar, discoteche centre massaggi e, naturalmente, centri per le immersioni.<\/p>\n<p>Ci sono ben 19 siti nei dintorni di Phi Phi.\u00a0<span id=\"result_box\" class=\"\" lang=\"it\" tabindex=\"-1\">Questi punti garantiscono immersioni fantastiche per tutti i livelli, dai principianti ai pi\u00f9 esperti. Ecco alcuni dei migliori siti che le Isole Phi Phi ti possono offrire:<\/span><\/p>\n<p><strong>Punti di immersione alle Isole Phi Phi<\/strong><\/p>\n<ul>\n<li><a title=\"Phi Phi Island \u2013 Bida Nai\" href=\"https:\/\/www.divephukettoday.com\/phuket-dive-sites\/phi-phi-islands\/phi-phi-island-bida-nai\/\" target=\"_blank\" rel=\"noopener noreferrer\"><strong>Bida Nai<\/strong><\/a><\/li>\n<li><a title=\"Bida Nok \u2013 Phi Phi Island\" href=\"https:\/\/www.divephukettoday.com\/phuket-dive-sites\/phi-phi-islands\/bida-nok-phi-phi-island\/\" target=\"_blank\" rel=\"noopener noreferrer\"><strong>Bida Nok<\/strong><\/a><\/li>\n<li><strong><a title=\"Coral Garden \u2013 Phi Phi Island\" href=\"https:\/\/www.divephukettoday.com\/phuket-dive-sites\/phi-phi-islands\/coral-garden-phi-phi-island\/\" target=\"_blank\" rel=\"noopener noreferrer\">Coral Garden\u00a0<\/a>(aka Palong)<\/strong><\/li>\n<li><a title=\"HTMS Kletkaew\" href=\"https:\/\/www.divephukettoday.com\/phuket-dive-sites\/phi-phi-islands\/htms-kletkaew\/\" target=\"_blank\" rel=\"noopener noreferrer\"><strong>The Kletkaew (Wreck Dive)<\/strong><\/a><\/li>\n<\/ul>\n","protected":false},"excerpt":{"rendered":"<p>Per comprendere la bellezza delle sei isole che compongono il famoso gruppo di isole di Koh Phi Phi devi assolutamente vederle. Tutti i punti di immersione alle Isole Phi Phi [&hellip;]<\/p>\n","protected":false},"author":4,"featured_media":0,"parent":3034,"menu_order":0,"comment_status":"closed","ping_status":"open","template":"","meta":{"_et_pb_use_builder":"","_et_pb_old_content":"","_et_gb_content_width":"","content-type":"","footnotes":""},"class_list":["post-3078","page","type-page","status-publish","hentry"],"yoast_head":"<!-- This site is optimized with the Yoast SEO plugin v25.1 - https:\/\/yoast.com\/wordpress\/plugins\/seo\/ -->\n<title>Isole Phi Phi - Dive Phuket Today<\/title>\n<meta name=\"robots\" content=\"index, follow, max-snippet:-1, max-image-preview:large, max-video-preview:-1\" \/>\n<link rel=\"canonical\" href=\"https:\/\/www.divephukettoday.com\/it\/punti-di-immersione-phuket\/phi-phi-islands\/\" \/>\n<meta property=\"og:locale\" content=\"it_IT\" \/>\n<meta property=\"og:type\" content=\"article\" \/>\n<meta property=\"og:title\" content=\"Isole Phi Phi - Dive Phuket Today\" \/>\n<meta property=\"og:description\" content=\"Per comprendere la bellezza delle sei isole che compongono il famoso gruppo di isole di Koh Phi Phi devi assolutamente vederle. Tutti i punti di immersione alle Isole Phi Phi [&hellip;]\" \/>\n<meta property=\"og:url\" content=\"https:\/\/www.divephukettoday.com\/it\/punti-di-immersione-phuket\/phi-phi-islands\/\" \/>\n<meta property=\"og:site_name\" content=\"Dive Phuket Today\" \/>\n<meta property=\"article:modified_time\" content=\"2020-08-04T06:37:31+00:00\" \/>\n<meta property=\"og:image\" content=\"https:\/\/www.divephukettoday.com\/wp-content\/uploads\/2014\/05\/Phi-Phi-Island-Beach-Life-300x199.jpg\" \/>\n<meta name=\"twitter:label1\" content=\"Tempo di lettura stimato\" \/>\n\t<meta name=\"twitter:data1\" content=\"4 minuti\" \/>\n<script type=\"application\/ld+json\" class=\"yoast-schema-graph\">{\"@context\":\"https:\/\/schema.org\",\"@graph\":[{\"@type\":\"WebPage\",\"@id\":\"https:\/\/www.divephukettoday.com\/it\/punti-di-immersione-phuket\/phi-phi-islands\/\",\"url\":\"https:\/\/www.divephukettoday.com\/it\/punti-di-immersione-phuket\/phi-phi-islands\/\",\"name\":\"Isole Phi Phi - Dive Phuket Today\",\"isPartOf\":{\"@id\":\"https:\/\/www.divephukettoday.com\/#website\"},\"primaryImageOfPage\":{\"@id\":\"https:\/\/www.divephukettoday.com\/it\/punti-di-immersione-phuket\/phi-phi-islands\/#primaryimage\"},\"image\":{\"@id\":\"https:\/\/www.divephukettoday.com\/it\/punti-di-immersione-phuket\/phi-phi-islands\/#primaryimage\"},\"thumbnailUrl\":\"https:\/\/www.divephukettoday.com\/wp-content\/uploads\/2014\/05\/Phi-Phi-Island-Beach-Life-300x199.jpg\",\"datePublished\":\"2017-09-22T19:22:40+00:00\",\"dateModified\":\"2020-08-04T06:37:31+00:00\",\"breadcrumb\":{\"@id\":\"https:\/\/www.divephukettoday.com\/it\/punti-di-immersione-phuket\/phi-phi-islands\/#breadcrumb\"},\"inLanguage\":\"it-IT\",\"potentialAction\":[{\"@type\":\"ReadAction\",\"target\":[\"https:\/\/www.divephukettoday.com\/it\/punti-di-immersione-phuket\/phi-phi-islands\/\"]}]},{\"@type\":\"ImageObject\",\"inLanguage\":\"it-IT\",\"@id\":\"https:\/\/www.divephukettoday.com\/it\/punti-di-immersione-phuket\/phi-phi-islands\/#primaryimage\",\"url\":\"https:\/\/www.divephukettoday.com\/wp-content\/uploads\/2014\/05\/Phi-Phi-Island-Beach-Life-300x199.jpg\",\"contentUrl\":\"https:\/\/www.divephukettoday.com\/wp-content\/uploads\/2014\/05\/Phi-Phi-Island-Beach-Life-300x199.jpg\"},{\"@type\":\"BreadcrumbList\",\"@id\":\"https:\/\/www.divephukettoday.com\/it\/punti-di-immersione-phuket\/phi-phi-islands\/#breadcrumb\",\"itemListElement\":[{\"@type\":\"ListItem\",\"position\":1,\"name\":\"Home\",\"item\":\"https:\/\/www.divephukettoday.com\/it\/\"},{\"@type\":\"ListItem\",\"position\":2,\"name\":\"Phuket\",\"item\":\"https:\/\/www.divephukettoday.com\/it\/punti-di-immersione-phuket\/\"},{\"@type\":\"ListItem\",\"position\":3,\"name\":\"Isole Phi Phi\"}]},{\"@type\":\"WebSite\",\"@id\":\"https:\/\/www.divephukettoday.com\/#website\",\"url\":\"https:\/\/www.divephukettoday.com\/\",\"name\":\"Dive Phuket Today\",\"description\":\"Dive Phuket Today - Scuba Diving in Phuket Thailand\",\"publisher\":{\"@id\":\"https:\/\/www.divephukettoday.com\/#organization\"},\"potentialAction\":[{\"@type\":\"SearchAction\",\"target\":{\"@type\":\"EntryPoint\",\"urlTemplate\":\"https:\/\/www.divephukettoday.com\/?s={search_term_string}\"},\"query-input\":{\"@type\":\"PropertyValueSpecification\",\"valueRequired\":true,\"valueName\":\"search_term_string\"}}],\"inLanguage\":\"it-IT\"},{\"@type\":\"Organization\",\"@id\":\"https:\/\/www.divephukettoday.com\/#organization\",\"name\":\"Easy Day Thailand (ED1 Part. Ltd.)\",\"url\":\"https:\/\/www.divephukettoday.com\/\",\"logo\":{\"@type\":\"ImageObject\",\"inLanguage\":\"it-IT\",\"@id\":\"https:\/\/www.divephukettoday.com\/#\/schema\/logo\/image\/\",\"url\":\"https:\/\/www.divephukettoday.com\/wp-content\/uploads\/2017\/09\/Documento1-2.jpg\",\"contentUrl\":\"https:\/\/www.divephukettoday.com\/wp-content\/uploads\/2017\/09\/Documento1-2.jpg\",\"width\":332,\"height\":332,\"caption\":\"Easy Day Thailand (ED1 Part. Ltd.)\"},\"image\":{\"@id\":\"https:\/\/www.divephukettoday.com\/#\/schema\/logo\/image\/\"}}]}<\/script>\n<!-- \/ Yoast SEO plugin. -->","yoast_head_json":{"title":"Isole Phi Phi - Dive Phuket Today","robots":{"index":"index","follow":"follow","max-snippet":"max-snippet:-1","max-image-preview":"max-image-preview:large","max-video-preview":"max-video-preview:-1"},"canonical":"https:\/\/www.divephukettoday.com\/it\/punti-di-immersione-phuket\/phi-phi-islands\/","og_locale":"it_IT","og_type":"article","og_title":"Isole Phi Phi - Dive Phuket Today","og_description":"Per comprendere la bellezza delle sei isole che compongono il famoso gruppo di isole di Koh Phi Phi devi assolutamente vederle. Tutti i punti di immersione alle Isole Phi Phi [&hellip;]","og_url":"https:\/\/www.divephukettoday.com\/it\/punti-di-immersione-phuket\/phi-phi-islands\/","og_site_name":"Dive Phuket Today","article_modified_time":"2020-08-04T06:37:31+00:00","og_image":[{"url":"https:\/\/www.divephukettoday.com\/wp-content\/uploads\/2014\/05\/Phi-Phi-Island-Beach-Life-300x199.jpg","type":"","width":"","height":""}],"twitter_misc":{"Tempo di lettura stimato":"4 minuti"},"schema":{"@context":"https:\/\/schema.org","@graph":[{"@type":"WebPage","@id":"https:\/\/www.divephukettoday.com\/it\/punti-di-immersione-phuket\/phi-phi-islands\/","url":"https:\/\/www.divephukettoday.com\/it\/punti-di-immersione-phuket\/phi-phi-islands\/","name":"Isole Phi Phi - Dive Phuket Today","isPartOf":{"@id":"https:\/\/www.divephukettoday.com\/#website"},"primaryImageOfPage":{"@id":"https:\/\/www.divephukettoday.com\/it\/punti-di-immersione-phuket\/phi-phi-islands\/#primaryimage"},"image":{"@id":"https:\/\/www.divephukettoday.com\/it\/punti-di-immersione-phuket\/phi-phi-islands\/#primaryimage"},"thumbnailUrl":"https:\/\/www.divephukettoday.com\/wp-content\/uploads\/2014\/05\/Phi-Phi-Island-Beach-Life-300x199.jpg","datePublished":"2017-09-22T19:22:40+00:00","dateModified":"2020-08-04T06:37:31+00:00","breadcrumb":{"@id":"https:\/\/www.divephukettoday.com\/it\/punti-di-immersione-phuket\/phi-phi-islands\/#breadcrumb"},"inLanguage":"it-IT","potentialAction":[{"@type":"ReadAction","target":["https:\/\/www.divephukettoday.com\/it\/punti-di-immersione-phuket\/phi-phi-islands\/"]}]},{"@type":"ImageObject","inLanguage":"it-IT","@id":"https:\/\/www.divephukettoday.com\/it\/punti-di-immersione-phuket\/phi-phi-islands\/#primaryimage","url":"https:\/\/www.divephukettoday.com\/wp-content\/uploads\/2014\/05\/Phi-Phi-Island-Beach-Life-300x199.jpg","contentUrl":"https:\/\/www.divephukettoday.com\/wp-content\/uploads\/2014\/05\/Phi-Phi-Island-Beach-Life-300x199.jpg"},{"@type":"BreadcrumbList","@id":"https:\/\/www.divephukettoday.com\/it\/punti-di-immersione-phuket\/phi-phi-islands\/#breadcrumb","itemListElement":[{"@type":"ListItem","position":1,"name":"Home","item":"https:\/\/www.divephukettoday.com\/it\/"},{"@type":"ListItem","position":2,"name":"Phuket","item":"https:\/\/www.divephukettoday.com\/it\/punti-di-immersione-phuket\/"},{"@type":"ListItem","position":3,"name":"Isole Phi Phi"}]},{"@type":"WebSite","@id":"https:\/\/www.divephukettoday.com\/#website","url":"https:\/\/www.divephukettoday.com\/","name":"Dive Phuket Today","description":"Dive Phuket Today - Scuba Diving in Phuket Thailand","publisher":{"@id":"https:\/\/www.divephukettoday.com\/#organization"},"potentialAction":[{"@type":"SearchAction","target":{"@type":"EntryPoint","urlTemplate":"https:\/\/www.divephukettoday.com\/?s={search_term_string}"},"query-input":{"@type":"PropertyValueSpecification","valueRequired":true,"valueName":"search_term_string"}}],"inLanguage":"it-IT"},{"@type":"Organization","@id":"https:\/\/www.divephukettoday.com\/#organization","name":"Easy Day Thailand (ED1 Part. Ltd.)","url":"https:\/\/www.divephukettoday.com\/","logo":{"@type":"ImageObject","inLanguage":"it-IT","@id":"https:\/\/www.divephukettoday.com\/#\/schema\/logo\/image\/","url":"https:\/\/www.divephukettoday.com\/wp-content\/uploads\/2017\/09\/Documento1-2.jpg","contentUrl":"https:\/\/www.divephukettoday.com\/wp-content\/uploads\/2017\/09\/Documento1-2.jpg","width":332,"height":332,"caption":"Easy Day Thailand (ED1 Part. Ltd.)"},"image":{"@id":"https:\/\/www.divephukettoday.com\/#\/schema\/logo\/image\/"}}]}},"jetpack_sharing_enabled":true,"jetpack_shortlink":"https:\/\/wp.me\/P5RDHs-NE","_links":{"self":[{"href":"https:\/\/www.divephukettoday.com\/it\/wp-json\/wp\/v2\/pages\/3078","targetHints":{"allow":["GET"]}}],"collection":[{"href":"https:\/\/www.divephukettoday.com\/it\/wp-json\/wp\/v2\/pages"}],"about":[{"href":"https:\/\/www.divephukettoday.com\/it\/wp-json\/wp\/v2\/types\/page"}],"author":[{"embeddable":true,"href":"https:\/\/www.divephukettoday.com\/it\/wp-json\/wp\/v2\/users\/4"}],"replies":[{"embeddable":true,"href":"https:\/\/www.divephukettoday.com\/it\/wp-json\/wp\/v2\/comments?post=3078"}],"version-history":[{"count":1,"href":"https:\/\/www.divephukettoday.com\/it\/wp-json\/wp\/v2\/pages\/3078\/revisions"}],"predecessor-version":[{"id":5114,"href":"https:\/\/www.divephukettoday.com\/it\/wp-json\/wp\/v2\/pages\/3078\/revisions\/5114"}],"up":[{"embeddable":true,"href":"https:\/\/www.divephukettoday.com\/it\/wp-json\/wp\/v2\/pages\/3034"}],"wp:attachment":[{"href":"https:\/\/www.divephukettoday.com\/it\/wp-json\/wp\/v2\/media?parent=3078"}],"curies":[{"name":"wp","href":"https:\/\/api.w.org\/{rel}","templated":true}]}}