{"id":3091,"date":"2017-09-22T20:11:20","date_gmt":"2017-09-22T20:11:20","guid":{"rendered":"https:\/\/www.divephukettoday.com\/?page_id=3091"},"modified":"2020-08-04T06:37:16","modified_gmt":"2020-08-04T06:37:16","slug":"the-king-cruiser","status":"publish","type":"page","link":"https:\/\/www.divephukettoday.com\/it\/punti-di-immersione-phuket\/the-king-cruiser\/","title":{"rendered":"Il King Cruiser"},"content":{"rendered":"<figure id=\"attachment_317\" aria-describedby=\"caption-attachment-317\" style=\"width: 260px\" class=\"wp-caption alignright\"><img loading=\"lazy\" decoding=\"async\" class=\"size-full wp-image-317\" src=\"https:\/\/www.divephukettoday.com\/wp-content\/uploads\/2014\/05\/KC-e1399986643476.jpg\" alt=\"King Cruiser - Wreck Dive\" width=\"260\" height=\"180\" \/><figcaption id=\"caption-attachment-317\" class=\"wp-caption-text\">King Cruiser &#8211; Maggio 1997<\/figcaption><\/figure>\n<p><span id=\"result_box\" class=\"\" lang=\"it\" tabindex=\"-1\"><span class=\"\">Il King Cruiser era un traghetto che trasportava auto e passeggeri nei primi anni sessanta quando ha iniziato a navigare per mare.<\/span> <span class=\"\">Da allora, \u00e8 stato usato come traghetto per passeggeri, fino a quando non \u00e8 arrivato il fatidico giorno in cui \u00e8 affondato.<\/span><\/span><\/p>\n<p><span class=\"\">King Cruiser \u00e8 una grande immersione e pu\u00f2 rientrare tra quelle previste nei corsi da fare come parte dei corsi <a title=\"Adventure Diver Course\" href=\"https:\/\/www.divephukettoday.com\/it\/corsi\/corso-adventure-diver\/\" target=\"_blank\" rel=\"noopener noreferrer\">Adventure<\/a> e <a title=\"Advanced Open Water Course\" href=\"https:\/\/www.divephukettoday.com\/it\/corsi\/corso-advanced-open-water\/\" target=\"_blank\" rel=\"noopener noreferrer\">Advanced<\/a>.<\/span><\/p>\n<p><span class=\"\">Il 4 Maggio 1997 il King Cruiser mentre tornava dall&#8217;isola di Phi Phi, per qualche motivo sconosciuto, ha colpito un altro famoso punto di immersione (Anemone Reef &#8211; un bel sito a proposito). <\/span><\/p>\n<p>Fortunatamente n<span id=\"result_box\" class=\"\" lang=\"it\" tabindex=\"-1\">essun danno \u00e8 stato fatto alla barriera corallina, ma il King Cruiser non \u00e8 stato cos\u00ec fortunato, ha sviluppato una grande falla e di \u00e8 inabissato per non tornare mai pi\u00f9 in superficie. Tuttavia, non ci sono state vittime, solo molto panico e del capitano non sappiamo molto, ma siamo certi che non \u00e8 diventato molto popolare dopo quel che \u00e8 successo.<\/span><\/p>\n<p>Il King Cruiser si adagiato lentamente sul fondo, dove si \u00e8 stabilizzato. <span class=\"\">Questo rende le immersioni pi\u00f9 semplici rispetto a quelle su tanti altri relitti.<\/span><\/p>\n<p><span class=\"\">Questo traghetto \u00e8 lungo 85 metri\/279 piedi e largo 26 metri\/85 piedi e si trova a una profondit\u00e0 massima di circa 30 metri\/98 piedi, con diverse cime collegate a boe gallegianti, il punto meno profondo si trova a circa 14 metri\/46 piedi.<\/span><\/p>\n<p><span id=\"result_box\" class=\"\" lang=\"it\" tabindex=\"-1\">Questa barriera corallina artificiale attira una grande variet\u00e0 di vita marina, tra cui: barracuda, molte specie di lutjanidae, carangidi che considerano questa zona eccezionale per la caccia. <span class=\"\">I pesci scorpione, leone, i serpenti mrini striati in bianco e nero, i pesci istrice per citarne alcuni chiamano il King Cruiser &#8220;casa&#8221;.<\/span><\/span><\/p>\n<figure id=\"attachment_318\" aria-describedby=\"caption-attachment-318\" style=\"width: 260px\" class=\"wp-caption alignright\"><a href=\"https:\/\/www.divephukettoday.com\/wp-content\/uploads\/2014\/05\/King-Cruiser-Now-e1399986945249.jpg\"><img loading=\"lazy\" decoding=\"async\" class=\"size-full wp-image-318\" src=\"https:\/\/www.divephukettoday.com\/wp-content\/uploads\/2014\/05\/King-Cruiser-Now-e1399986945249.jpg\" alt=\"King Cruiser - Now\" width=\"260\" height=\"172\" \/><\/a><figcaption id=\"caption-attachment-318\" class=\"wp-caption-text\">Il King Cruiser ora<\/figcaption><\/figure>\n<p><span id=\"result_box\" class=\"\" lang=\"it\" tabindex=\"-1\"><span class=\"\">L&#8217;intero punto di immersione \u00e8 quello che noi chiamiamo una barriera artificiale ed \u00e8 un terreno fertile per molte specie, e per questo motivo ci sono molti predatori, e qui ne vedrai sicuramente molti di loro in azione.<\/span><\/span><\/p>\n<p><span class=\"\">Questo sito non \u00e8 troppo lontano da altri interessanti punti di immersione come Anemone Reef e Phuket Shark Point, e sono molte le barche che le inseriscono nel proprio programma giornaliero includendo anche Koh Doc Mai.<\/span><\/p>\n<p><strong>Caratteristiche del punto di immersione<\/strong><\/p>\n<ul>\n<li>Profondit\u00e0 massima: 33 metri<\/li>\n<li>Livello di difficolt\u00e0: da Advanced<\/li>\n<li>Visibilit\u00e0: da 5 a 30 metri<\/li>\n<li>Corrente: da debole a forte<\/li>\n<li>Caratteristiche particolari: i<span id=\"result_box\" class=\"\" lang=\"it\" tabindex=\"-1\"><span class=\"\">l ponte per le automobile, il ponte, la poppa e la prua, il ponte del passeggero, non sono pi\u00f9 accessibili e possono essere pericolosi<\/span><\/span><\/li>\n<li>Consigli utili: u<span id=\"result_box\" class=\"\" lang=\"it\" tabindex=\"-1\"><span class=\"\">tilizzale cime collegate alle boe per discendere e ascendere dal relitto.<\/span> <span class=\"\">Fai attenzione alle lamiere presenti sulla nave: potrebbero essere taglienti<br \/>\n<\/span><\/span><\/li>\n<li>Stagione consigliata: tutto l&#8217;anno<\/li>\n<li>E&#8217; necessaria u<span id=\"result_box\" class=\"\" lang=\"it\" tabindex=\"-1\"><span class=\"\">na formazione speciale per la penetrazione nel relitto.<\/span><\/span><\/li>\n<\/ul>\n<p><strong>Other Phuket Dive Sites<\/strong><\/p>\n<ul>\n<li><strong><a title=\"Anemone Reef\" href=\"https:\/\/www.divephukettoday.com\/it\/punti-di-immersione-phuket\/anemone-reef\/\" target=\"_blank\" rel=\"noopener noreferrer\">Anemone Reef<\/a><\/strong><\/li>\n<li><strong><a title=\"Koh Doc Mai\" href=\"https:\/\/www.divephukettoday.com\/it\/punti-di-immersione-phuket\/koh-doc-mai\/\" target=\"_blank\" rel=\"noopener noreferrer\">Koh Doc Mai<\/a><\/strong><\/li>\n<li><strong><a href=\"https:\/\/www.divephukettoday.com\/it\/punti-di-immersione-phuket\/phuket-shark-point\/\">Phuket Shark Point<\/a><\/strong><\/li>\n<li><strong><a title=\"The King Cruiser\" href=\"https:\/\/www.divephukettoday.com\/it\/punti-di-immersione-phuket\/the-king-cruiser\/\" target=\"_blank\" rel=\"noopener noreferrer\">King Cruiser<\/a><\/strong><\/li>\n<li><strong><a title=\"Phi Phi Islands\" href=\"https:\/\/www.divephukettoday.com\/it\/punti-di-immersione-phuket\/phi-phi-islands\/\" target=\"_blank\" rel=\"noopener noreferrer\">Isole Phi Phi<\/a><\/strong><\/li>\n<li><strong><a title=\"Racha Yai\" href=\"https:\/\/www.divephukettoday.com\/it\/punti-di-immersione-phuket\/isola-racha-yai\/\" target=\"_blank\" rel=\"noopener noreferrer\">Racha Yai\u00a0<\/a><\/strong><\/li>\n<li><strong><a title=\"Racha Noi\" href=\"https:\/\/www.divephukettoday.com\/it\/punti-di-immersione-phuket\/isola-racha-noi\/\" target=\"_blank\" rel=\"noopener noreferrer\">Racha Noi<\/a><\/strong><\/li>\n<\/ul>\n","protected":false},"excerpt":{"rendered":"<p>Il King Cruiser era un traghetto che trasportava auto e passeggeri nei primi anni sessanta quando ha iniziato a navigare per mare. Da allora, \u00e8 stato usato come traghetto per [&hellip;]<\/p>\n","protected":false},"author":4,"featured_media":0,"parent":3034,"menu_order":0,"comment_status":"open","ping_status":"open","template":"","meta":{"_et_pb_use_builder":"","_et_pb_old_content":"","_et_gb_content_width":"","content-type":"","footnotes":""},"class_list":["post-3091","page","type-page","status-publish","hentry"],"yoast_head":"<!-- This site is optimized with the Yoast SEO plugin v25.1 - https:\/\/yoast.com\/wordpress\/plugins\/seo\/ -->\n<title>Il King Cruiser - Dive Phuket Today<\/title>\n<meta name=\"robots\" content=\"index, follow, max-snippet:-1, max-image-preview:large, max-video-preview:-1\" \/>\n<link rel=\"canonical\" href=\"https:\/\/www.divephukettoday.com\/it\/punti-di-immersione-phuket\/the-king-cruiser\/\" \/>\n<meta property=\"og:locale\" content=\"it_IT\" \/>\n<meta property=\"og:type\" content=\"article\" \/>\n<meta property=\"og:title\" content=\"Il King Cruiser - Dive Phuket Today\" \/>\n<meta property=\"og:description\" content=\"Il King Cruiser era un traghetto che trasportava auto e passeggeri nei primi anni sessanta quando ha iniziato a navigare per mare. Da allora, \u00e8 stato usato come traghetto per [&hellip;]\" \/>\n<meta property=\"og:url\" content=\"https:\/\/www.divephukettoday.com\/it\/punti-di-immersione-phuket\/the-king-cruiser\/\" \/>\n<meta property=\"og:site_name\" content=\"Dive Phuket Today\" \/>\n<meta property=\"article:modified_time\" content=\"2020-08-04T06:37:16+00:00\" \/>\n<meta property=\"og:image\" content=\"https:\/\/www.divephukettoday.com\/wp-content\/uploads\/2014\/05\/KC-e1399986643476.jpg\" \/>\n<meta name=\"twitter:label1\" content=\"Tempo di lettura stimato\" \/>\n\t<meta name=\"twitter:data1\" content=\"2 minuti\" \/>\n<script type=\"application\/ld+json\" class=\"yoast-schema-graph\">{\"@context\":\"https:\/\/schema.org\",\"@graph\":[{\"@type\":\"WebPage\",\"@id\":\"https:\/\/www.divephukettoday.com\/it\/punti-di-immersione-phuket\/the-king-cruiser\/\",\"url\":\"https:\/\/www.divephukettoday.com\/it\/punti-di-immersione-phuket\/the-king-cruiser\/\",\"name\":\"Il King Cruiser - Dive Phuket Today\",\"isPartOf\":{\"@id\":\"https:\/\/www.divephukettoday.com\/#website\"},\"primaryImageOfPage\":{\"@id\":\"https:\/\/www.divephukettoday.com\/it\/punti-di-immersione-phuket\/the-king-cruiser\/#primaryimage\"},\"image\":{\"@id\":\"https:\/\/www.divephukettoday.com\/it\/punti-di-immersione-phuket\/the-king-cruiser\/#primaryimage\"},\"thumbnailUrl\":\"https:\/\/www.divephukettoday.com\/wp-content\/uploads\/2014\/05\/KC-e1399986643476.jpg\",\"datePublished\":\"2017-09-22T20:11:20+00:00\",\"dateModified\":\"2020-08-04T06:37:16+00:00\",\"breadcrumb\":{\"@id\":\"https:\/\/www.divephukettoday.com\/it\/punti-di-immersione-phuket\/the-king-cruiser\/#breadcrumb\"},\"inLanguage\":\"it-IT\",\"potentialAction\":[{\"@type\":\"ReadAction\",\"target\":[\"https:\/\/www.divephukettoday.com\/it\/punti-di-immersione-phuket\/the-king-cruiser\/\"]}]},{\"@type\":\"ImageObject\",\"inLanguage\":\"it-IT\",\"@id\":\"https:\/\/www.divephukettoday.com\/it\/punti-di-immersione-phuket\/the-king-cruiser\/#primaryimage\",\"url\":\"https:\/\/www.divephukettoday.com\/wp-content\/uploads\/2014\/05\/KC-e1399986643476.jpg\",\"contentUrl\":\"https:\/\/www.divephukettoday.com\/wp-content\/uploads\/2014\/05\/KC-e1399986643476.jpg\"},{\"@type\":\"BreadcrumbList\",\"@id\":\"https:\/\/www.divephukettoday.com\/it\/punti-di-immersione-phuket\/the-king-cruiser\/#breadcrumb\",\"itemListElement\":[{\"@type\":\"ListItem\",\"position\":1,\"name\":\"Home\",\"item\":\"https:\/\/www.divephukettoday.com\/it\/\"},{\"@type\":\"ListItem\",\"position\":2,\"name\":\"Phuket\",\"item\":\"https:\/\/www.divephukettoday.com\/it\/punti-di-immersione-phuket\/\"},{\"@type\":\"ListItem\",\"position\":3,\"name\":\"Il King Cruiser\"}]},{\"@type\":\"WebSite\",\"@id\":\"https:\/\/www.divephukettoday.com\/#website\",\"url\":\"https:\/\/www.divephukettoday.com\/\",\"name\":\"Dive Phuket Today\",\"description\":\"Dive Phuket Today - Scuba Diving in Phuket Thailand\",\"publisher\":{\"@id\":\"https:\/\/www.divephukettoday.com\/#organization\"},\"potentialAction\":[{\"@type\":\"SearchAction\",\"target\":{\"@type\":\"EntryPoint\",\"urlTemplate\":\"https:\/\/www.divephukettoday.com\/?s={search_term_string}\"},\"query-input\":{\"@type\":\"PropertyValueSpecification\",\"valueRequired\":true,\"valueName\":\"search_term_string\"}}],\"inLanguage\":\"it-IT\"},{\"@type\":\"Organization\",\"@id\":\"https:\/\/www.divephukettoday.com\/#organization\",\"name\":\"Easy Day Thailand (ED1 Part. Ltd.)\",\"url\":\"https:\/\/www.divephukettoday.com\/\",\"logo\":{\"@type\":\"ImageObject\",\"inLanguage\":\"it-IT\",\"@id\":\"https:\/\/www.divephukettoday.com\/#\/schema\/logo\/image\/\",\"url\":\"https:\/\/www.divephukettoday.com\/wp-content\/uploads\/2017\/09\/Documento1-2.jpg\",\"contentUrl\":\"https:\/\/www.divephukettoday.com\/wp-content\/uploads\/2017\/09\/Documento1-2.jpg\",\"width\":332,\"height\":332,\"caption\":\"Easy Day Thailand (ED1 Part. Ltd.)\"},\"image\":{\"@id\":\"https:\/\/www.divephukettoday.com\/#\/schema\/logo\/image\/\"}}]}<\/script>\n<!-- \/ Yoast SEO plugin. -->","yoast_head_json":{"title":"Il King Cruiser - Dive Phuket Today","robots":{"index":"index","follow":"follow","max-snippet":"max-snippet:-1","max-image-preview":"max-image-preview:large","max-video-preview":"max-video-preview:-1"},"canonical":"https:\/\/www.divephukettoday.com\/it\/punti-di-immersione-phuket\/the-king-cruiser\/","og_locale":"it_IT","og_type":"article","og_title":"Il King Cruiser - Dive Phuket Today","og_description":"Il King Cruiser era un traghetto che trasportava auto e passeggeri nei primi anni sessanta quando ha iniziato a navigare per mare. Da allora, \u00e8 stato usato come traghetto per [&hellip;]","og_url":"https:\/\/www.divephukettoday.com\/it\/punti-di-immersione-phuket\/the-king-cruiser\/","og_site_name":"Dive Phuket Today","article_modified_time":"2020-08-04T06:37:16+00:00","og_image":[{"url":"https:\/\/www.divephukettoday.com\/wp-content\/uploads\/2014\/05\/KC-e1399986643476.jpg","type":"","width":"","height":""}],"twitter_misc":{"Tempo di lettura stimato":"2 minuti"},"schema":{"@context":"https:\/\/schema.org","@graph":[{"@type":"WebPage","@id":"https:\/\/www.divephukettoday.com\/it\/punti-di-immersione-phuket\/the-king-cruiser\/","url":"https:\/\/www.divephukettoday.com\/it\/punti-di-immersione-phuket\/the-king-cruiser\/","name":"Il King Cruiser - Dive Phuket Today","isPartOf":{"@id":"https:\/\/www.divephukettoday.com\/#website"},"primaryImageOfPage":{"@id":"https:\/\/www.divephukettoday.com\/it\/punti-di-immersione-phuket\/the-king-cruiser\/#primaryimage"},"image":{"@id":"https:\/\/www.divephukettoday.com\/it\/punti-di-immersione-phuket\/the-king-cruiser\/#primaryimage"},"thumbnailUrl":"https:\/\/www.divephukettoday.com\/wp-content\/uploads\/2014\/05\/KC-e1399986643476.jpg","datePublished":"2017-09-22T20:11:20+00:00","dateModified":"2020-08-04T06:37:16+00:00","breadcrumb":{"@id":"https:\/\/www.divephukettoday.com\/it\/punti-di-immersione-phuket\/the-king-cruiser\/#breadcrumb"},"inLanguage":"it-IT","potentialAction":[{"@type":"ReadAction","target":["https:\/\/www.divephukettoday.com\/it\/punti-di-immersione-phuket\/the-king-cruiser\/"]}]},{"@type":"ImageObject","inLanguage":"it-IT","@id":"https:\/\/www.divephukettoday.com\/it\/punti-di-immersione-phuket\/the-king-cruiser\/#primaryimage","url":"https:\/\/www.divephukettoday.com\/wp-content\/uploads\/2014\/05\/KC-e1399986643476.jpg","contentUrl":"https:\/\/www.divephukettoday.com\/wp-content\/uploads\/2014\/05\/KC-e1399986643476.jpg"},{"@type":"BreadcrumbList","@id":"https:\/\/www.divephukettoday.com\/it\/punti-di-immersione-phuket\/the-king-cruiser\/#breadcrumb","itemListElement":[{"@type":"ListItem","position":1,"name":"Home","item":"https:\/\/www.divephukettoday.com\/it\/"},{"@type":"ListItem","position":2,"name":"Phuket","item":"https:\/\/www.divephukettoday.com\/it\/punti-di-immersione-phuket\/"},{"@type":"ListItem","position":3,"name":"Il King Cruiser"}]},{"@type":"WebSite","@id":"https:\/\/www.divephukettoday.com\/#website","url":"https:\/\/www.divephukettoday.com\/","name":"Dive Phuket Today","description":"Dive Phuket Today - Scuba Diving in Phuket Thailand","publisher":{"@id":"https:\/\/www.divephukettoday.com\/#organization"},"potentialAction":[{"@type":"SearchAction","target":{"@type":"EntryPoint","urlTemplate":"https:\/\/www.divephukettoday.com\/?s={search_term_string}"},"query-input":{"@type":"PropertyValueSpecification","valueRequired":true,"valueName":"search_term_string"}}],"inLanguage":"it-IT"},{"@type":"Organization","@id":"https:\/\/www.divephukettoday.com\/#organization","name":"Easy Day Thailand (ED1 Part. Ltd.)","url":"https:\/\/www.divephukettoday.com\/","logo":{"@type":"ImageObject","inLanguage":"it-IT","@id":"https:\/\/www.divephukettoday.com\/#\/schema\/logo\/image\/","url":"https:\/\/www.divephukettoday.com\/wp-content\/uploads\/2017\/09\/Documento1-2.jpg","contentUrl":"https:\/\/www.divephukettoday.com\/wp-content\/uploads\/2017\/09\/Documento1-2.jpg","width":332,"height":332,"caption":"Easy Day Thailand (ED1 Part. Ltd.)"},"image":{"@id":"https:\/\/www.divephukettoday.com\/#\/schema\/logo\/image\/"}}]}},"jetpack_sharing_enabled":true,"jetpack_shortlink":"https:\/\/wp.me\/P5RDHs-NR","_links":{"self":[{"href":"https:\/\/www.divephukettoday.com\/it\/wp-json\/wp\/v2\/pages\/3091","targetHints":{"allow":["GET"]}}],"collection":[{"href":"https:\/\/www.divephukettoday.com\/it\/wp-json\/wp\/v2\/pages"}],"about":[{"href":"https:\/\/www.divephukettoday.com\/it\/wp-json\/wp\/v2\/types\/page"}],"author":[{"embeddable":true,"href":"https:\/\/www.divephukettoday.com\/it\/wp-json\/wp\/v2\/users\/4"}],"replies":[{"embeddable":true,"href":"https:\/\/www.divephukettoday.com\/it\/wp-json\/wp\/v2\/comments?post=3091"}],"version-history":[{"count":1,"href":"https:\/\/www.divephukettoday.com\/it\/wp-json\/wp\/v2\/pages\/3091\/revisions"}],"predecessor-version":[{"id":5104,"href":"https:\/\/www.divephukettoday.com\/it\/wp-json\/wp\/v2\/pages\/3091\/revisions\/5104"}],"up":[{"embeddable":true,"href":"https:\/\/www.divephukettoday.com\/it\/wp-json\/wp\/v2\/pages\/3034"}],"wp:attachment":[{"href":"https:\/\/www.divephukettoday.com\/it\/wp-json\/wp\/v2\/media?parent=3091"}],"curies":[{"name":"wp","href":"https:\/\/api.w.org\/{rel}","templated":true}]}}