{"id":3098,"date":"2017-09-22T21:27:05","date_gmt":"2017-09-22T21:27:05","guid":{"rendered":"https:\/\/www.divephukettoday.com\/?page_id=3098"},"modified":"2020-08-04T06:37:31","modified_gmt":"2020-08-04T06:37:31","slug":"bida-nai-isole-phi-phi","status":"publish","type":"page","link":"https:\/\/www.divephukettoday.com\/it\/punti-di-immersione-phuket\/phi-phi-islands\/bida-nai-isole-phi-phi\/","title":{"rendered":"Bida Nai &#8211; Isole Phi Phi"},"content":{"rendered":"<figure id=\"attachment_291\" aria-describedby=\"caption-attachment-291\" style=\"width: 300px\" class=\"wp-caption alignright\"><img loading=\"lazy\" decoding=\"async\" class=\"size-medium wp-image-291\" src=\"https:\/\/www.divephukettoday.com\/wp-content\/uploads\/2014\/05\/Black-Tip-Shy-Shark-300x168.jpg\" alt=\"Black Tip - Shy Shark\" width=\"300\" height=\"168\" \/><figcaption id=\"caption-attachment-291\" class=\"wp-caption-text\">Pinna nera &#8211; Squalo timido<\/figcaption><\/figure>\n<p><span id=\"result_box\" class=\"\" lang=\"it\" tabindex=\"-1\">Delle isole di Phi Phi,\u00a0Bida Nai \u00e8 la sorella minore delle due isole Bida, l&#8217;altra \u00e8 Bida Nok. <span class=\"\">Scegliere quale tre le due propone le migliori immersioni \u00e8 difficile e per essere onesti, si dovrebbe poter valutare giorno per giorno.<\/span><\/span><\/p>\n<p><span class=\"\">Tutti i punti di immersione alle Isole Phi Phi sono l\u2019ideale per effettuare il programma previsto da tutti i <a href=\"https:\/\/www.divephukettoday.com\/it\/corsi\/\">corsi PADI<\/a>: dal <a href=\"https:\/\/www.divephukettoday.com\/it\/corsi\/discover-scuba-diving\/\">Discover Scuba Diving<\/a> all\u2019<a href=\"https:\/\/www.divephukettoday.com\/it\/corsi\/corso-advanced-open-water\/\">Advance Open Water<\/a>, ecc.<br \/>\n<\/span><\/p>\n<p><span id=\"result_box\" class=\"\" lang=\"it\" tabindex=\"-1\">Un giorno \u00e8 Bida Nok, il giorno seguente \u00e8 Bida Nai, comunque sono entrambi siti fantastici vale la pena immergeersi qua.<\/span><\/p>\n<p><span class=\"\">A Bida Nai c&#8217;\u00e8 una piccola baia da dove i subacquei iniziano la loro immersione e, una volta scesi sotto acqua, devono solo decidere in quale direzione andare<\/span>.<\/p>\n<p><span class=\"\">Girando a sud, si percorrono dei fondali sabbiosi fino a giungere a una barriera chiamata Fantasia e, prima di arrivare a questa incredibile barriera corallina, avrai sicuramente gi\u00e0 incontrato alcune murene, pesci leone e un sacco di\u00a0 Moray Eels, pesci di Leone e un sacco di pesci pettine e pappagallo, forse anche qualche razza maculata, giusto per prendere le prime misure<\/span>.<\/p>\n<p><span id=\"result_box\" class=\"\" lang=\"it\" tabindex=\"-1\"><span class=\"\">La barriera Fantasia, inizia a 18 metri e scende fino a 27 metri a seconda delle maree, la visibilit\u00e0 pu\u00f2 scendere a 10 metri, forse meno, a seconda delle condizioni.<\/span> Questa barriera \u00e8 composta da parecchi<span class=\"\"> grandi massi e tra ciascuno di loro troverai grandi gorgonie e coralli adatti per la macro.<\/span><\/span><\/p>\n<figure id=\"attachment_292\" aria-describedby=\"caption-attachment-292\" style=\"width: 300px\" class=\"wp-caption alignright\"><img loading=\"lazy\" decoding=\"async\" class=\"size-medium wp-image-292\" src=\"https:\/\/www.divephukettoday.com\/wp-content\/uploads\/2014\/05\/Pickhandle-Barracuda-Schooling-300x181.jpg\" alt=\"vPickhandle Barracuda Schooling\" width=\"300\" height=\"181\" \/><figcaption id=\"caption-attachment-292\" class=\"wp-caption-text\">Banco di barracuda<\/figcaption><\/figure>\n<p><span id=\"result_box\" class=\"\" lang=\"it\" tabindex=\"-1\">Se guarderai sopra vedrai circolare una grande quantit\u00e0 di barracuda. Meglio tenerli sotto controllo perch\u00e9 si possono eccitare molto facilmente e tutti i pesci che entrano nella loro zona rischiano di sparire in un batter d&#8217;occhio.<\/span><\/p>\n<p>Tornando indietro verso la parte principale della barriera corallina, guardiamo fuori e dentro alcuni piccoli passaggi. Ci sono cos\u00ec tanti pesci che potresti rimanere disorientato dalla loro quantit\u00e0.<\/p>\n<p>Cerca i pinna nera: amano molto questa area, per\u00f2 possono essere molto rapidi. Se si sceglie di fare il lato opposto, il lato nord dell&#8217;isola, ti divertirai ancora di pi\u00f9.<\/p>\n<p><span id=\"result_box\" class=\"\" lang=\"it\" tabindex=\"-1\">Qui c&#8217;\u00e8 una parete spettacolare e nuotando attorno a questo punto avrai la possibilit\u00e0 di vedere dell&#8217;azione vera. Carangidi, lethrinidae, tonni e sgombri tutti in caccia, c&#8217;\u00e8 anche una caverna poco profonda da esplorare.<\/span><\/p>\n<p>In spugne camino molto interessanti potrai vedere un pesce scorpione che si gusta un delizioso pasto lontano dalle folle, quindi fai attenzione alle tue mani.<\/p>\n<p><span class=\"\">Le spugne camino in realt\u00e0 sono animali, filtrano centinaia di litri d&#8217;acqua al giorno.<\/span> <span class=\"\">Sono anche tra le pi\u00f9 antiche creature viventi sul pianeta, alcune di queste spugne hanni pi\u00f9 di 2000 anni<\/span>.<\/p>\n<figure id=\"attachment_293\" aria-describedby=\"caption-attachment-293\" style=\"width: 284px\" class=\"wp-caption alignright\"><img loading=\"lazy\" decoding=\"async\" class=\" wp-image-293\" src=\"https:\/\/www.divephukettoday.com\/wp-content\/uploads\/2014\/05\/Barrel-Sponge-PP-Island.jpg\" alt=\"Barrel Sponge - PP Island\" width=\"284\" height=\"206\" \/><figcaption id=\"caption-attachment-293\" class=\"wp-caption-text\">Barrel Sponge &#8211; PP Island<\/figcaption><\/figure>\n<p><span id=\"result_box\" class=\"\" lang=\"it\" tabindex=\"-1\"><span class=\"\">Ecco un rapido riassunto dei pesci che potrai ammirare a Bida Nai: squali leopardo, nutrice e anche pinna nera, <\/span>d<span class=\"\">iverse specie di barracuda e triglie, enormi estensioni di coralli morbidi e duri, pesci scorpioni, angelo, balestra.<\/span><\/span><\/p>\n<p><span id=\"result_box\" class=\"\" lang=\"it\" tabindex=\"-1\">Pesci pagliaccio convivono con tanti altri tipi di pesci tra cui pappagalli, razze e, naturalmente, poche volte all&#8217;anno e se siete veramente fortunati potreste vedere anche delle mante e lo squalo balena, avvistati qualche volta ogni <span class=\"\">anno.<\/span><\/span><\/p>\n<p><strong>Caratteristiche del punto di immersione<br \/>\n<\/strong><\/p>\n<ul>\n<li>Profondit\u00e0 massima: 30 metri<\/li>\n<li>Livello di difficolt\u00e0: da Open Water<\/li>\n<li>Visibilit\u00e0: 15 metri<\/li>\n<li>Corrente: da assente a forte<\/li>\n<li>Stagione raccomandata: tutto l&#8217;anno<\/li>\n<\/ul>\n<p><strong>Punti di immersione alle Isole Phi Phi<\/strong><\/p>\n<ul>\n<li><a title=\"Phi Phi Island \u2013 Bida Nai\" href=\"https:\/\/www.divephukettoday.com\/phuket-dive-sites\/phi-phi-islands\/phi-phi-island-bida-nai\/\" target=\"_blank\" rel=\"noopener noreferrer\"><strong>Bida Nai<\/strong><\/a><\/li>\n<li><a title=\"Bida Nok \u2013 Phi Phi Island\" href=\"https:\/\/www.divephukettoday.com\/phuket-dive-sites\/phi-phi-islands\/bida-nok-phi-phi-island\/\" target=\"_blank\" rel=\"noopener noreferrer\"><strong>Bida Nok<\/strong><\/a><\/li>\n<li><strong><a title=\"Coral Garden \u2013 Phi Phi Island\" href=\"https:\/\/www.divephukettoday.com\/phuket-dive-sites\/phi-phi-islands\/coral-garden-phi-phi-island\/\" target=\"_blank\" rel=\"noopener noreferrer\">Coral Garden\u00a0<\/a>(aka Palong)<\/strong><\/li>\n<li><a title=\"HTMS Kletkaew\" href=\"https:\/\/www.divephukettoday.com\/phuket-dive-sites\/phi-phi-islands\/htms-kletkaew\/\" target=\"_blank\" rel=\"noopener noreferrer\"><strong>The Kletkaew (Wreck Dive)<\/strong><\/a><\/li>\n<\/ul>\n<p>&nbsp;<\/p>\n","protected":false},"excerpt":{"rendered":"<p>Delle isole di Phi Phi,\u00a0Bida Nai \u00e8 la sorella minore delle due isole Bida, l&#8217;altra \u00e8 Bida Nok. Scegliere quale tre le due propone le migliori immersioni \u00e8 difficile e [&hellip;]<\/p>\n","protected":false},"author":4,"featured_media":0,"parent":3078,"menu_order":0,"comment_status":"closed","ping_status":"open","template":"","meta":{"_et_pb_use_builder":"","_et_pb_old_content":"","_et_gb_content_width":"","content-type":"","footnotes":""},"class_list":["post-3098","page","type-page","status-publish","hentry"],"yoast_head":"<!-- This site is optimized with the Yoast SEO plugin v25.1 - https:\/\/yoast.com\/wordpress\/plugins\/seo\/ -->\n<title>Bida Nai - Isole Phi Phi - Dive Phuket Today<\/title>\n<meta name=\"robots\" content=\"index, follow, max-snippet:-1, max-image-preview:large, max-video-preview:-1\" \/>\n<link rel=\"canonical\" href=\"https:\/\/www.divephukettoday.com\/it\/punti-di-immersione-phuket\/phi-phi-islands\/bida-nai-isole-phi-phi\/\" \/>\n<meta property=\"og:locale\" content=\"it_IT\" \/>\n<meta property=\"og:type\" content=\"article\" \/>\n<meta property=\"og:title\" content=\"Bida Nai - Isole Phi Phi - Dive Phuket Today\" \/>\n<meta property=\"og:description\" content=\"Delle isole di Phi Phi,\u00a0Bida Nai \u00e8 la sorella minore delle due isole Bida, l&#8217;altra \u00e8 Bida Nok. Scegliere quale tre le due propone le migliori immersioni \u00e8 difficile e [&hellip;]\" \/>\n<meta property=\"og:url\" content=\"https:\/\/www.divephukettoday.com\/it\/punti-di-immersione-phuket\/phi-phi-islands\/bida-nai-isole-phi-phi\/\" \/>\n<meta property=\"og:site_name\" content=\"Dive Phuket Today\" \/>\n<meta property=\"article:modified_time\" content=\"2020-08-04T06:37:31+00:00\" \/>\n<meta property=\"og:image\" content=\"https:\/\/www.divephukettoday.com\/wp-content\/uploads\/2014\/05\/Black-Tip-Shy-Shark-300x168.jpg\" \/>\n<meta name=\"twitter:label1\" content=\"Tempo di lettura stimato\" \/>\n\t<meta name=\"twitter:data1\" content=\"3 minuti\" \/>\n<script type=\"application\/ld+json\" class=\"yoast-schema-graph\">{\"@context\":\"https:\/\/schema.org\",\"@graph\":[{\"@type\":\"WebPage\",\"@id\":\"https:\/\/www.divephukettoday.com\/it\/punti-di-immersione-phuket\/phi-phi-islands\/bida-nai-isole-phi-phi\/\",\"url\":\"https:\/\/www.divephukettoday.com\/it\/punti-di-immersione-phuket\/phi-phi-islands\/bida-nai-isole-phi-phi\/\",\"name\":\"Bida Nai - Isole Phi Phi - Dive Phuket Today\",\"isPartOf\":{\"@id\":\"https:\/\/www.divephukettoday.com\/#website\"},\"primaryImageOfPage\":{\"@id\":\"https:\/\/www.divephukettoday.com\/it\/punti-di-immersione-phuket\/phi-phi-islands\/bida-nai-isole-phi-phi\/#primaryimage\"},\"image\":{\"@id\":\"https:\/\/www.divephukettoday.com\/it\/punti-di-immersione-phuket\/phi-phi-islands\/bida-nai-isole-phi-phi\/#primaryimage\"},\"thumbnailUrl\":\"https:\/\/www.divephukettoday.com\/wp-content\/uploads\/2014\/05\/Black-Tip-Shy-Shark-300x168.jpg\",\"datePublished\":\"2017-09-22T21:27:05+00:00\",\"dateModified\":\"2020-08-04T06:37:31+00:00\",\"breadcrumb\":{\"@id\":\"https:\/\/www.divephukettoday.com\/it\/punti-di-immersione-phuket\/phi-phi-islands\/bida-nai-isole-phi-phi\/#breadcrumb\"},\"inLanguage\":\"it-IT\",\"potentialAction\":[{\"@type\":\"ReadAction\",\"target\":[\"https:\/\/www.divephukettoday.com\/it\/punti-di-immersione-phuket\/phi-phi-islands\/bida-nai-isole-phi-phi\/\"]}]},{\"@type\":\"ImageObject\",\"inLanguage\":\"it-IT\",\"@id\":\"https:\/\/www.divephukettoday.com\/it\/punti-di-immersione-phuket\/phi-phi-islands\/bida-nai-isole-phi-phi\/#primaryimage\",\"url\":\"https:\/\/www.divephukettoday.com\/wp-content\/uploads\/2014\/05\/Black-Tip-Shy-Shark-300x168.jpg\",\"contentUrl\":\"https:\/\/www.divephukettoday.com\/wp-content\/uploads\/2014\/05\/Black-Tip-Shy-Shark-300x168.jpg\"},{\"@type\":\"BreadcrumbList\",\"@id\":\"https:\/\/www.divephukettoday.com\/it\/punti-di-immersione-phuket\/phi-phi-islands\/bida-nai-isole-phi-phi\/#breadcrumb\",\"itemListElement\":[{\"@type\":\"ListItem\",\"position\":1,\"name\":\"Home\",\"item\":\"https:\/\/www.divephukettoday.com\/it\/\"},{\"@type\":\"ListItem\",\"position\":2,\"name\":\"Phuket\",\"item\":\"https:\/\/www.divephukettoday.com\/it\/punti-di-immersione-phuket\/\"},{\"@type\":\"ListItem\",\"position\":3,\"name\":\"Isole Phi Phi\",\"item\":\"https:\/\/www.divephukettoday.com\/it\/punti-di-immersione-phuket\/phi-phi-islands\/\"},{\"@type\":\"ListItem\",\"position\":4,\"name\":\"Bida Nai &#8211; Isole Phi Phi\"}]},{\"@type\":\"WebSite\",\"@id\":\"https:\/\/www.divephukettoday.com\/#website\",\"url\":\"https:\/\/www.divephukettoday.com\/\",\"name\":\"Dive Phuket Today\",\"description\":\"Dive Phuket Today - Scuba Diving in Phuket Thailand\",\"publisher\":{\"@id\":\"https:\/\/www.divephukettoday.com\/#organization\"},\"potentialAction\":[{\"@type\":\"SearchAction\",\"target\":{\"@type\":\"EntryPoint\",\"urlTemplate\":\"https:\/\/www.divephukettoday.com\/?s={search_term_string}\"},\"query-input\":{\"@type\":\"PropertyValueSpecification\",\"valueRequired\":true,\"valueName\":\"search_term_string\"}}],\"inLanguage\":\"it-IT\"},{\"@type\":\"Organization\",\"@id\":\"https:\/\/www.divephukettoday.com\/#organization\",\"name\":\"Easy Day Thailand (ED1 Part. Ltd.)\",\"url\":\"https:\/\/www.divephukettoday.com\/\",\"logo\":{\"@type\":\"ImageObject\",\"inLanguage\":\"it-IT\",\"@id\":\"https:\/\/www.divephukettoday.com\/#\/schema\/logo\/image\/\",\"url\":\"https:\/\/www.divephukettoday.com\/wp-content\/uploads\/2017\/09\/Documento1-2.jpg\",\"contentUrl\":\"https:\/\/www.divephukettoday.com\/wp-content\/uploads\/2017\/09\/Documento1-2.jpg\",\"width\":332,\"height\":332,\"caption\":\"Easy Day Thailand (ED1 Part. Ltd.)\"},\"image\":{\"@id\":\"https:\/\/www.divephukettoday.com\/#\/schema\/logo\/image\/\"}}]}<\/script>\n<!-- \/ Yoast SEO plugin. -->","yoast_head_json":{"title":"Bida Nai - Isole Phi Phi - Dive Phuket Today","robots":{"index":"index","follow":"follow","max-snippet":"max-snippet:-1","max-image-preview":"max-image-preview:large","max-video-preview":"max-video-preview:-1"},"canonical":"https:\/\/www.divephukettoday.com\/it\/punti-di-immersione-phuket\/phi-phi-islands\/bida-nai-isole-phi-phi\/","og_locale":"it_IT","og_type":"article","og_title":"Bida Nai - Isole Phi Phi - Dive Phuket Today","og_description":"Delle isole di Phi Phi,\u00a0Bida Nai \u00e8 la sorella minore delle due isole Bida, l&#8217;altra \u00e8 Bida Nok. Scegliere quale tre le due propone le migliori immersioni \u00e8 difficile e [&hellip;]","og_url":"https:\/\/www.divephukettoday.com\/it\/punti-di-immersione-phuket\/phi-phi-islands\/bida-nai-isole-phi-phi\/","og_site_name":"Dive Phuket Today","article_modified_time":"2020-08-04T06:37:31+00:00","og_image":[{"url":"https:\/\/www.divephukettoday.com\/wp-content\/uploads\/2014\/05\/Black-Tip-Shy-Shark-300x168.jpg","type":"","width":"","height":""}],"twitter_misc":{"Tempo di lettura stimato":"3 minuti"},"schema":{"@context":"https:\/\/schema.org","@graph":[{"@type":"WebPage","@id":"https:\/\/www.divephukettoday.com\/it\/punti-di-immersione-phuket\/phi-phi-islands\/bida-nai-isole-phi-phi\/","url":"https:\/\/www.divephukettoday.com\/it\/punti-di-immersione-phuket\/phi-phi-islands\/bida-nai-isole-phi-phi\/","name":"Bida Nai - Isole Phi Phi - Dive Phuket Today","isPartOf":{"@id":"https:\/\/www.divephukettoday.com\/#website"},"primaryImageOfPage":{"@id":"https:\/\/www.divephukettoday.com\/it\/punti-di-immersione-phuket\/phi-phi-islands\/bida-nai-isole-phi-phi\/#primaryimage"},"image":{"@id":"https:\/\/www.divephukettoday.com\/it\/punti-di-immersione-phuket\/phi-phi-islands\/bida-nai-isole-phi-phi\/#primaryimage"},"thumbnailUrl":"https:\/\/www.divephukettoday.com\/wp-content\/uploads\/2014\/05\/Black-Tip-Shy-Shark-300x168.jpg","datePublished":"2017-09-22T21:27:05+00:00","dateModified":"2020-08-04T06:37:31+00:00","breadcrumb":{"@id":"https:\/\/www.divephukettoday.com\/it\/punti-di-immersione-phuket\/phi-phi-islands\/bida-nai-isole-phi-phi\/#breadcrumb"},"inLanguage":"it-IT","potentialAction":[{"@type":"ReadAction","target":["https:\/\/www.divephukettoday.com\/it\/punti-di-immersione-phuket\/phi-phi-islands\/bida-nai-isole-phi-phi\/"]}]},{"@type":"ImageObject","inLanguage":"it-IT","@id":"https:\/\/www.divephukettoday.com\/it\/punti-di-immersione-phuket\/phi-phi-islands\/bida-nai-isole-phi-phi\/#primaryimage","url":"https:\/\/www.divephukettoday.com\/wp-content\/uploads\/2014\/05\/Black-Tip-Shy-Shark-300x168.jpg","contentUrl":"https:\/\/www.divephukettoday.com\/wp-content\/uploads\/2014\/05\/Black-Tip-Shy-Shark-300x168.jpg"},{"@type":"BreadcrumbList","@id":"https:\/\/www.divephukettoday.com\/it\/punti-di-immersione-phuket\/phi-phi-islands\/bida-nai-isole-phi-phi\/#breadcrumb","itemListElement":[{"@type":"ListItem","position":1,"name":"Home","item":"https:\/\/www.divephukettoday.com\/it\/"},{"@type":"ListItem","position":2,"name":"Phuket","item":"https:\/\/www.divephukettoday.com\/it\/punti-di-immersione-phuket\/"},{"@type":"ListItem","position":3,"name":"Isole Phi Phi","item":"https:\/\/www.divephukettoday.com\/it\/punti-di-immersione-phuket\/phi-phi-islands\/"},{"@type":"ListItem","position":4,"name":"Bida Nai &#8211; Isole Phi Phi"}]},{"@type":"WebSite","@id":"https:\/\/www.divephukettoday.com\/#website","url":"https:\/\/www.divephukettoday.com\/","name":"Dive Phuket Today","description":"Dive Phuket Today - Scuba Diving in Phuket Thailand","publisher":{"@id":"https:\/\/www.divephukettoday.com\/#organization"},"potentialAction":[{"@type":"SearchAction","target":{"@type":"EntryPoint","urlTemplate":"https:\/\/www.divephukettoday.com\/?s={search_term_string}"},"query-input":{"@type":"PropertyValueSpecification","valueRequired":true,"valueName":"search_term_string"}}],"inLanguage":"it-IT"},{"@type":"Organization","@id":"https:\/\/www.divephukettoday.com\/#organization","name":"Easy Day Thailand (ED1 Part. Ltd.)","url":"https:\/\/www.divephukettoday.com\/","logo":{"@type":"ImageObject","inLanguage":"it-IT","@id":"https:\/\/www.divephukettoday.com\/#\/schema\/logo\/image\/","url":"https:\/\/www.divephukettoday.com\/wp-content\/uploads\/2017\/09\/Documento1-2.jpg","contentUrl":"https:\/\/www.divephukettoday.com\/wp-content\/uploads\/2017\/09\/Documento1-2.jpg","width":332,"height":332,"caption":"Easy Day Thailand (ED1 Part. Ltd.)"},"image":{"@id":"https:\/\/www.divephukettoday.com\/#\/schema\/logo\/image\/"}}]}},"jetpack_sharing_enabled":true,"jetpack_shortlink":"https:\/\/wp.me\/P5RDHs-NY","_links":{"self":[{"href":"https:\/\/www.divephukettoday.com\/it\/wp-json\/wp\/v2\/pages\/3098","targetHints":{"allow":["GET"]}}],"collection":[{"href":"https:\/\/www.divephukettoday.com\/it\/wp-json\/wp\/v2\/pages"}],"about":[{"href":"https:\/\/www.divephukettoday.com\/it\/wp-json\/wp\/v2\/types\/page"}],"author":[{"embeddable":true,"href":"https:\/\/www.divephukettoday.com\/it\/wp-json\/wp\/v2\/users\/4"}],"replies":[{"embeddable":true,"href":"https:\/\/www.divephukettoday.com\/it\/wp-json\/wp\/v2\/comments?post=3098"}],"version-history":[{"count":1,"href":"https:\/\/www.divephukettoday.com\/it\/wp-json\/wp\/v2\/pages\/3098\/revisions"}],"predecessor-version":[{"id":5117,"href":"https:\/\/www.divephukettoday.com\/it\/wp-json\/wp\/v2\/pages\/3098\/revisions\/5117"}],"up":[{"embeddable":true,"href":"https:\/\/www.divephukettoday.com\/it\/wp-json\/wp\/v2\/pages\/3078"}],"wp:attachment":[{"href":"https:\/\/www.divephukettoday.com\/it\/wp-json\/wp\/v2\/media?parent=3098"}],"curies":[{"name":"wp","href":"https:\/\/api.w.org\/{rel}","templated":true}]}}