{"id":3144,"date":"2017-09-23T12:19:05","date_gmt":"2017-09-23T12:19:05","guid":{"rendered":"https:\/\/www.divephukettoday.com\/?page_id=3144"},"modified":"2020-08-04T06:37:31","modified_gmt":"2020-08-04T06:37:31","slug":"coral-garden-isole-phi-phi","status":"publish","type":"page","link":"https:\/\/www.divephukettoday.com\/it\/punti-di-immersione-phuket\/phi-phi-islands\/coral-garden-isole-phi-phi\/","title":{"rendered":"Coral Garden &#8211; Isole Phi Phi"},"content":{"rendered":"<figure id=\"attachment_266\" aria-describedby=\"caption-attachment-266\" style=\"width: 259px\" class=\"wp-caption alignright\"><img loading=\"lazy\" decoding=\"async\" class=\"wp-image-266 size-full\" title=\"Coral Garden - Diving Phi Phi Island\" src=\"https:\/\/www.divephukettoday.com\/wp-content\/uploads\/2014\/05\/Coral-Garden-e1399969517783.jpg\" alt=\"Coral Garden - Diving Phi Phi Island\" width=\"259\" height=\"194\" \/><figcaption id=\"caption-attachment-266\" class=\"wp-caption-text\">Coral Garden &#8211; Phi Phi<\/figcaption><\/figure>\n<p>C<span id=\"result_box\" class=\"\" lang=\"it\" tabindex=\"-1\"><span class=\"\">oral Garden si trova sul lato nord-ovest di Phi Phi Leh, dove potrai ammirare anche la baia di Maya, e proprio appena fuori dalla baia sul lato destro arriverai in un altra piccola insenatura: qui inizia il giardino dei coralli<\/span>.<\/span><\/p>\n<p><span class=\"\">Tutti i punti di immersione alle Isole Phi Phi sono l\u2019ideale per effettuare il programma previsto da tutti i <a href=\"https:\/\/www.divephukettoday.com\/it\/corsi\/\">corsi PADI<\/a>: dal <a href=\"https:\/\/www.divephukettoday.com\/it\/corsi\/discover-scuba-diving\/\">Discover Scuba Diving<\/a> all\u2019<a href=\"https:\/\/www.divephukettoday.com\/it\/corsi\/corso-advanced-open-water\/\">Advance Open Water<\/a>, ecc.<\/span><\/p>\n<p><span id=\"result_box\" class=\"\" lang=\"it\" tabindex=\"-1\"><span title=\"The soft corals along the wall are absolutely in mint condition and the corals are to die for, reds blues, orange, purples, it is simply breath-taking. \">I coralli lungo la parete sono rossi blu, arancio, viola, ti lascieranno senza parole.<\/span><\/span><\/p>\n<p><span title=\"This is for everyone to enjoy, the vast array of colours and beauty of this glorious dive site, with the depth not exceeding more than 18 metres everyone from a fledgling diver to the most experienced will have fun here.\">Questo sito \u00e8 per tutti con la sua vasta gamma di colori e la sua bellezza, con una profondit\u00e0 che non supera i 18 metri \u00e8 adatto ai subacquei principianti, ma anche ai pi\u00f9 esperti. <\/span><span title=\"The start of the dive is around 8 metres and as you drop down onto the sand area you then can get an idea what this site is all about. \">L&#8217;immersione comincia a una profondit\u00e0 di circa 8 metri e quando si arriva sulla parte sabbiosa si comincia a capire perch\u00e9 questo sito pu\u00f2 essere considerato uno dei pi\u00f9 belli.<\/span><\/p>\n<p><span title=\"Phi Phi Island has many dive shops and many of the staff who work there like the Instructors and Divemasters all love to dive this one.\">Le Isole Phi Phi hanno molti centri che organizzano immersioni e sono moltissimi gli Istruttori e i Divemaster che amano questo luogo. Generalmente \u00e8 preferibile immergersi in questo sito nelle ore pomeridiane, quando il traffico delle imbarcazioni che portano i turisti a Maya Bay si calma. Per questo motivo molte barche per le immersioni la mattina ti porteranno su una delle Isole Bida per poi dirigersi allo stupendo<\/span><span title=\"second, like to come and enjoy Coral Garden. \"> Coral Garden.<\/span><\/p>\n<p><span title=\"Along the wall there are several overhangs and a couple of swim throughs, and to make this dive even more exciting it is possible to find Harlequin Ghost pipefish and Tiger Tail Seahorses.\">Lungo la parete ci sono diverse sporgenze e un paio di passaggi, e questa immersione sar\u00e0 ancora pi\u00f9 eccitante per la presenza di pesci pipa arlecchino e di cavallucci marini.<\/span><\/p>\n<figure id=\"attachment_267\" aria-describedby=\"caption-attachment-267\" style=\"width: 300px\" class=\"wp-caption alignright\"><img loading=\"lazy\" decoding=\"async\" class=\"wp-image-267 size-medium\" title=\"Giant Moray at Coral Garden while Diving Phi Phi Island\" src=\"https:\/\/www.divephukettoday.com\/wp-content\/uploads\/2014\/05\/Giant-Moray-Coral-Garden-300x217.jpg\" alt=\"Giant Moray at Coral Garden while Diving Phi Phi Island\" width=\"300\" height=\"217\" \/><figcaption id=\"caption-attachment-267\" class=\"wp-caption-text\">Murena Gigante &#8211; Coral Garden<\/figcaption><\/figure>\n<p><span id=\"result_box\" class=\"\" lang=\"it\" tabindex=\"-1\"><span class=\"\">Pi\u00f9 avanti a circa 12 metri, l&#8217;intera barriera ti si presenter\u00e0 davanti e potrai godere di una visibilit\u00e0 che di solito risulta essere migliore rispetto alla maggior parte degli altri siti della zona.<\/span><\/span><\/p>\n<p><span class=\"\">Troverai la parete sulla tua sinistra, se cos\u00ec non fosse significa che stai andando nella direzione sbagliata, vedrai alcuni grandi massi dove ti possiamo garantire che troverai delle murene e delle cernie enormi. Tieni gli occhi aperti: potresti vedere delle razze nascoste sotto la sabbia.<\/span><\/p>\n<p><span class=\"\">In una nostra recente immersione siamo rimasti a bocca aperta quando abbiamo assistito a una vera e propria lotta tra una murena gigante e un serpente marino, non sappiamo chi stesse vincendo, ma il serpente ci \u00e8 sembrato molto felice di liberarsi e di scapparsene via.<\/span> Il nostro fotografo ha ripreso tutta la scena<span class=\"\">.<\/span><\/p>\n<p>&nbsp;<\/p>\n<p><span id=\"result_box\" class=\"\" lang=\"it\" tabindex=\"-1\"><span class=\"\">Proseguendo verso la barriera corallina ti si presenteranno dei bellissimi coralli morbidi adagiati con grazia sulle rocce.<\/span> Nuoterai attorno a delle rocce <span class=\"\">coperte di pesci vetro e questi poveri innocenti dovranno preoccuparsi ogni volta che colpevoli saranno smascherati ogni volta che carangidi e sgombri si troveranno a passare per questa zona.<\/span><\/span><\/p>\n<p><span class=\"\">Passerai in mezzo a un grande banchi di pesci ossei, che una volta era fino a due, forse tre volte pi\u00f9 grande, fino a quando un gruppo di delfini \u00e8 venuto a farsi una bella scorpacciata di pesci.<\/span><\/p>\n<p><span class=\"\">Se amate i pesci qui troverete in grande abbondanza pesci angelo, anche ad anelli blu, e pesci imperatori. I pesci pi\u00f9 giovani di queste specie sono i pi\u00f9 spettacolari dei piccoli, con le loro bellissime <\/span>colorazioni.<\/p>\n<figure id=\"attachment_269\" aria-describedby=\"caption-attachment-269\" style=\"width: 259px\" class=\"wp-caption alignright\"><img loading=\"lazy\" decoding=\"async\" class=\"size-full wp-image-269\" src=\"https:\/\/www.divephukettoday.com\/wp-content\/uploads\/2014\/05\/Common-Lionfish-Coral-Garden.jpg\" alt=\"Common Lionfish - Coral Garden\" width=\"259\" height=\"194\" \/><figcaption id=\"caption-attachment-269\" class=\"wp-caption-text\">Pesce leone comune &#8211; Coral Garden<\/figcaption><\/figure>\n<p><span id=\"result_box\" class=\"\" lang=\"it\" tabindex=\"-1\">Ci sono cos\u00ec tanti pesci in questo sito che avrai bisogno di molti giorni per vederli tutti, eccoti una rapida lista: barracuda, carangidi, pesci angelo, triglie, pesci scorpione, tartarughe, murene, tonni e sgombri. La lista va avanti, ma non possiamo dimenticarci dei cavallucci marini e dei pesci pipa: porta una macchina fotografica perch\u00e9 qui ne vale veramente la pena.<\/span><\/p>\n<p><strong>Caratteristiche del punto di immersione<br \/>\n<\/strong><\/p>\n<ul>\n<li>Profondit\u00e0 massima: 18 metri<\/li>\n<li>Livello di difficolt\u00e0: da Open Water<\/li>\n<li>Visibilit\u00e0: 15 metri<\/li>\n<li>Corrente: da assente a forte<\/li>\n<li>Stagione raccomandata: tutto l&#8217;anno<\/li>\n<\/ul>\n<p><strong>Punti di immersione alle Isole Phi Phi<\/strong><\/p>\n<ul>\n<li><a title=\"Phi Phi Island \u2013 Bida Nai\" href=\"https:\/\/www.divephukettoday.com\/phuket-dive-sites\/phi-phi-islands\/phi-phi-island-bida-nai\/\" target=\"_blank\" rel=\"noopener noreferrer\"><strong>Bida Nai<\/strong><\/a><\/li>\n<li><a title=\"Bida Nok \u2013 Phi Phi Island\" href=\"https:\/\/www.divephukettoday.com\/phuket-dive-sites\/phi-phi-islands\/bida-nok-phi-phi-island\/\" target=\"_blank\" rel=\"noopener noreferrer\"><strong>Bida Nok<\/strong><\/a><\/li>\n<li><strong><a title=\"Coral Garden \u2013 Phi Phi Island\" href=\"https:\/\/www.divephukettoday.com\/phuket-dive-sites\/phi-phi-islands\/coral-garden-phi-phi-island\/\" target=\"_blank\" rel=\"noopener noreferrer\">Coral Garden\u00a0<\/a>(aka Palong)<\/strong><\/li>\n<li><a title=\"HTMS Kletkaew\" href=\"https:\/\/www.divephukettoday.com\/phuket-dive-sites\/phi-phi-islands\/htms-kletkaew\/\" target=\"_blank\" rel=\"noopener noreferrer\"><strong>The Kletkaew (Wreck Dive)<\/strong><\/a><\/li>\n<\/ul>\n","protected":false},"excerpt":{"rendered":"<p>Coral Garden si trova sul lato nord-ovest di Phi Phi Leh, dove potrai ammirare anche la baia di Maya, e proprio appena fuori dalla baia sul lato destro arriverai in [&hellip;]<\/p>\n","protected":false},"author":4,"featured_media":0,"parent":3078,"menu_order":0,"comment_status":"closed","ping_status":"open","template":"","meta":{"_et_pb_use_builder":"","_et_pb_old_content":"","_et_gb_content_width":"","content-type":"","footnotes":""},"class_list":["post-3144","page","type-page","status-publish","hentry"],"yoast_head":"<!-- This site is optimized with the Yoast SEO plugin v25.1 - https:\/\/yoast.com\/wordpress\/plugins\/seo\/ -->\n<title>Coral Garden - Isole Phi Phi - Dive Phuket Today<\/title>\n<meta name=\"robots\" content=\"index, follow, max-snippet:-1, max-image-preview:large, max-video-preview:-1\" \/>\n<link rel=\"canonical\" href=\"https:\/\/www.divephukettoday.com\/it\/punti-di-immersione-phuket\/phi-phi-islands\/coral-garden-isole-phi-phi\/\" \/>\n<meta property=\"og:locale\" content=\"it_IT\" \/>\n<meta property=\"og:type\" content=\"article\" \/>\n<meta property=\"og:title\" content=\"Coral Garden - Isole Phi Phi - Dive Phuket Today\" \/>\n<meta property=\"og:description\" content=\"Coral Garden si trova sul lato nord-ovest di Phi Phi Leh, dove potrai ammirare anche la baia di Maya, e proprio appena fuori dalla baia sul lato destro arriverai in [&hellip;]\" \/>\n<meta property=\"og:url\" content=\"https:\/\/www.divephukettoday.com\/it\/punti-di-immersione-phuket\/phi-phi-islands\/coral-garden-isole-phi-phi\/\" \/>\n<meta property=\"og:site_name\" content=\"Dive Phuket Today\" \/>\n<meta property=\"article:modified_time\" content=\"2020-08-04T06:37:31+00:00\" \/>\n<meta property=\"og:image\" content=\"https:\/\/www.divephukettoday.com\/wp-content\/uploads\/2014\/05\/Coral-Garden-e1399969517783.jpg\" \/>\n<meta name=\"twitter:label1\" content=\"Tempo di lettura stimato\" \/>\n\t<meta name=\"twitter:data1\" content=\"3 minuti\" \/>\n<script type=\"application\/ld+json\" class=\"yoast-schema-graph\">{\"@context\":\"https:\/\/schema.org\",\"@graph\":[{\"@type\":\"WebPage\",\"@id\":\"https:\/\/www.divephukettoday.com\/it\/punti-di-immersione-phuket\/phi-phi-islands\/coral-garden-isole-phi-phi\/\",\"url\":\"https:\/\/www.divephukettoday.com\/it\/punti-di-immersione-phuket\/phi-phi-islands\/coral-garden-isole-phi-phi\/\",\"name\":\"Coral Garden - Isole Phi Phi - Dive Phuket Today\",\"isPartOf\":{\"@id\":\"https:\/\/www.divephukettoday.com\/#website\"},\"primaryImageOfPage\":{\"@id\":\"https:\/\/www.divephukettoday.com\/it\/punti-di-immersione-phuket\/phi-phi-islands\/coral-garden-isole-phi-phi\/#primaryimage\"},\"image\":{\"@id\":\"https:\/\/www.divephukettoday.com\/it\/punti-di-immersione-phuket\/phi-phi-islands\/coral-garden-isole-phi-phi\/#primaryimage\"},\"thumbnailUrl\":\"https:\/\/www.divephukettoday.com\/wp-content\/uploads\/2014\/05\/Coral-Garden-e1399969517783.jpg\",\"datePublished\":\"2017-09-23T12:19:05+00:00\",\"dateModified\":\"2020-08-04T06:37:31+00:00\",\"breadcrumb\":{\"@id\":\"https:\/\/www.divephukettoday.com\/it\/punti-di-immersione-phuket\/phi-phi-islands\/coral-garden-isole-phi-phi\/#breadcrumb\"},\"inLanguage\":\"it-IT\",\"potentialAction\":[{\"@type\":\"ReadAction\",\"target\":[\"https:\/\/www.divephukettoday.com\/it\/punti-di-immersione-phuket\/phi-phi-islands\/coral-garden-isole-phi-phi\/\"]}]},{\"@type\":\"ImageObject\",\"inLanguage\":\"it-IT\",\"@id\":\"https:\/\/www.divephukettoday.com\/it\/punti-di-immersione-phuket\/phi-phi-islands\/coral-garden-isole-phi-phi\/#primaryimage\",\"url\":\"https:\/\/www.divephukettoday.com\/wp-content\/uploads\/2014\/05\/Coral-Garden-e1399969517783.jpg\",\"contentUrl\":\"https:\/\/www.divephukettoday.com\/wp-content\/uploads\/2014\/05\/Coral-Garden-e1399969517783.jpg\"},{\"@type\":\"BreadcrumbList\",\"@id\":\"https:\/\/www.divephukettoday.com\/it\/punti-di-immersione-phuket\/phi-phi-islands\/coral-garden-isole-phi-phi\/#breadcrumb\",\"itemListElement\":[{\"@type\":\"ListItem\",\"position\":1,\"name\":\"Home\",\"item\":\"https:\/\/www.divephukettoday.com\/it\/\"},{\"@type\":\"ListItem\",\"position\":2,\"name\":\"Phuket\",\"item\":\"https:\/\/www.divephukettoday.com\/it\/punti-di-immersione-phuket\/\"},{\"@type\":\"ListItem\",\"position\":3,\"name\":\"Isole Phi Phi\",\"item\":\"https:\/\/www.divephukettoday.com\/it\/punti-di-immersione-phuket\/phi-phi-islands\/\"},{\"@type\":\"ListItem\",\"position\":4,\"name\":\"Coral Garden &#8211; Isole Phi Phi\"}]},{\"@type\":\"WebSite\",\"@id\":\"https:\/\/www.divephukettoday.com\/#website\",\"url\":\"https:\/\/www.divephukettoday.com\/\",\"name\":\"Dive Phuket Today\",\"description\":\"Dive Phuket Today - Scuba Diving in Phuket Thailand\",\"publisher\":{\"@id\":\"https:\/\/www.divephukettoday.com\/#organization\"},\"potentialAction\":[{\"@type\":\"SearchAction\",\"target\":{\"@type\":\"EntryPoint\",\"urlTemplate\":\"https:\/\/www.divephukettoday.com\/?s={search_term_string}\"},\"query-input\":{\"@type\":\"PropertyValueSpecification\",\"valueRequired\":true,\"valueName\":\"search_term_string\"}}],\"inLanguage\":\"it-IT\"},{\"@type\":\"Organization\",\"@id\":\"https:\/\/www.divephukettoday.com\/#organization\",\"name\":\"Easy Day Thailand (ED1 Part. Ltd.)\",\"url\":\"https:\/\/www.divephukettoday.com\/\",\"logo\":{\"@type\":\"ImageObject\",\"inLanguage\":\"it-IT\",\"@id\":\"https:\/\/www.divephukettoday.com\/#\/schema\/logo\/image\/\",\"url\":\"https:\/\/www.divephukettoday.com\/wp-content\/uploads\/2017\/09\/Documento1-2.jpg\",\"contentUrl\":\"https:\/\/www.divephukettoday.com\/wp-content\/uploads\/2017\/09\/Documento1-2.jpg\",\"width\":332,\"height\":332,\"caption\":\"Easy Day Thailand (ED1 Part. Ltd.)\"},\"image\":{\"@id\":\"https:\/\/www.divephukettoday.com\/#\/schema\/logo\/image\/\"}}]}<\/script>\n<!-- \/ Yoast SEO plugin. -->","yoast_head_json":{"title":"Coral Garden - Isole Phi Phi - Dive Phuket Today","robots":{"index":"index","follow":"follow","max-snippet":"max-snippet:-1","max-image-preview":"max-image-preview:large","max-video-preview":"max-video-preview:-1"},"canonical":"https:\/\/www.divephukettoday.com\/it\/punti-di-immersione-phuket\/phi-phi-islands\/coral-garden-isole-phi-phi\/","og_locale":"it_IT","og_type":"article","og_title":"Coral Garden - Isole Phi Phi - Dive Phuket Today","og_description":"Coral Garden si trova sul lato nord-ovest di Phi Phi Leh, dove potrai ammirare anche la baia di Maya, e proprio appena fuori dalla baia sul lato destro arriverai in [&hellip;]","og_url":"https:\/\/www.divephukettoday.com\/it\/punti-di-immersione-phuket\/phi-phi-islands\/coral-garden-isole-phi-phi\/","og_site_name":"Dive Phuket Today","article_modified_time":"2020-08-04T06:37:31+00:00","og_image":[{"url":"https:\/\/www.divephukettoday.com\/wp-content\/uploads\/2014\/05\/Coral-Garden-e1399969517783.jpg","type":"","width":"","height":""}],"twitter_misc":{"Tempo di lettura stimato":"3 minuti"},"schema":{"@context":"https:\/\/schema.org","@graph":[{"@type":"WebPage","@id":"https:\/\/www.divephukettoday.com\/it\/punti-di-immersione-phuket\/phi-phi-islands\/coral-garden-isole-phi-phi\/","url":"https:\/\/www.divephukettoday.com\/it\/punti-di-immersione-phuket\/phi-phi-islands\/coral-garden-isole-phi-phi\/","name":"Coral Garden - Isole Phi Phi - Dive Phuket Today","isPartOf":{"@id":"https:\/\/www.divephukettoday.com\/#website"},"primaryImageOfPage":{"@id":"https:\/\/www.divephukettoday.com\/it\/punti-di-immersione-phuket\/phi-phi-islands\/coral-garden-isole-phi-phi\/#primaryimage"},"image":{"@id":"https:\/\/www.divephukettoday.com\/it\/punti-di-immersione-phuket\/phi-phi-islands\/coral-garden-isole-phi-phi\/#primaryimage"},"thumbnailUrl":"https:\/\/www.divephukettoday.com\/wp-content\/uploads\/2014\/05\/Coral-Garden-e1399969517783.jpg","datePublished":"2017-09-23T12:19:05+00:00","dateModified":"2020-08-04T06:37:31+00:00","breadcrumb":{"@id":"https:\/\/www.divephukettoday.com\/it\/punti-di-immersione-phuket\/phi-phi-islands\/coral-garden-isole-phi-phi\/#breadcrumb"},"inLanguage":"it-IT","potentialAction":[{"@type":"ReadAction","target":["https:\/\/www.divephukettoday.com\/it\/punti-di-immersione-phuket\/phi-phi-islands\/coral-garden-isole-phi-phi\/"]}]},{"@type":"ImageObject","inLanguage":"it-IT","@id":"https:\/\/www.divephukettoday.com\/it\/punti-di-immersione-phuket\/phi-phi-islands\/coral-garden-isole-phi-phi\/#primaryimage","url":"https:\/\/www.divephukettoday.com\/wp-content\/uploads\/2014\/05\/Coral-Garden-e1399969517783.jpg","contentUrl":"https:\/\/www.divephukettoday.com\/wp-content\/uploads\/2014\/05\/Coral-Garden-e1399969517783.jpg"},{"@type":"BreadcrumbList","@id":"https:\/\/www.divephukettoday.com\/it\/punti-di-immersione-phuket\/phi-phi-islands\/coral-garden-isole-phi-phi\/#breadcrumb","itemListElement":[{"@type":"ListItem","position":1,"name":"Home","item":"https:\/\/www.divephukettoday.com\/it\/"},{"@type":"ListItem","position":2,"name":"Phuket","item":"https:\/\/www.divephukettoday.com\/it\/punti-di-immersione-phuket\/"},{"@type":"ListItem","position":3,"name":"Isole Phi Phi","item":"https:\/\/www.divephukettoday.com\/it\/punti-di-immersione-phuket\/phi-phi-islands\/"},{"@type":"ListItem","position":4,"name":"Coral Garden &#8211; Isole Phi Phi"}]},{"@type":"WebSite","@id":"https:\/\/www.divephukettoday.com\/#website","url":"https:\/\/www.divephukettoday.com\/","name":"Dive Phuket Today","description":"Dive Phuket Today - Scuba Diving in Phuket Thailand","publisher":{"@id":"https:\/\/www.divephukettoday.com\/#organization"},"potentialAction":[{"@type":"SearchAction","target":{"@type":"EntryPoint","urlTemplate":"https:\/\/www.divephukettoday.com\/?s={search_term_string}"},"query-input":{"@type":"PropertyValueSpecification","valueRequired":true,"valueName":"search_term_string"}}],"inLanguage":"it-IT"},{"@type":"Organization","@id":"https:\/\/www.divephukettoday.com\/#organization","name":"Easy Day Thailand (ED1 Part. Ltd.)","url":"https:\/\/www.divephukettoday.com\/","logo":{"@type":"ImageObject","inLanguage":"it-IT","@id":"https:\/\/www.divephukettoday.com\/#\/schema\/logo\/image\/","url":"https:\/\/www.divephukettoday.com\/wp-content\/uploads\/2017\/09\/Documento1-2.jpg","contentUrl":"https:\/\/www.divephukettoday.com\/wp-content\/uploads\/2017\/09\/Documento1-2.jpg","width":332,"height":332,"caption":"Easy Day Thailand (ED1 Part. Ltd.)"},"image":{"@id":"https:\/\/www.divephukettoday.com\/#\/schema\/logo\/image\/"}}]}},"jetpack_sharing_enabled":true,"jetpack_shortlink":"https:\/\/wp.me\/P5RDHs-OI","_links":{"self":[{"href":"https:\/\/www.divephukettoday.com\/it\/wp-json\/wp\/v2\/pages\/3144","targetHints":{"allow":["GET"]}}],"collection":[{"href":"https:\/\/www.divephukettoday.com\/it\/wp-json\/wp\/v2\/pages"}],"about":[{"href":"https:\/\/www.divephukettoday.com\/it\/wp-json\/wp\/v2\/types\/page"}],"author":[{"embeddable":true,"href":"https:\/\/www.divephukettoday.com\/it\/wp-json\/wp\/v2\/users\/4"}],"replies":[{"embeddable":true,"href":"https:\/\/www.divephukettoday.com\/it\/wp-json\/wp\/v2\/comments?post=3144"}],"version-history":[{"count":1,"href":"https:\/\/www.divephukettoday.com\/it\/wp-json\/wp\/v2\/pages\/3144\/revisions"}],"predecessor-version":[{"id":5118,"href":"https:\/\/www.divephukettoday.com\/it\/wp-json\/wp\/v2\/pages\/3144\/revisions\/5118"}],"up":[{"embeddable":true,"href":"https:\/\/www.divephukettoday.com\/it\/wp-json\/wp\/v2\/pages\/3078"}],"wp:attachment":[{"href":"https:\/\/www.divephukettoday.com\/it\/wp-json\/wp\/v2\/media?parent=3144"}],"curies":[{"name":"wp","href":"https:\/\/api.w.org\/{rel}","templated":true}]}}