{"id":3165,"date":"2017-09-23T18:07:15","date_gmt":"2017-09-23T18:07:15","guid":{"rendered":"https:\/\/www.divephukettoday.com\/?page_id=3165"},"modified":"2020-08-04T06:37:39","modified_gmt":"2020-08-04T06:37:39","slug":"isola-racha-noi","status":"publish","type":"page","link":"https:\/\/www.divephukettoday.com\/it\/punti-di-immersione-phuket\/isola-racha-noi\/","title":{"rendered":"Isola Racha Noi"},"content":{"rendered":"<figure id=\"attachment_344\" aria-describedby=\"caption-attachment-344\" style=\"width: 300px\" class=\"wp-caption alignright\"><img loading=\"lazy\" decoding=\"async\" class=\"size-medium wp-image-344\" src=\"https:\/\/www.divephukettoday.com\/wp-content\/uploads\/2014\/05\/Racha-Noi-South-Tip-300x197.jpg\" alt=\"Racha Noi - South Tip\" width=\"300\" height=\"197\" \/><figcaption id=\"caption-attachment-344\" class=\"wp-caption-text\">Racha Noi &#8211; South Tip<\/figcaption><\/figure>\n<p>Racha Noi \u00e8 la pi\u00f9 piccola delle due isole di Racha (a volte chiamate Raja o Raya). In questa isola i punti di immersione scendono a profondit\u00e0 molto elevate, soprattutto a South Tip. Racha Noi dista dalla sua sorella <a href=\"https:\/\/www.divephukettoday.com\/it\/punti-di-immersione-phuket\/isola-racha-yai\/\">Racha Yai<\/a> circa 50 minuti di imbarcazione.<\/p>\n<p>Racha Noi \u00e8 un punto di immersione molto popolare per immersioni tecniche e per coloro che desiderano approfondire questa specialit\u00e0.<\/p>\n<p>Racha Noi \u00e8 fantastica per i <a href=\"https:\/\/www.divephukettoday.com\/it\/corsi\/\">corsi PADI<\/a>, dall\u2019<a href=\"https:\/\/www.divephukettoday.com\/it\/corsi\/\">Open Water<\/a> a quelli pi\u00f9 avanzati.<\/p>\n<p>Racha Noi \u00e8 l&#8217;ultimo avamposto di Phuket ed \u00e8 provato che \u00e8 un sito con aree pi\u00f9 profonde che obbligano i subacquei a fare attenzione alla quantit\u00e0 di zavorra perch\u00e8 sia il tempo di immersione, sia la profondit\u00e0, potrebbero portare a superare con facilit\u00e0 i limiti di decompressione.<\/p>\n<p>Racha Noi \u00e8 molto pi\u00f9 selvaggia di <a href=\"https:\/\/www.divephukettoday.com\/it\/punti-di-immersione-phuket\/isola-racha-yai\/\">Racha Yai<\/a>, non ci sono alberghi sull&#8217;isola, \u00e8 piuttosto inaccessibile e non \u00e8 affatto facile accedere all&#8217;isola. Proprio nel centro l&#8217;isola \u00e8 divisa in due parti e ci\u00f2 la rende ancora pi\u00f9 particolare. Fare una escursione su questa isola vale veramente la pena, anche solo per dare un&#8217;occhiata alle formazioni rocciose.<\/p>\n<p>La zona \u00e8 nota ed \u00e8 un bel posto soprattutto per yacht privati. E&#8217; una zona appartata e non vengono organizzate molte escursioni fatta eccezione per le barche per le immersioni che organizzano uscite giornaliere da Phuket. Numerose imbarcazioni per subacquei raggiungono questa isola tutto l&#8217;anno, anche se ogni tanto l&#8217;attraversata pu\u00f2 essere un po&#8217; movimentata, soprattutto nella stagione delle pioggie.<\/p>\n<figure id=\"attachment_346\" aria-describedby=\"caption-attachment-346\" style=\"width: 259px\" class=\"wp-caption alignright\"><img loading=\"lazy\" decoding=\"async\" class=\"size-full wp-image-346\" src=\"https:\/\/www.divephukettoday.com\/wp-content\/uploads\/2014\/05\/Sailfish-Jumping.jpg\" alt=\"Sailfish -  Jumping\" width=\"259\" height=\"194\" \/><figcaption id=\"caption-attachment-346\" class=\"wp-caption-text\">Pesce a vela che salta fuori dall&#8217;acqua<\/figcaption><\/figure>\n<p>Pesci vela possono essere vista saltar fuori dall&#8217;acqua e ci\u00f2 fa di questo luogo un posto molto amato dai pescatori di altura. Occasionalmente non \u00e8 impossibile vedere anche delle balene. Proprio poco tempo fa ne abbiamo vista una con il suo piccolo ed \u00e8 stata un&#8217;esperienza davvero meravigliosa.<\/p>\n<p>Racha Noi, come abbiamo sottolineato, \u00e8 l&#8217;ultima isola prima che il Mar delle Andamane raggiunga elevate profondit\u00e0 e i successivi punti di immersione sono pi\u00f9 a sud e si chiamano Hin Daeng e Hin Muang. Phuket si trova diritta a nord.<\/p>\n<p>Essendo immersioni profonde a Racha Noi \u00e8 possibile vedere pesci di grande calibro come le mante, lo squalo balena, tonni, carangidi, squali pinna nera, squali grigi e squali pinna bianca.<\/p>\n<p><strong>Punti di immersione a Racha Noi<\/strong><\/p>\n<ul>\n<li><a title=\"Racha Noi \u2013 Banana Bay\" href=\"https:\/\/www.divephukettoday.com\/phuket-dive-sites\/racha-noi\/racha-noi-banana-bay\/\" target=\"_blank\" rel=\"noopener noreferrer\"><strong>Banana Bay<\/strong><\/a><\/li>\n<li><a title=\"Racha Noi \u2013 South Tip\" href=\"https:\/\/www.divephukettoday.com\/phuket-dive-sites\/racha-noi\/racha-noi-south-tip\/\" target=\"_blank\" rel=\"noopener noreferrer\"><strong> South Tip<\/strong><\/a><\/li>\n<li><a title=\"Marita Reef &amp; North Point\" href=\"https:\/\/www.divephukettoday.com\/phuket-dive-sites\/racha-noi\/marita-reef-north-point\/\" target=\"_blank\" rel=\"noopener noreferrer\"><strong> Maritas Reef<\/strong><\/a><\/li>\n<li><a title=\"Marita Reef &amp; North Point\" href=\"https:\/\/www.divephukettoday.com\/phuket-dive-sites\/racha-noi\/marita-reef-north-point\/\" target=\"_blank\" rel=\"noopener noreferrer\"><strong> North Point<\/strong><\/a><\/li>\n<\/ul>\n","protected":false},"excerpt":{"rendered":"<p>Racha Noi \u00e8 la pi\u00f9 piccola delle due isole di Racha (a volte chiamate Raja o Raya). In questa isola i punti di immersione scendono a profondit\u00e0 molto elevate, soprattutto [&hellip;]<\/p>\n","protected":false},"author":4,"featured_media":0,"parent":3034,"menu_order":0,"comment_status":"open","ping_status":"open","template":"","meta":{"_et_pb_use_builder":"","_et_pb_old_content":"","_et_gb_content_width":"","content-type":"","footnotes":""},"class_list":["post-3165","page","type-page","status-publish","hentry"],"yoast_head":"<!-- This site is optimized with the Yoast SEO plugin v25.1 - https:\/\/yoast.com\/wordpress\/plugins\/seo\/ -->\n<title>Isola Racha Noi - Dive Phuket Today<\/title>\n<meta name=\"robots\" content=\"index, follow, max-snippet:-1, max-image-preview:large, max-video-preview:-1\" \/>\n<link rel=\"canonical\" href=\"https:\/\/www.divephukettoday.com\/it\/punti-di-immersione-phuket\/isola-racha-noi\/\" \/>\n<meta property=\"og:locale\" content=\"it_IT\" \/>\n<meta property=\"og:type\" content=\"article\" \/>\n<meta property=\"og:title\" content=\"Isola Racha Noi - Dive Phuket Today\" \/>\n<meta property=\"og:description\" content=\"Racha Noi \u00e8 la pi\u00f9 piccola delle due isole di Racha (a volte chiamate Raja o Raya). In questa isola i punti di immersione scendono a profondit\u00e0 molto elevate, soprattutto [&hellip;]\" \/>\n<meta property=\"og:url\" content=\"https:\/\/www.divephukettoday.com\/it\/punti-di-immersione-phuket\/isola-racha-noi\/\" \/>\n<meta property=\"og:site_name\" content=\"Dive Phuket Today\" \/>\n<meta property=\"article:modified_time\" content=\"2020-08-04T06:37:39+00:00\" \/>\n<meta property=\"og:image\" content=\"https:\/\/www.divephukettoday.com\/wp-content\/uploads\/2014\/05\/Racha-Noi-South-Tip-300x197.jpg\" \/>\n<meta name=\"twitter:label1\" content=\"Tempo di lettura stimato\" \/>\n\t<meta name=\"twitter:data1\" content=\"2 minuti\" \/>\n<script type=\"application\/ld+json\" class=\"yoast-schema-graph\">{\"@context\":\"https:\/\/schema.org\",\"@graph\":[{\"@type\":\"WebPage\",\"@id\":\"https:\/\/www.divephukettoday.com\/it\/punti-di-immersione-phuket\/isola-racha-noi\/\",\"url\":\"https:\/\/www.divephukettoday.com\/it\/punti-di-immersione-phuket\/isola-racha-noi\/\",\"name\":\"Isola Racha Noi - Dive Phuket Today\",\"isPartOf\":{\"@id\":\"https:\/\/www.divephukettoday.com\/#website\"},\"primaryImageOfPage\":{\"@id\":\"https:\/\/www.divephukettoday.com\/it\/punti-di-immersione-phuket\/isola-racha-noi\/#primaryimage\"},\"image\":{\"@id\":\"https:\/\/www.divephukettoday.com\/it\/punti-di-immersione-phuket\/isola-racha-noi\/#primaryimage\"},\"thumbnailUrl\":\"https:\/\/www.divephukettoday.com\/wp-content\/uploads\/2014\/05\/Racha-Noi-South-Tip-300x197.jpg\",\"datePublished\":\"2017-09-23T18:07:15+00:00\",\"dateModified\":\"2020-08-04T06:37:39+00:00\",\"breadcrumb\":{\"@id\":\"https:\/\/www.divephukettoday.com\/it\/punti-di-immersione-phuket\/isola-racha-noi\/#breadcrumb\"},\"inLanguage\":\"it-IT\",\"potentialAction\":[{\"@type\":\"ReadAction\",\"target\":[\"https:\/\/www.divephukettoday.com\/it\/punti-di-immersione-phuket\/isola-racha-noi\/\"]}]},{\"@type\":\"ImageObject\",\"inLanguage\":\"it-IT\",\"@id\":\"https:\/\/www.divephukettoday.com\/it\/punti-di-immersione-phuket\/isola-racha-noi\/#primaryimage\",\"url\":\"https:\/\/www.divephukettoday.com\/wp-content\/uploads\/2014\/05\/Racha-Noi-South-Tip-300x197.jpg\",\"contentUrl\":\"https:\/\/www.divephukettoday.com\/wp-content\/uploads\/2014\/05\/Racha-Noi-South-Tip-300x197.jpg\"},{\"@type\":\"BreadcrumbList\",\"@id\":\"https:\/\/www.divephukettoday.com\/it\/punti-di-immersione-phuket\/isola-racha-noi\/#breadcrumb\",\"itemListElement\":[{\"@type\":\"ListItem\",\"position\":1,\"name\":\"Home\",\"item\":\"https:\/\/www.divephukettoday.com\/it\/\"},{\"@type\":\"ListItem\",\"position\":2,\"name\":\"Phuket\",\"item\":\"https:\/\/www.divephukettoday.com\/it\/punti-di-immersione-phuket\/\"},{\"@type\":\"ListItem\",\"position\":3,\"name\":\"Isola Racha Noi\"}]},{\"@type\":\"WebSite\",\"@id\":\"https:\/\/www.divephukettoday.com\/#website\",\"url\":\"https:\/\/www.divephukettoday.com\/\",\"name\":\"Dive Phuket Today\",\"description\":\"Dive Phuket Today - Scuba Diving in Phuket Thailand\",\"publisher\":{\"@id\":\"https:\/\/www.divephukettoday.com\/#organization\"},\"potentialAction\":[{\"@type\":\"SearchAction\",\"target\":{\"@type\":\"EntryPoint\",\"urlTemplate\":\"https:\/\/www.divephukettoday.com\/?s={search_term_string}\"},\"query-input\":{\"@type\":\"PropertyValueSpecification\",\"valueRequired\":true,\"valueName\":\"search_term_string\"}}],\"inLanguage\":\"it-IT\"},{\"@type\":\"Organization\",\"@id\":\"https:\/\/www.divephukettoday.com\/#organization\",\"name\":\"Easy Day Thailand (ED1 Part. Ltd.)\",\"url\":\"https:\/\/www.divephukettoday.com\/\",\"logo\":{\"@type\":\"ImageObject\",\"inLanguage\":\"it-IT\",\"@id\":\"https:\/\/www.divephukettoday.com\/#\/schema\/logo\/image\/\",\"url\":\"https:\/\/www.divephukettoday.com\/wp-content\/uploads\/2017\/09\/Documento1-2.jpg\",\"contentUrl\":\"https:\/\/www.divephukettoday.com\/wp-content\/uploads\/2017\/09\/Documento1-2.jpg\",\"width\":332,\"height\":332,\"caption\":\"Easy Day Thailand (ED1 Part. Ltd.)\"},\"image\":{\"@id\":\"https:\/\/www.divephukettoday.com\/#\/schema\/logo\/image\/\"}}]}<\/script>\n<!-- \/ Yoast SEO plugin. -->","yoast_head_json":{"title":"Isola Racha Noi - Dive Phuket Today","robots":{"index":"index","follow":"follow","max-snippet":"max-snippet:-1","max-image-preview":"max-image-preview:large","max-video-preview":"max-video-preview:-1"},"canonical":"https:\/\/www.divephukettoday.com\/it\/punti-di-immersione-phuket\/isola-racha-noi\/","og_locale":"it_IT","og_type":"article","og_title":"Isola Racha Noi - Dive Phuket Today","og_description":"Racha Noi \u00e8 la pi\u00f9 piccola delle due isole di Racha (a volte chiamate Raja o Raya). In questa isola i punti di immersione scendono a profondit\u00e0 molto elevate, soprattutto [&hellip;]","og_url":"https:\/\/www.divephukettoday.com\/it\/punti-di-immersione-phuket\/isola-racha-noi\/","og_site_name":"Dive Phuket Today","article_modified_time":"2020-08-04T06:37:39+00:00","og_image":[{"url":"https:\/\/www.divephukettoday.com\/wp-content\/uploads\/2014\/05\/Racha-Noi-South-Tip-300x197.jpg","type":"","width":"","height":""}],"twitter_misc":{"Tempo di lettura stimato":"2 minuti"},"schema":{"@context":"https:\/\/schema.org","@graph":[{"@type":"WebPage","@id":"https:\/\/www.divephukettoday.com\/it\/punti-di-immersione-phuket\/isola-racha-noi\/","url":"https:\/\/www.divephukettoday.com\/it\/punti-di-immersione-phuket\/isola-racha-noi\/","name":"Isola Racha Noi - Dive Phuket Today","isPartOf":{"@id":"https:\/\/www.divephukettoday.com\/#website"},"primaryImageOfPage":{"@id":"https:\/\/www.divephukettoday.com\/it\/punti-di-immersione-phuket\/isola-racha-noi\/#primaryimage"},"image":{"@id":"https:\/\/www.divephukettoday.com\/it\/punti-di-immersione-phuket\/isola-racha-noi\/#primaryimage"},"thumbnailUrl":"https:\/\/www.divephukettoday.com\/wp-content\/uploads\/2014\/05\/Racha-Noi-South-Tip-300x197.jpg","datePublished":"2017-09-23T18:07:15+00:00","dateModified":"2020-08-04T06:37:39+00:00","breadcrumb":{"@id":"https:\/\/www.divephukettoday.com\/it\/punti-di-immersione-phuket\/isola-racha-noi\/#breadcrumb"},"inLanguage":"it-IT","potentialAction":[{"@type":"ReadAction","target":["https:\/\/www.divephukettoday.com\/it\/punti-di-immersione-phuket\/isola-racha-noi\/"]}]},{"@type":"ImageObject","inLanguage":"it-IT","@id":"https:\/\/www.divephukettoday.com\/it\/punti-di-immersione-phuket\/isola-racha-noi\/#primaryimage","url":"https:\/\/www.divephukettoday.com\/wp-content\/uploads\/2014\/05\/Racha-Noi-South-Tip-300x197.jpg","contentUrl":"https:\/\/www.divephukettoday.com\/wp-content\/uploads\/2014\/05\/Racha-Noi-South-Tip-300x197.jpg"},{"@type":"BreadcrumbList","@id":"https:\/\/www.divephukettoday.com\/it\/punti-di-immersione-phuket\/isola-racha-noi\/#breadcrumb","itemListElement":[{"@type":"ListItem","position":1,"name":"Home","item":"https:\/\/www.divephukettoday.com\/it\/"},{"@type":"ListItem","position":2,"name":"Phuket","item":"https:\/\/www.divephukettoday.com\/it\/punti-di-immersione-phuket\/"},{"@type":"ListItem","position":3,"name":"Isola Racha Noi"}]},{"@type":"WebSite","@id":"https:\/\/www.divephukettoday.com\/#website","url":"https:\/\/www.divephukettoday.com\/","name":"Dive Phuket Today","description":"Dive Phuket Today - Scuba Diving in Phuket Thailand","publisher":{"@id":"https:\/\/www.divephukettoday.com\/#organization"},"potentialAction":[{"@type":"SearchAction","target":{"@type":"EntryPoint","urlTemplate":"https:\/\/www.divephukettoday.com\/?s={search_term_string}"},"query-input":{"@type":"PropertyValueSpecification","valueRequired":true,"valueName":"search_term_string"}}],"inLanguage":"it-IT"},{"@type":"Organization","@id":"https:\/\/www.divephukettoday.com\/#organization","name":"Easy Day Thailand (ED1 Part. Ltd.)","url":"https:\/\/www.divephukettoday.com\/","logo":{"@type":"ImageObject","inLanguage":"it-IT","@id":"https:\/\/www.divephukettoday.com\/#\/schema\/logo\/image\/","url":"https:\/\/www.divephukettoday.com\/wp-content\/uploads\/2017\/09\/Documento1-2.jpg","contentUrl":"https:\/\/www.divephukettoday.com\/wp-content\/uploads\/2017\/09\/Documento1-2.jpg","width":332,"height":332,"caption":"Easy Day Thailand (ED1 Part. Ltd.)"},"image":{"@id":"https:\/\/www.divephukettoday.com\/#\/schema\/logo\/image\/"}}]}},"jetpack_sharing_enabled":true,"jetpack_shortlink":"https:\/\/wp.me\/P5RDHs-P3","_links":{"self":[{"href":"https:\/\/www.divephukettoday.com\/it\/wp-json\/wp\/v2\/pages\/3165","targetHints":{"allow":["GET"]}}],"collection":[{"href":"https:\/\/www.divephukettoday.com\/it\/wp-json\/wp\/v2\/pages"}],"about":[{"href":"https:\/\/www.divephukettoday.com\/it\/wp-json\/wp\/v2\/types\/page"}],"author":[{"embeddable":true,"href":"https:\/\/www.divephukettoday.com\/it\/wp-json\/wp\/v2\/users\/4"}],"replies":[{"embeddable":true,"href":"https:\/\/www.divephukettoday.com\/it\/wp-json\/wp\/v2\/comments?post=3165"}],"version-history":[{"count":1,"href":"https:\/\/www.divephukettoday.com\/it\/wp-json\/wp\/v2\/pages\/3165\/revisions"}],"predecessor-version":[{"id":5110,"href":"https:\/\/www.divephukettoday.com\/it\/wp-json\/wp\/v2\/pages\/3165\/revisions\/5110"}],"up":[{"embeddable":true,"href":"https:\/\/www.divephukettoday.com\/it\/wp-json\/wp\/v2\/pages\/3034"}],"wp:attachment":[{"href":"https:\/\/www.divephukettoday.com\/it\/wp-json\/wp\/v2\/media?parent=3165"}],"curies":[{"name":"wp","href":"https:\/\/api.w.org\/{rel}","templated":true}]}}