{"id":3171,"date":"2017-09-23T23:46:17","date_gmt":"2017-09-23T23:46:17","guid":{"rendered":"https:\/\/www.divephukettoday.com\/?page_id=3171"},"modified":"2020-08-04T06:33:17","modified_gmt":"2020-08-04T06:33:17","slug":"racha-yai-homerun-reef","status":"publish","type":"page","link":"https:\/\/www.divephukettoday.com\/it\/punti-di-immersione-phuket\/isola-racha-yai\/racha-yai-homerun-reef\/","title":{"rendered":"Homerun Reef"},"content":{"rendered":"<figure id=\"attachment_382\" aria-describedby=\"caption-attachment-382\" style=\"width: 300px\" class=\"wp-caption alignright\"><a href=\"https:\/\/www.divephukettoday.com\/wp-content\/uploads\/2014\/05\/Descending-on-to-Homerun-e1400141117499.jpg\"><img loading=\"lazy\" decoding=\"async\" class=\"size-medium wp-image-382\" src=\"https:\/\/www.divephukettoday.com\/wp-content\/uploads\/2014\/05\/Descending-on-to-Homerun-300x140.jpg\" alt=\"Descending on to Homerun\" width=\"300\" height=\"140\" \/><\/a><figcaption id=\"caption-attachment-382\" class=\"wp-caption-text\">Discesa a Homerun<\/figcaption><\/figure>\n<p><span id=\"result_box\" class=\"\" lang=\"it\" tabindex=\"-1\">Homerun Reef \u00e8 una meravigliosa immersione per concludere le tue immersioni a Racha Yai, molte dei centri che organizzano immersioni preferiscono questo sito non perch\u00e9 \u00e8 pi\u00f9 vicino al porto di Chalong, ma perch\u00e9 ha tantissimo da offrire. \u00c8 un punto ideale per tutti i subacquei, sia che si tratti di principianti sia di subacquei esperti<\/span>.<\/p>\n<p><span class=\"\">Racha Yai \u00e8 fantastica per i corsi PADI, dall\u2019Open Water a quelli pi\u00f9 avanzati\u2026 <\/span><em><a title=\"Racha Yai\" href=\"https:\/\/www.divephukettoday.com\/it\/corsi\/\" target=\"_blank\" rel=\"noopener noreferrer\">Continua a leggere\u2026<\/a><\/em><\/p>\n<p><span id=\"result_box\" class=\"\" lang=\"it\" tabindex=\"-1\"><span class=\"\">Ci sono diversi relitti sparsi intorno a Racha Yai, e Homerun ospita uno dei pi\u00f9 piccoli.<\/span> Si tratta di un relitto di un vecchio motoscafo veloce adagiato a circa <span class=\"\">18 metri di profondita e coperto di vita marina<\/span><\/span>.<\/p>\n<p>A <span id=\"result_box\" class=\"\" lang=\"it\" tabindex=\"-1\"><span class=\"\">Homerun ci sono molti coralli molli, ma sono cresciuto anche molti coralli duri;<\/span> una parte di loro era morta qualche anno fa a causa del surriscaldamento delle acque che ha avuto effetti negativi su tutta la costa del Mar delle Andamane<\/span>.<\/p>\n<p>Qui troverai molte specie di pesce di scogliera<span id=\"result_box\" class=\"\" lang=\"it\" tabindex=\"-1\">. Quando ti tufferai in acqua vedrai alcuni grandi massi che conducono ad altri a maggiore profondit\u00e0, questo \u00e8 un buon sistema per orientarsi utilizzando le rocce come punti di riferimento. Una volta in profondit\u00e0 la visibilit\u00e0 dovrebbe essere piuttosto buona e dovresti riuscire a vedere fino a circa 20 metri o anche oltre<\/span>.<\/p>\n<figure id=\"attachment_383\" aria-describedby=\"caption-attachment-383\" style=\"width: 300px\" class=\"wp-caption alignright\"><a href=\"https:\/\/www.divephukettoday.com\/wp-content\/uploads\/2014\/05\/Small-Wreck-Dive-Racha-Yai-e1400141261677.jpg\"><img loading=\"lazy\" decoding=\"async\" class=\"size-medium wp-image-383\" src=\"https:\/\/www.divephukettoday.com\/wp-content\/uploads\/2014\/05\/Small-Wreck-Dive-Racha-Yai-300x133.jpg\" alt=\"Small Wreck Dive - Racha Yai\" width=\"300\" height=\"133\" \/><\/a><figcaption id=\"caption-attachment-383\" class=\"wp-caption-text\">Piccolo relitto &#8211; Racha Yai<\/figcaption><\/figure>\n<p><span id=\"result_box\" class=\"\" lang=\"it\" tabindex=\"-1\"><span class=\"\">Se rimani vicino al fondo si possono incontrare alcune heteroconger hassi, piccole strane creature seppellite nella sabbia da dove sbuca solo la loro piccola testa.<\/span> <span class=\"\">Lo fanno per proteggersi dai predatori e nella speranza di catturare i piccoli crostacei e il plancton trasportato dalla corrente.<\/span><\/span><\/p>\n<p><span id=\"result_box\" class=\"\" lang=\"it\" tabindex=\"-1\">Parlando di corrente, generalmente corre da sud a nord e talvolta \u00e8 un po&#8217; forte, ma questo ti permette comunque di fare una grande immersione subacquea. Se la corrente \u00e8 debole la visita al piccolo relitto render\u00e0 l&#8217;immersione un po&#8217; pi\u00f9 speciale<\/span>.<\/p>\n<p><span id=\"result_box\" class=\"\" lang=\"it\" tabindex=\"-1\"><span class=\"\">Di solito c&#8217;\u00e8 una piccola scuola di pesci ossei che nuotano attorno al relitto. Una volta che ci si \u00e8 avvicinati al relitto \u00e8 possibile riposare appoggiandole sul fondo, ma assicurandosi, ovviamente, che non ci sia nulla che potresti danneggiare.<\/span> Avvicinandosi molto di potrebbe vedere qualche pesce ago, ma non dovresti avere nessuna difficolt\u00e0 ad avvistare <span class=\"\">gamberetti rostrati e gamberi pulitori, avvicinando la mano potrebbero anche farti una rapida manicure<\/span><\/span>.<\/p>\n<figure id=\"attachment_384\" aria-describedby=\"caption-attachment-384\" style=\"width: 259px\" class=\"wp-caption alignright\"><a href=\"https:\/\/www.divephukettoday.com\/wp-content\/uploads\/2014\/05\/Yellow-Snapper-Racha-yai.jpg\"><img loading=\"lazy\" decoding=\"async\" class=\"size-full wp-image-384\" src=\"https:\/\/www.divephukettoday.com\/wp-content\/uploads\/2014\/05\/Yellow-Snapper-Racha-yai.jpg\" alt=\"Yellow Snapper - Racha Yai\" width=\"259\" height=\"194\" \/><\/a><figcaption id=\"caption-attachment-384\" class=\"wp-caption-text\">Pesci osseri &#8211; Racha Yai<\/figcaption><\/figure>\n<p><span id=\"result_box\" class=\"\" lang=\"it\" tabindex=\"-1\"><span class=\"\">Guardatati attorno e anche alla sabbia. Occasionalmente abbiamo avvistato pesci coccodrillo<\/span> e pesci anguilliformi praticamente sepolti e difficilissimi da vedere anche per chi ha un ottima vista<span class=\"\">.<\/span> Nel blu potrai vedere dei barracuda e anche dei carangidi<\/span>.<\/p>\n<p><span id=\"result_box\" class=\"\" lang=\"it\" tabindex=\"-1\"><span class=\"\">Questi predatori sfruttano appieno i punti di immersione come questo, in quanto sanno che possono trovare pasti a basso costo, considerata la grande quantit\u00e0 di giovani pesci presenti.<\/span><\/span><\/p>\n<p><span id=\"result_box\" class=\"\" lang=\"it\" tabindex=\"-1\">Tornando indietro verso la scogliera per continuare il resto dell&#8217;immersione troverai pesci flauto e pesci trombetta, entrambi appartenenti a specie di predatori che cacciano piccoli pesci e crostacei. I pesci trombetta amano nascondersi dietro a grossi banchi pronti a individuare la loro preda a a darle l&#8217;ultimo colpo mortale, uno spettacolo da non perdere<\/span>.<\/p>\n<p><span id=\"result_box\" class=\"\" lang=\"it\" tabindex=\"-1\"><span class=\"\">Utilizzando anche il camuffamento i pesci scorpione sono dei maestri, essi stanno fermi l\u00ec confondendosi con l&#8217;ambiente circostante e aspettando che pesci della dimensione corretta si avvicinino a sufficienza per essere inghiottiti in un sol boccone<\/span><\/span>.<\/p>\n<p><strong>Caratteristiche del punto di immersione<br \/>\n<\/strong><\/p>\n<ul>\n<li>Profondit\u00e0 massima: 20 metri<\/li>\n<li>Livello di difficolt\u00e0: adatto a tutti<\/li>\n<li>Visibilit\u00e0: da 10 a 30 metri \/ da 33 a 100 piedi<\/li>\n<li>Corrente: debole e a volte consistente<\/li>\n<li><span id=\"result_box\" class=\"\" lang=\"it\" tabindex=\"-1\">Caratteristiche particolari: presenza di grandi massi e di un piccolo relitto<\/span> <span id=\"result_box\" class=\"\" lang=\"it\" tabindex=\"-1\"><\/span><\/li>\n<li>Consigli utili: sul relitto fai attenzione a dove metti le mani<\/li>\n<\/ul>\n<p><strong>Altri punti di immersione a Racha Yai:<\/strong><\/p>\n<ul>\n<li><strong>Homerun<\/strong><\/li>\n<li><strong>Lucy\u2019s Reef<\/strong><\/li>\n<li><strong>Marla\u2019s Mystery<\/strong><\/li>\n<li><a title=\"Racha Yai \u2013 Siam Bay\" href=\"https:\/\/www.divephukettoday.com\/phuket-dive-sites\/racha-yai\/racha-yai-siam-bay\/\" target=\"_blank\" rel=\"noopener noreferrer\"><strong>Siam Bay<\/strong><\/a><\/li>\n<li><strong>Bungalow Bay<\/strong><\/li>\n<\/ul>\n<p>&nbsp;<\/p>\n","protected":false},"excerpt":{"rendered":"<p>Homerun Reef \u00e8 una meravigliosa immersione per concludere le tue immersioni a Racha Yai, molte dei centri che organizzano immersioni preferiscono questo sito non perch\u00e9 \u00e8 pi\u00f9 vicino al porto [&hellip;]<\/p>\n","protected":false},"author":4,"featured_media":0,"parent":3155,"menu_order":0,"comment_status":"open","ping_status":"open","template":"","meta":{"_et_pb_use_builder":"","_et_pb_old_content":"","_et_gb_content_width":"","content-type":"","footnotes":""},"class_list":["post-3171","page","type-page","status-publish","hentry"],"yoast_head":"<!-- This site is optimized with the Yoast SEO plugin v25.1 - https:\/\/yoast.com\/wordpress\/plugins\/seo\/ -->\n<title>Homerun Reef - Dive Phuket Today<\/title>\n<meta name=\"robots\" content=\"index, follow, max-snippet:-1, max-image-preview:large, max-video-preview:-1\" \/>\n<link rel=\"canonical\" href=\"https:\/\/www.divephukettoday.com\/it\/punti-di-immersione-phuket\/isola-racha-yai\/racha-yai-homerun-reef\/\" \/>\n<meta property=\"og:locale\" content=\"it_IT\" \/>\n<meta property=\"og:type\" content=\"article\" \/>\n<meta property=\"og:title\" content=\"Homerun Reef - Dive Phuket Today\" \/>\n<meta property=\"og:description\" content=\"Homerun Reef \u00e8 una meravigliosa immersione per concludere le tue immersioni a Racha Yai, molte dei centri che organizzano immersioni preferiscono questo sito non perch\u00e9 \u00e8 pi\u00f9 vicino al porto [&hellip;]\" \/>\n<meta property=\"og:url\" content=\"https:\/\/www.divephukettoday.com\/it\/punti-di-immersione-phuket\/isola-racha-yai\/racha-yai-homerun-reef\/\" \/>\n<meta property=\"og:site_name\" content=\"Dive Phuket Today\" \/>\n<meta property=\"article:modified_time\" content=\"2020-08-04T06:33:17+00:00\" \/>\n<meta property=\"og:image\" content=\"https:\/\/www.divephukettoday.com\/wp-content\/uploads\/2014\/05\/Descending-on-to-Homerun-300x140.jpg\" \/>\n<meta name=\"twitter:label1\" content=\"Tempo di lettura stimato\" \/>\n\t<meta name=\"twitter:data1\" content=\"3 minuti\" \/>\n<script type=\"application\/ld+json\" class=\"yoast-schema-graph\">{\"@context\":\"https:\/\/schema.org\",\"@graph\":[{\"@type\":\"WebPage\",\"@id\":\"https:\/\/www.divephukettoday.com\/it\/punti-di-immersione-phuket\/isola-racha-yai\/racha-yai-homerun-reef\/\",\"url\":\"https:\/\/www.divephukettoday.com\/it\/punti-di-immersione-phuket\/isola-racha-yai\/racha-yai-homerun-reef\/\",\"name\":\"Homerun Reef - Dive Phuket Today\",\"isPartOf\":{\"@id\":\"https:\/\/www.divephukettoday.com\/#website\"},\"primaryImageOfPage\":{\"@id\":\"https:\/\/www.divephukettoday.com\/it\/punti-di-immersione-phuket\/isola-racha-yai\/racha-yai-homerun-reef\/#primaryimage\"},\"image\":{\"@id\":\"https:\/\/www.divephukettoday.com\/it\/punti-di-immersione-phuket\/isola-racha-yai\/racha-yai-homerun-reef\/#primaryimage\"},\"thumbnailUrl\":\"https:\/\/www.divephukettoday.com\/wp-content\/uploads\/2014\/05\/Descending-on-to-Homerun-300x140.jpg\",\"datePublished\":\"2017-09-23T23:46:17+00:00\",\"dateModified\":\"2020-08-04T06:33:17+00:00\",\"breadcrumb\":{\"@id\":\"https:\/\/www.divephukettoday.com\/it\/punti-di-immersione-phuket\/isola-racha-yai\/racha-yai-homerun-reef\/#breadcrumb\"},\"inLanguage\":\"it-IT\",\"potentialAction\":[{\"@type\":\"ReadAction\",\"target\":[\"https:\/\/www.divephukettoday.com\/it\/punti-di-immersione-phuket\/isola-racha-yai\/racha-yai-homerun-reef\/\"]}]},{\"@type\":\"ImageObject\",\"inLanguage\":\"it-IT\",\"@id\":\"https:\/\/www.divephukettoday.com\/it\/punti-di-immersione-phuket\/isola-racha-yai\/racha-yai-homerun-reef\/#primaryimage\",\"url\":\"https:\/\/www.divephukettoday.com\/wp-content\/uploads\/2014\/05\/Descending-on-to-Homerun-300x140.jpg\",\"contentUrl\":\"https:\/\/www.divephukettoday.com\/wp-content\/uploads\/2014\/05\/Descending-on-to-Homerun-300x140.jpg\"},{\"@type\":\"BreadcrumbList\",\"@id\":\"https:\/\/www.divephukettoday.com\/it\/punti-di-immersione-phuket\/isola-racha-yai\/racha-yai-homerun-reef\/#breadcrumb\",\"itemListElement\":[{\"@type\":\"ListItem\",\"position\":1,\"name\":\"Home\",\"item\":\"https:\/\/www.divephukettoday.com\/it\/\"},{\"@type\":\"ListItem\",\"position\":2,\"name\":\"Phuket\",\"item\":\"https:\/\/www.divephukettoday.com\/it\/punti-di-immersione-phuket\/\"},{\"@type\":\"ListItem\",\"position\":3,\"name\":\"Isola Racha Yai\",\"item\":\"https:\/\/www.divephukettoday.com\/it\/punti-di-immersione-phuket\/isola-racha-yai\/\"},{\"@type\":\"ListItem\",\"position\":4,\"name\":\"Homerun Reef\"}]},{\"@type\":\"WebSite\",\"@id\":\"https:\/\/www.divephukettoday.com\/#website\",\"url\":\"https:\/\/www.divephukettoday.com\/\",\"name\":\"Dive Phuket Today\",\"description\":\"Dive Phuket Today - Scuba Diving in Phuket Thailand\",\"publisher\":{\"@id\":\"https:\/\/www.divephukettoday.com\/#organization\"},\"potentialAction\":[{\"@type\":\"SearchAction\",\"target\":{\"@type\":\"EntryPoint\",\"urlTemplate\":\"https:\/\/www.divephukettoday.com\/?s={search_term_string}\"},\"query-input\":{\"@type\":\"PropertyValueSpecification\",\"valueRequired\":true,\"valueName\":\"search_term_string\"}}],\"inLanguage\":\"it-IT\"},{\"@type\":\"Organization\",\"@id\":\"https:\/\/www.divephukettoday.com\/#organization\",\"name\":\"Easy Day Thailand (ED1 Part. Ltd.)\",\"url\":\"https:\/\/www.divephukettoday.com\/\",\"logo\":{\"@type\":\"ImageObject\",\"inLanguage\":\"it-IT\",\"@id\":\"https:\/\/www.divephukettoday.com\/#\/schema\/logo\/image\/\",\"url\":\"https:\/\/www.divephukettoday.com\/wp-content\/uploads\/2017\/09\/Documento1-2.jpg\",\"contentUrl\":\"https:\/\/www.divephukettoday.com\/wp-content\/uploads\/2017\/09\/Documento1-2.jpg\",\"width\":332,\"height\":332,\"caption\":\"Easy Day Thailand (ED1 Part. Ltd.)\"},\"image\":{\"@id\":\"https:\/\/www.divephukettoday.com\/#\/schema\/logo\/image\/\"}}]}<\/script>\n<!-- \/ Yoast SEO plugin. -->","yoast_head_json":{"title":"Homerun Reef - Dive Phuket Today","robots":{"index":"index","follow":"follow","max-snippet":"max-snippet:-1","max-image-preview":"max-image-preview:large","max-video-preview":"max-video-preview:-1"},"canonical":"https:\/\/www.divephukettoday.com\/it\/punti-di-immersione-phuket\/isola-racha-yai\/racha-yai-homerun-reef\/","og_locale":"it_IT","og_type":"article","og_title":"Homerun Reef - Dive Phuket Today","og_description":"Homerun Reef \u00e8 una meravigliosa immersione per concludere le tue immersioni a Racha Yai, molte dei centri che organizzano immersioni preferiscono questo sito non perch\u00e9 \u00e8 pi\u00f9 vicino al porto [&hellip;]","og_url":"https:\/\/www.divephukettoday.com\/it\/punti-di-immersione-phuket\/isola-racha-yai\/racha-yai-homerun-reef\/","og_site_name":"Dive Phuket Today","article_modified_time":"2020-08-04T06:33:17+00:00","og_image":[{"url":"https:\/\/www.divephukettoday.com\/wp-content\/uploads\/2014\/05\/Descending-on-to-Homerun-300x140.jpg","type":"","width":"","height":""}],"twitter_misc":{"Tempo di lettura stimato":"3 minuti"},"schema":{"@context":"https:\/\/schema.org","@graph":[{"@type":"WebPage","@id":"https:\/\/www.divephukettoday.com\/it\/punti-di-immersione-phuket\/isola-racha-yai\/racha-yai-homerun-reef\/","url":"https:\/\/www.divephukettoday.com\/it\/punti-di-immersione-phuket\/isola-racha-yai\/racha-yai-homerun-reef\/","name":"Homerun Reef - Dive Phuket Today","isPartOf":{"@id":"https:\/\/www.divephukettoday.com\/#website"},"primaryImageOfPage":{"@id":"https:\/\/www.divephukettoday.com\/it\/punti-di-immersione-phuket\/isola-racha-yai\/racha-yai-homerun-reef\/#primaryimage"},"image":{"@id":"https:\/\/www.divephukettoday.com\/it\/punti-di-immersione-phuket\/isola-racha-yai\/racha-yai-homerun-reef\/#primaryimage"},"thumbnailUrl":"https:\/\/www.divephukettoday.com\/wp-content\/uploads\/2014\/05\/Descending-on-to-Homerun-300x140.jpg","datePublished":"2017-09-23T23:46:17+00:00","dateModified":"2020-08-04T06:33:17+00:00","breadcrumb":{"@id":"https:\/\/www.divephukettoday.com\/it\/punti-di-immersione-phuket\/isola-racha-yai\/racha-yai-homerun-reef\/#breadcrumb"},"inLanguage":"it-IT","potentialAction":[{"@type":"ReadAction","target":["https:\/\/www.divephukettoday.com\/it\/punti-di-immersione-phuket\/isola-racha-yai\/racha-yai-homerun-reef\/"]}]},{"@type":"ImageObject","inLanguage":"it-IT","@id":"https:\/\/www.divephukettoday.com\/it\/punti-di-immersione-phuket\/isola-racha-yai\/racha-yai-homerun-reef\/#primaryimage","url":"https:\/\/www.divephukettoday.com\/wp-content\/uploads\/2014\/05\/Descending-on-to-Homerun-300x140.jpg","contentUrl":"https:\/\/www.divephukettoday.com\/wp-content\/uploads\/2014\/05\/Descending-on-to-Homerun-300x140.jpg"},{"@type":"BreadcrumbList","@id":"https:\/\/www.divephukettoday.com\/it\/punti-di-immersione-phuket\/isola-racha-yai\/racha-yai-homerun-reef\/#breadcrumb","itemListElement":[{"@type":"ListItem","position":1,"name":"Home","item":"https:\/\/www.divephukettoday.com\/it\/"},{"@type":"ListItem","position":2,"name":"Phuket","item":"https:\/\/www.divephukettoday.com\/it\/punti-di-immersione-phuket\/"},{"@type":"ListItem","position":3,"name":"Isola Racha Yai","item":"https:\/\/www.divephukettoday.com\/it\/punti-di-immersione-phuket\/isola-racha-yai\/"},{"@type":"ListItem","position":4,"name":"Homerun Reef"}]},{"@type":"WebSite","@id":"https:\/\/www.divephukettoday.com\/#website","url":"https:\/\/www.divephukettoday.com\/","name":"Dive Phuket Today","description":"Dive Phuket Today - Scuba Diving in Phuket Thailand","publisher":{"@id":"https:\/\/www.divephukettoday.com\/#organization"},"potentialAction":[{"@type":"SearchAction","target":{"@type":"EntryPoint","urlTemplate":"https:\/\/www.divephukettoday.com\/?s={search_term_string}"},"query-input":{"@type":"PropertyValueSpecification","valueRequired":true,"valueName":"search_term_string"}}],"inLanguage":"it-IT"},{"@type":"Organization","@id":"https:\/\/www.divephukettoday.com\/#organization","name":"Easy Day Thailand (ED1 Part. Ltd.)","url":"https:\/\/www.divephukettoday.com\/","logo":{"@type":"ImageObject","inLanguage":"it-IT","@id":"https:\/\/www.divephukettoday.com\/#\/schema\/logo\/image\/","url":"https:\/\/www.divephukettoday.com\/wp-content\/uploads\/2017\/09\/Documento1-2.jpg","contentUrl":"https:\/\/www.divephukettoday.com\/wp-content\/uploads\/2017\/09\/Documento1-2.jpg","width":332,"height":332,"caption":"Easy Day Thailand (ED1 Part. Ltd.)"},"image":{"@id":"https:\/\/www.divephukettoday.com\/#\/schema\/logo\/image\/"}}]}},"jetpack_sharing_enabled":true,"jetpack_shortlink":"https:\/\/wp.me\/P5RDHs-P9","_links":{"self":[{"href":"https:\/\/www.divephukettoday.com\/it\/wp-json\/wp\/v2\/pages\/3171","targetHints":{"allow":["GET"]}}],"collection":[{"href":"https:\/\/www.divephukettoday.com\/it\/wp-json\/wp\/v2\/pages"}],"about":[{"href":"https:\/\/www.divephukettoday.com\/it\/wp-json\/wp\/v2\/types\/page"}],"author":[{"embeddable":true,"href":"https:\/\/www.divephukettoday.com\/it\/wp-json\/wp\/v2\/users\/4"}],"replies":[{"embeddable":true,"href":"https:\/\/www.divephukettoday.com\/it\/wp-json\/wp\/v2\/comments?post=3171"}],"version-history":[{"count":1,"href":"https:\/\/www.divephukettoday.com\/it\/wp-json\/wp\/v2\/pages\/3171\/revisions"}],"predecessor-version":[{"id":5076,"href":"https:\/\/www.divephukettoday.com\/it\/wp-json\/wp\/v2\/pages\/3171\/revisions\/5076"}],"up":[{"embeddable":true,"href":"https:\/\/www.divephukettoday.com\/it\/wp-json\/wp\/v2\/pages\/3155"}],"wp:attachment":[{"href":"https:\/\/www.divephukettoday.com\/it\/wp-json\/wp\/v2\/media?parent=3171"}],"curies":[{"name":"wp","href":"https:\/\/api.w.org\/{rel}","templated":true}]}}