{"id":3177,"date":"2017-09-24T08:16:33","date_gmt":"2017-09-24T08:16:33","guid":{"rendered":"https:\/\/www.divephukettoday.com\/?page_id=3177"},"modified":"2020-08-04T06:33:18","modified_gmt":"2020-08-04T06:33:18","slug":"racha-yai-lucys-reef","status":"publish","type":"page","link":"https:\/\/www.divephukettoday.com\/it\/punti-di-immersione-phuket\/isola-racha-yai\/racha-yai-lucys-reef\/","title":{"rendered":"Lucy&#8217;s Reef"},"content":{"rendered":"<figure id=\"attachment_386\" aria-describedby=\"caption-attachment-386\" style=\"width: 300px\" class=\"wp-caption alignright\"><a href=\"https:\/\/www.divephukettoday.com\/wp-content\/uploads\/2014\/05\/Ribbon-Eel-Lucys-Reef-e1400141846276.jpg\"><img loading=\"lazy\" decoding=\"async\" class=\"size-medium wp-image-386\" src=\"https:\/\/www.divephukettoday.com\/wp-content\/uploads\/2014\/05\/Ribbon-Eel-Lucys-Reef-300x235.jpg\" alt=\"Ribbon Eel - Lucy's Reef\" width=\"300\" height=\"235\" \/><\/a><figcaption id=\"caption-attachment-386\" class=\"wp-caption-text\">Murena nastro blu &#8211; Lucy&#8217;s Reef<\/figcaption><\/figure>\n<p><span id=\"result_box\" class=\"\" lang=\"it\" tabindex=\"-1\">Lucy&#8217;s Reef, tradotto la Barriera di Lucy, \u00e8 il primo punto di immersione dove abbiamo avvistato una murena nastro blu. Non sappiamo se tu abbia mai incontrato questo tipo di piccola murena, ma se ti \u00e8 capitato sappiamo che puoi capire l&#8217;emoziona che abbiamo provato durante quella immersione.<\/span><\/p>\n<p>Originarie delle <span id=\"result_box\" class=\"\" lang=\"it\" tabindex=\"-1\">regioni indiane e del Pacifico, questa creatura elegante ha dei segni paricolarissimi che cambiano con il passare degli anni<\/span>.<\/p>\n<p><span id=\"result_box\" class=\"\" lang=\"it\" tabindex=\"-1\">Questi tipi di murena assomigliano a un antico drago cinese. In natura possono vivere fino a 20 anni mentre in cattivit\u00e0 (non dovrebbero mai essere messe in un acquario) non sopravvivono per pi\u00f9 di un mese perch\u00e9 rifiutano il gli spazi piccoli<\/span>.<\/p>\n<p><span id=\"result_box\" class=\"\" lang=\"it\" tabindex=\"-1\">Gli esemplari pi\u00f9 giovani raggiungono una lunghezza di un metro o poco pi\u00f9, sono neri e hanno una pinna dorsale gialla; le femmine invece sono gialle con una pinna nera e hanno segni bianchi sulle pinne; i maschi adulti sono blu con marcature gialle sulla pinna dorsale. <span class=\"\">Sono l&#8217;unica specie di murene che possono e che cambiano sesso.<\/span> Se puoi farlo ci viene da domandarci: perch\u00e9 non farlo?<\/span><\/p>\n<p>Quando iniziarai a immergerti su questo sito vedrai un sacco di massi enormi, ma non abbastanza grandi per sembrare cos\u00ec vecchi. Qui vedrai sicuramente diversi tipi di murene<span id=\"result_box\" class=\"\" lang=\"it\" tabindex=\"-1\"><span class=\"\">, ma anche molti pesci pagliaccio<\/span><\/span>.<\/p>\n<p>Qui vivono felici s<span id=\"result_box\" class=\"\" lang=\"it\" tabindex=\"-1\">erpenti marini e una vecchia tartaruga che si nutre di coralli. Una grande banco di barracuda verr\u00e0 certamente a darti una controllatina.<\/span><\/p>\n<figure id=\"attachment_387\" aria-describedby=\"caption-attachment-387\" style=\"width: 259px\" class=\"wp-caption alignright\"><img loading=\"lazy\" decoding=\"async\" class=\"size-full wp-image-387\" src=\"https:\/\/www.divephukettoday.com\/wp-content\/uploads\/2014\/05\/Titan-Triggerfish-Racha-Yai.jpg\" alt=\"Titan Triggerfish - Racha Yai\" width=\"259\" height=\"194\" \/><figcaption id=\"caption-attachment-387\" class=\"wp-caption-text\">Pesce balestra &#8211; Racha Yai<\/figcaption><\/figure>\n<p>Attenzione ai pesci balestra<span id=\"result_box\" class=\"\" lang=\"it\" tabindex=\"-1\">. Abbiamo avuto uno scontro con uno o due di loro, ma per evitarli basta non entrare nelle loro aree di nidificazione. Se dovessi imbatterti in qualcuno di loro corri a nasconderti rapidamente dietro al tuo Divemaster e lascia che sia lui a vedersela con questo scorbutico pesce<\/span>.<\/p>\n<p><span id=\"result_box\" class=\"\" lang=\"it\" tabindex=\"-1\">Tieni gli occhi bene aperti per i pesci leone, sono molto belli da guardare e hanno delle bellissime pinne con macchie bianche e marroni letali per i pesci pi\u00f9 piccoli. <span class=\"\">Portano la loro preda in una zona usando le loro pinne, dove la intrappolano e, come un fulmine, ne fanno un succulento spuntino<\/span><\/span>.<\/p>\n<p>Carangidi<span id=\"result_box\" class=\"\" lang=\"it\" tabindex=\"-1\">, carangi arcobaleno e sgombri pattugliano la zona in cerca di una preda da catturare senza misericordia, separandola dal suo banco e isolandola dal resto dei suoi compagni<\/span>.<\/p>\n<p><span id=\"result_box\" class=\"\" lang=\"it\" tabindex=\"-1\"><span class=\"\">La Barriera di Lucy \u00e8 una meravigliosa immersione ed \u00e8 un posto fantastico per completare i <a href=\"https:\/\/www.divephukettoday.com\/it\/corsi\/\">corsi di immersione<\/a> e se vuoi tuffarti qui faccelo sapere perch\u00e9 saremo molto felici di venire anche noi<\/span><\/span>. Sar\u00e0 un&#8217;occasione anche per spiegarti perch\u00e9 questo sito si chiama Lucy&#8217;s Reef, ma te lo racconteremo solo una volta che avremo concluso la nostra immersione&#8230;<\/p>\n<p><strong>Caratteristiche del punto di immersione<br \/>\n<\/strong><\/p>\n<ul>\n<li>Profondit\u00e0 massima: 24 metri<\/li>\n<li>Livello di difficolt\u00e0: adatto a tutti<\/li>\n<li>Visibilit\u00e0: da 10 a 30 metri \/ da 33 a 100 piedi<\/li>\n<li>Corrente: debole e qualche volta moderata<\/li>\n<li><span id=\"result_box\" class=\"\" lang=\"it\" tabindex=\"-1\">Caratteristiche particolari: meravigliosa vita marina<\/span> <span id=\"result_box\" class=\"\" lang=\"it\" tabindex=\"-1\"><\/span><\/li>\n<li>Consigli utili: se \u00e8 il periodo delle nidificazione guardati le spalle dal pesce balestra<\/li>\n<\/ul>\n<p><strong>Altri punti di immersione a Racha Yai:<\/strong><\/p>\n<ul>\n<li><strong>Homerun<\/strong><\/li>\n<li><strong>Lucy\u2019s Reef<\/strong><\/li>\n<li><strong>Marla\u2019s Mystery<\/strong><\/li>\n<li><a title=\"Racha Yai \u2013 Siam Bay\" href=\"https:\/\/www.divephukettoday.com\/phuket-dive-sites\/racha-yai\/racha-yai-siam-bay\/\" target=\"_blank\" rel=\"noopener noreferrer\"><strong>Siam Bay<\/strong><\/a><\/li>\n<li><strong>Bungalow Bay<\/strong><\/li>\n<\/ul>\n","protected":false},"excerpt":{"rendered":"<p>Lucy&#8217;s Reef, tradotto la Barriera di Lucy, \u00e8 il primo punto di immersione dove abbiamo avvistato una murena nastro blu. Non sappiamo se tu abbia mai incontrato questo tipo di [&hellip;]<\/p>\n","protected":false},"author":4,"featured_media":0,"parent":3155,"menu_order":0,"comment_status":"open","ping_status":"open","template":"","meta":{"_et_pb_use_builder":"","_et_pb_old_content":"","_et_gb_content_width":"","content-type":"","footnotes":""},"class_list":["post-3177","page","type-page","status-publish","hentry"],"yoast_head":"<!-- This site is optimized with the Yoast SEO plugin v25.1 - https:\/\/yoast.com\/wordpress\/plugins\/seo\/ -->\n<title>Lucy&#039;s Reef - Dive Phuket Today<\/title>\n<meta name=\"robots\" content=\"index, follow, max-snippet:-1, max-image-preview:large, max-video-preview:-1\" \/>\n<link rel=\"canonical\" href=\"https:\/\/www.divephukettoday.com\/it\/punti-di-immersione-phuket\/isola-racha-yai\/racha-yai-lucys-reef\/\" \/>\n<meta property=\"og:locale\" content=\"it_IT\" \/>\n<meta property=\"og:type\" content=\"article\" \/>\n<meta property=\"og:title\" content=\"Lucy&#039;s Reef - Dive Phuket Today\" \/>\n<meta property=\"og:description\" content=\"Lucy&#8217;s Reef, tradotto la Barriera di Lucy, \u00e8 il primo punto di immersione dove abbiamo avvistato una murena nastro blu. Non sappiamo se tu abbia mai incontrato questo tipo di [&hellip;]\" \/>\n<meta property=\"og:url\" content=\"https:\/\/www.divephukettoday.com\/it\/punti-di-immersione-phuket\/isola-racha-yai\/racha-yai-lucys-reef\/\" \/>\n<meta property=\"og:site_name\" content=\"Dive Phuket Today\" \/>\n<meta property=\"article:modified_time\" content=\"2020-08-04T06:33:18+00:00\" \/>\n<meta property=\"og:image\" content=\"https:\/\/www.divephukettoday.com\/wp-content\/uploads\/2014\/05\/Ribbon-Eel-Lucys-Reef-300x235.jpg\" \/>\n<meta name=\"twitter:label1\" content=\"Tempo di lettura stimato\" \/>\n\t<meta name=\"twitter:data1\" content=\"3 minuti\" \/>\n<script type=\"application\/ld+json\" class=\"yoast-schema-graph\">{\"@context\":\"https:\/\/schema.org\",\"@graph\":[{\"@type\":\"WebPage\",\"@id\":\"https:\/\/www.divephukettoday.com\/it\/punti-di-immersione-phuket\/isola-racha-yai\/racha-yai-lucys-reef\/\",\"url\":\"https:\/\/www.divephukettoday.com\/it\/punti-di-immersione-phuket\/isola-racha-yai\/racha-yai-lucys-reef\/\",\"name\":\"Lucy's Reef - Dive Phuket Today\",\"isPartOf\":{\"@id\":\"https:\/\/www.divephukettoday.com\/#website\"},\"primaryImageOfPage\":{\"@id\":\"https:\/\/www.divephukettoday.com\/it\/punti-di-immersione-phuket\/isola-racha-yai\/racha-yai-lucys-reef\/#primaryimage\"},\"image\":{\"@id\":\"https:\/\/www.divephukettoday.com\/it\/punti-di-immersione-phuket\/isola-racha-yai\/racha-yai-lucys-reef\/#primaryimage\"},\"thumbnailUrl\":\"https:\/\/www.divephukettoday.com\/wp-content\/uploads\/2014\/05\/Ribbon-Eel-Lucys-Reef-300x235.jpg\",\"datePublished\":\"2017-09-24T08:16:33+00:00\",\"dateModified\":\"2020-08-04T06:33:18+00:00\",\"breadcrumb\":{\"@id\":\"https:\/\/www.divephukettoday.com\/it\/punti-di-immersione-phuket\/isola-racha-yai\/racha-yai-lucys-reef\/#breadcrumb\"},\"inLanguage\":\"it-IT\",\"potentialAction\":[{\"@type\":\"ReadAction\",\"target\":[\"https:\/\/www.divephukettoday.com\/it\/punti-di-immersione-phuket\/isola-racha-yai\/racha-yai-lucys-reef\/\"]}]},{\"@type\":\"ImageObject\",\"inLanguage\":\"it-IT\",\"@id\":\"https:\/\/www.divephukettoday.com\/it\/punti-di-immersione-phuket\/isola-racha-yai\/racha-yai-lucys-reef\/#primaryimage\",\"url\":\"https:\/\/www.divephukettoday.com\/wp-content\/uploads\/2014\/05\/Ribbon-Eel-Lucys-Reef-300x235.jpg\",\"contentUrl\":\"https:\/\/www.divephukettoday.com\/wp-content\/uploads\/2014\/05\/Ribbon-Eel-Lucys-Reef-300x235.jpg\"},{\"@type\":\"BreadcrumbList\",\"@id\":\"https:\/\/www.divephukettoday.com\/it\/punti-di-immersione-phuket\/isola-racha-yai\/racha-yai-lucys-reef\/#breadcrumb\",\"itemListElement\":[{\"@type\":\"ListItem\",\"position\":1,\"name\":\"Home\",\"item\":\"https:\/\/www.divephukettoday.com\/it\/\"},{\"@type\":\"ListItem\",\"position\":2,\"name\":\"Phuket\",\"item\":\"https:\/\/www.divephukettoday.com\/it\/punti-di-immersione-phuket\/\"},{\"@type\":\"ListItem\",\"position\":3,\"name\":\"Isola Racha Yai\",\"item\":\"https:\/\/www.divephukettoday.com\/it\/punti-di-immersione-phuket\/isola-racha-yai\/\"},{\"@type\":\"ListItem\",\"position\":4,\"name\":\"Lucy&#8217;s Reef\"}]},{\"@type\":\"WebSite\",\"@id\":\"https:\/\/www.divephukettoday.com\/#website\",\"url\":\"https:\/\/www.divephukettoday.com\/\",\"name\":\"Dive Phuket Today\",\"description\":\"Dive Phuket Today - Scuba Diving in Phuket Thailand\",\"publisher\":{\"@id\":\"https:\/\/www.divephukettoday.com\/#organization\"},\"potentialAction\":[{\"@type\":\"SearchAction\",\"target\":{\"@type\":\"EntryPoint\",\"urlTemplate\":\"https:\/\/www.divephukettoday.com\/?s={search_term_string}\"},\"query-input\":{\"@type\":\"PropertyValueSpecification\",\"valueRequired\":true,\"valueName\":\"search_term_string\"}}],\"inLanguage\":\"it-IT\"},{\"@type\":\"Organization\",\"@id\":\"https:\/\/www.divephukettoday.com\/#organization\",\"name\":\"Easy Day Thailand (ED1 Part. Ltd.)\",\"url\":\"https:\/\/www.divephukettoday.com\/\",\"logo\":{\"@type\":\"ImageObject\",\"inLanguage\":\"it-IT\",\"@id\":\"https:\/\/www.divephukettoday.com\/#\/schema\/logo\/image\/\",\"url\":\"https:\/\/www.divephukettoday.com\/wp-content\/uploads\/2017\/09\/Documento1-2.jpg\",\"contentUrl\":\"https:\/\/www.divephukettoday.com\/wp-content\/uploads\/2017\/09\/Documento1-2.jpg\",\"width\":332,\"height\":332,\"caption\":\"Easy Day Thailand (ED1 Part. Ltd.)\"},\"image\":{\"@id\":\"https:\/\/www.divephukettoday.com\/#\/schema\/logo\/image\/\"}}]}<\/script>\n<!-- \/ Yoast SEO plugin. -->","yoast_head_json":{"title":"Lucy's Reef - Dive Phuket Today","robots":{"index":"index","follow":"follow","max-snippet":"max-snippet:-1","max-image-preview":"max-image-preview:large","max-video-preview":"max-video-preview:-1"},"canonical":"https:\/\/www.divephukettoday.com\/it\/punti-di-immersione-phuket\/isola-racha-yai\/racha-yai-lucys-reef\/","og_locale":"it_IT","og_type":"article","og_title":"Lucy's Reef - Dive Phuket Today","og_description":"Lucy&#8217;s Reef, tradotto la Barriera di Lucy, \u00e8 il primo punto di immersione dove abbiamo avvistato una murena nastro blu. Non sappiamo se tu abbia mai incontrato questo tipo di [&hellip;]","og_url":"https:\/\/www.divephukettoday.com\/it\/punti-di-immersione-phuket\/isola-racha-yai\/racha-yai-lucys-reef\/","og_site_name":"Dive Phuket Today","article_modified_time":"2020-08-04T06:33:18+00:00","og_image":[{"url":"https:\/\/www.divephukettoday.com\/wp-content\/uploads\/2014\/05\/Ribbon-Eel-Lucys-Reef-300x235.jpg","type":"","width":"","height":""}],"twitter_misc":{"Tempo di lettura stimato":"3 minuti"},"schema":{"@context":"https:\/\/schema.org","@graph":[{"@type":"WebPage","@id":"https:\/\/www.divephukettoday.com\/it\/punti-di-immersione-phuket\/isola-racha-yai\/racha-yai-lucys-reef\/","url":"https:\/\/www.divephukettoday.com\/it\/punti-di-immersione-phuket\/isola-racha-yai\/racha-yai-lucys-reef\/","name":"Lucy's Reef - Dive Phuket Today","isPartOf":{"@id":"https:\/\/www.divephukettoday.com\/#website"},"primaryImageOfPage":{"@id":"https:\/\/www.divephukettoday.com\/it\/punti-di-immersione-phuket\/isola-racha-yai\/racha-yai-lucys-reef\/#primaryimage"},"image":{"@id":"https:\/\/www.divephukettoday.com\/it\/punti-di-immersione-phuket\/isola-racha-yai\/racha-yai-lucys-reef\/#primaryimage"},"thumbnailUrl":"https:\/\/www.divephukettoday.com\/wp-content\/uploads\/2014\/05\/Ribbon-Eel-Lucys-Reef-300x235.jpg","datePublished":"2017-09-24T08:16:33+00:00","dateModified":"2020-08-04T06:33:18+00:00","breadcrumb":{"@id":"https:\/\/www.divephukettoday.com\/it\/punti-di-immersione-phuket\/isola-racha-yai\/racha-yai-lucys-reef\/#breadcrumb"},"inLanguage":"it-IT","potentialAction":[{"@type":"ReadAction","target":["https:\/\/www.divephukettoday.com\/it\/punti-di-immersione-phuket\/isola-racha-yai\/racha-yai-lucys-reef\/"]}]},{"@type":"ImageObject","inLanguage":"it-IT","@id":"https:\/\/www.divephukettoday.com\/it\/punti-di-immersione-phuket\/isola-racha-yai\/racha-yai-lucys-reef\/#primaryimage","url":"https:\/\/www.divephukettoday.com\/wp-content\/uploads\/2014\/05\/Ribbon-Eel-Lucys-Reef-300x235.jpg","contentUrl":"https:\/\/www.divephukettoday.com\/wp-content\/uploads\/2014\/05\/Ribbon-Eel-Lucys-Reef-300x235.jpg"},{"@type":"BreadcrumbList","@id":"https:\/\/www.divephukettoday.com\/it\/punti-di-immersione-phuket\/isola-racha-yai\/racha-yai-lucys-reef\/#breadcrumb","itemListElement":[{"@type":"ListItem","position":1,"name":"Home","item":"https:\/\/www.divephukettoday.com\/it\/"},{"@type":"ListItem","position":2,"name":"Phuket","item":"https:\/\/www.divephukettoday.com\/it\/punti-di-immersione-phuket\/"},{"@type":"ListItem","position":3,"name":"Isola Racha Yai","item":"https:\/\/www.divephukettoday.com\/it\/punti-di-immersione-phuket\/isola-racha-yai\/"},{"@type":"ListItem","position":4,"name":"Lucy&#8217;s Reef"}]},{"@type":"WebSite","@id":"https:\/\/www.divephukettoday.com\/#website","url":"https:\/\/www.divephukettoday.com\/","name":"Dive Phuket Today","description":"Dive Phuket Today - Scuba Diving in Phuket Thailand","publisher":{"@id":"https:\/\/www.divephukettoday.com\/#organization"},"potentialAction":[{"@type":"SearchAction","target":{"@type":"EntryPoint","urlTemplate":"https:\/\/www.divephukettoday.com\/?s={search_term_string}"},"query-input":{"@type":"PropertyValueSpecification","valueRequired":true,"valueName":"search_term_string"}}],"inLanguage":"it-IT"},{"@type":"Organization","@id":"https:\/\/www.divephukettoday.com\/#organization","name":"Easy Day Thailand (ED1 Part. Ltd.)","url":"https:\/\/www.divephukettoday.com\/","logo":{"@type":"ImageObject","inLanguage":"it-IT","@id":"https:\/\/www.divephukettoday.com\/#\/schema\/logo\/image\/","url":"https:\/\/www.divephukettoday.com\/wp-content\/uploads\/2017\/09\/Documento1-2.jpg","contentUrl":"https:\/\/www.divephukettoday.com\/wp-content\/uploads\/2017\/09\/Documento1-2.jpg","width":332,"height":332,"caption":"Easy Day Thailand (ED1 Part. Ltd.)"},"image":{"@id":"https:\/\/www.divephukettoday.com\/#\/schema\/logo\/image\/"}}]}},"jetpack_sharing_enabled":true,"jetpack_shortlink":"https:\/\/wp.me\/P5RDHs-Pf","_links":{"self":[{"href":"https:\/\/www.divephukettoday.com\/it\/wp-json\/wp\/v2\/pages\/3177","targetHints":{"allow":["GET"]}}],"collection":[{"href":"https:\/\/www.divephukettoday.com\/it\/wp-json\/wp\/v2\/pages"}],"about":[{"href":"https:\/\/www.divephukettoday.com\/it\/wp-json\/wp\/v2\/types\/page"}],"author":[{"embeddable":true,"href":"https:\/\/www.divephukettoday.com\/it\/wp-json\/wp\/v2\/users\/4"}],"replies":[{"embeddable":true,"href":"https:\/\/www.divephukettoday.com\/it\/wp-json\/wp\/v2\/comments?post=3177"}],"version-history":[{"count":1,"href":"https:\/\/www.divephukettoday.com\/it\/wp-json\/wp\/v2\/pages\/3177\/revisions"}],"predecessor-version":[{"id":5096,"href":"https:\/\/www.divephukettoday.com\/it\/wp-json\/wp\/v2\/pages\/3177\/revisions\/5096"}],"up":[{"embeddable":true,"href":"https:\/\/www.divephukettoday.com\/it\/wp-json\/wp\/v2\/pages\/3155"}],"wp:attachment":[{"href":"https:\/\/www.divephukettoday.com\/it\/wp-json\/wp\/v2\/media?parent=3177"}],"curies":[{"name":"wp","href":"https:\/\/api.w.org\/{rel}","templated":true}]}}